{"id":17703,"date":"2025-07-22T14:46:13","date_gmt":"2025-07-22T11:46:13","guid":{"rendered":"https:\/\/ceoparts.com\/?post_type=product&#038;p=17703"},"modified":"2026-05-16T10:56:54","modified_gmt":"2026-05-16T07:56:54","slug":"406x170-110-stellana-vulkollan-yuruyus-tekeri-0009903901","status":"publish","type":"product","link":"https:\/\/ceoparts.com\/tr\/urun\/406x170-110-stellana-vulkollan-yuruyus-tekeri-0009903901\/","title":{"rendered":"406&#215;170-110 Stellana Vulkollan Y\u00fcr\u00fcy\u00fc\u015f Tekeri &#8211; 0009903901"},"content":{"rendered":"<p>406&#215;170-110 Stellana Vulkollan Y\u00fcr\u00fcy\u00fc\u015f Tekeri &#8211; 0009903901<\/p>\n<p>406&#215;170-110<\/p>\n<p>Still 8435086 Crown 149214-001 Linde 0009903901<\/p>\n<p>Still MX-X Seria 6123<\/p>\n<p>Crown TSP6500 Seria 1A397<\/p>","protected":false},"excerpt":{"rendered":"<p data-start=\"266\" data-end=\"634\"><strong data-start=\"266\" data-end=\"328\">406&#215;170-110 Stellana Vulkollan Y\u00fcr\u00fcy\u00fc\u015f Tekeri \u2013 0009903901<\/strong><br data-start=\"328\" data-end=\"331\" \/>Stellana \u00fcretimi bu y\u00fcksek kaliteli Vulkollan y\u00fcr\u00fcy\u00fc\u015f tekeri, a\u011f\u0131r hizmet tipi forkliftler ve end\u00fcstriyel ta\u015f\u0131ma sistemleri i\u00e7in tasarlanm\u0131\u015ft\u0131r. Vulkollan malzemesi sayesinde a\u015f\u0131nmaya, y\u00fcke ve darbelere kar\u015f\u0131 \u00fcst\u00fcn diren\u00e7 sunar. Sessiz \u00e7al\u0131\u015fma, y\u00fcksek ta\u015f\u0131ma kapasitesi ve uzun \u00f6m\u00fcrl\u00fc performans sa\u011flar.<\/p>\n<p data-start=\"636\" data-end=\"877\"><strong data-start=\"636\" data-end=\"658\">Teknik \u00d6zellikler:<\/strong><br data-start=\"658\" data-end=\"661\" \/>\u2022 \u00d6l\u00e7\u00fc: 406&#215;170-110<br data-start=\"680\" data-end=\"683\" \/>\u2022 Malzeme: Vulkollan<br data-start=\"703\" data-end=\"706\" \/>\u2022 Marka: Stellana<br data-start=\"723\" data-end=\"726\" \/>\u2022 Par\u00e7a Kodu: 0009903901<br data-start=\"750\" data-end=\"753\" \/>\u2022 Kullan\u0131m Alan\u0131: A\u011f\u0131r hizmet tipi forkliftler ve end\u00fcstriyel ara\u00e7lar<br data-start=\"822\" data-end=\"825\" \/>\u2022 \u00d6zellik: Y\u00fcksek dayan\u0131m, sessiz ve verimli \u00e7al\u0131\u015fma<\/p>\n","protected":false},"featured_media":17708,"template":"","meta":[],"product_brand":[],"product_cat":[246,249,272,275,416,418,193],"product_tag":[],"class_list":{"0":"post-17703","1":"product","2":"type-product","3":"status-publish","4":"has-post-thumbnail","6":"product_cat-linde","7":"product_cat-yuruyus-tekeri-linde","8":"product_cat-crown","9":"product_cat-yuruyus-tekeri-crown","10":"product_cat-stellana","11":"product_cat-yuruyus-tekeri-stellana","12":"product_cat-yuruyus-tekeri","14":"first","15":"instock","16":"taxable","17":"shipping-taxable","18":"purchasable","19":"product-type-simple"},"_links":{"self":[{"href":"https:\/\/ceoparts.com\/tr\/wp-json\/wp\/v2\/product\/17703","targetHints":{"allow":["GET"]}}],"collection":[{"href":"https:\/\/ceoparts.com\/tr\/wp-json\/wp\/v2\/product"}],"about":[{"href":"https:\/\/ceoparts.com\/tr\/wp-json\/wp\/v2\/types\/product"}],"wp:featuredmedia":[{"embeddable":true,"href":"https:\/\/ceoparts.com\/tr\/wp-json\/wp\/v2\/media\/17708"}],"wp:attachment":[{"href":"https:\/\/ceoparts.com\/tr\/wp-json\/wp\/v2\/media?parent=17703"}],"wp:term":[{"taxonomy":"product_brand","embeddable":true,"href":"https:\/\/ceoparts.com\/tr\/wp-json\/wp\/v2\/product_brand?post=17703"},{"taxonomy":"product_cat","embeddable":true,"href":"https:\/\/ceoparts.com\/tr\/wp-json\/wp\/v2\/product_cat?post=17703"},{"taxonomy":"product_tag","embeddable":true,"href":"https:\/\/ceoparts.com\/tr\/wp-json\/wp\/v2\/product_tag?post=17703"}],"curies":[{"name":"wp","href":"https:\/\/api.w.org\/{rel}","templated":true}]}}