{"id":17715,"date":"2025-07-22T15:22:23","date_gmt":"2025-07-22T12:22:23","guid":{"rendered":"https:\/\/ceoparts.com\/?post_type=product&#038;p=17715"},"modified":"2026-05-16T18:10:55","modified_gmt":"2026-05-16T15:10:55","slug":"250x70-55-yuruyus-tekeri-582103298","status":"publish","type":"product","link":"https:\/\/ceoparts.com\/tr\/urun\/250x70-55-yuruyus-tekeri-582103298\/","title":{"rendered":"250&#215;70-55 Y\u00fcr\u00fcy\u00fc\u015f Tekeri &#8211; 582103298"},"content":{"rendered":"<p>250&#215;70-55 Y\u00fcr\u00fcy\u00fc\u015f Tekeri &#8211; 582103298<\/p>","protected":false},"excerpt":{"rendered":"<p data-start=\"296\" data-end=\"563\">Forklift ve end\u00fcstriyel ta\u015f\u0131ma ekipmanlar\u0131 i\u00e7in uygun, y\u00fcksek dayan\u0131ml\u0131 y\u00fcr\u00fcy\u00fc\u015f tekeridir. A\u015f\u0131nmaya ve darbelere kar\u015f\u0131 diren\u00e7li yap\u0131s\u0131yla uzun \u00f6m\u00fcrl\u00fc kullan\u0131m sunar. Hassas \u00fcretim toleranslar\u0131 sayesinde m\u00fckemmel uyum sa\u011flar.<\/p>\n<p data-start=\"565\" data-end=\"773\"><strong data-start=\"565\" data-end=\"580\">\u00d6zellikler:<\/strong><br data-start=\"580\" data-end=\"583\" \/>\u2022 \u00d6l\u00e7\u00fc: 250\u00d770-55<br data-start=\"600\" data-end=\"603\" \/>\u2022 Uygulama: Y\u00fcr\u00fcy\u00fc\u015f Tekeri<br data-start=\"629\" data-end=\"632\" \/>\u2022 Par\u00e7a Kodu: 582103298<br data-start=\"655\" data-end=\"658\" \/>\u2022 Kullan\u0131m Alan\u0131: Forklift ve end\u00fcstriyel ta\u015f\u0131ma ara\u00e7lar\u0131<br data-start=\"715\" data-end=\"718\" \/>\u2022 Dayan\u0131kl\u0131l\u0131k: A\u015f\u0131nma ve darbeye kar\u015f\u0131 y\u00fcksek diren\u00e7<\/p>\n","protected":false},"featured_media":17720,"template":"","meta":[],"product_brand":[],"product_cat":[193],"product_tag":[],"class_list":{"0":"post-17715","1":"product","2":"type-product","3":"status-publish","4":"has-post-thumbnail","6":"product_cat-yuruyus-tekeri","8":"first","9":"instock","10":"taxable","11":"shipping-taxable","12":"purchasable","13":"product-type-simple"},"_links":{"self":[{"href":"https:\/\/ceoparts.com\/tr\/wp-json\/wp\/v2\/product\/17715","targetHints":{"allow":["GET"]}}],"collection":[{"href":"https:\/\/ceoparts.com\/tr\/wp-json\/wp\/v2\/product"}],"about":[{"href":"https:\/\/ceoparts.com\/tr\/wp-json\/wp\/v2\/types\/product"}],"wp:featuredmedia":[{"embeddable":true,"href":"https:\/\/ceoparts.com\/tr\/wp-json\/wp\/v2\/media\/17720"}],"wp:attachment":[{"href":"https:\/\/ceoparts.com\/tr\/wp-json\/wp\/v2\/media?parent=17715"}],"wp:term":[{"taxonomy":"product_brand","embeddable":true,"href":"https:\/\/ceoparts.com\/tr\/wp-json\/wp\/v2\/product_brand?post=17715"},{"taxonomy":"product_cat","embeddable":true,"href":"https:\/\/ceoparts.com\/tr\/wp-json\/wp\/v2\/product_cat?post=17715"},{"taxonomy":"product_tag","embeddable":true,"href":"https:\/\/ceoparts.com\/tr\/wp-json\/wp\/v2\/product_tag?post=17715"}],"curies":[{"name":"wp","href":"https:\/\/api.w.org\/{rel}","templated":true}]}}