{"id":17754,"date":"2025-07-24T15:56:43","date_gmt":"2025-07-24T12:56:43","guid":{"rendered":"https:\/\/ceoparts.com\/?post_type=product&#038;p=17754"},"modified":"2026-05-16T16:07:38","modified_gmt":"2026-05-16T13:07:38","slug":"crown-on-kapak","status":"publish","type":"product","link":"https:\/\/ceoparts.com\/tr\/urun\/crown-on-kapak\/","title":{"rendered":"Crown \u00d6n Kapak"},"content":{"rendered":"<p>Crown \u00d6n Kapak<\/p>","protected":false},"excerpt":{"rendered":"<p data-start=\"124\" data-end=\"416\">Crown marka forklift ve elektrikli transpalet modelleriyle uyumlu bu \u00f6n kapak, cihaz\u0131n \u00f6n b\u00f6l\u00fcm\u00fcn\u00fc d\u0131\u015f etkenlere kar\u015f\u0131 korumak i\u00e7in tasarlanm\u0131\u015ft\u0131r. Darbelere dayan\u0131kl\u0131 yap\u0131s\u0131 sayesinde i\u00e7 bile\u015fenlerin g\u00fcvenli\u011fini art\u0131r\u0131r. Orijinal yedek par\u00e7a olarak y\u00fcksek uyum ve uzun \u00f6m\u00fcrl\u00fc kullan\u0131m sunar.<\/p>\n<p data-start=\"418\" data-end=\"440\"><strong data-start=\"418\" data-end=\"440\">Teknik \u00d6zellikler:<\/strong><\/p>\n<ul data-start=\"441\" data-end=\"596\">\n<li data-start=\"441\" data-end=\"464\">\n<p data-start=\"443\" data-end=\"464\">Uyumlu Marka: Crown<\/p>\n<\/li>\n<li data-start=\"465\" data-end=\"489\">\n<p data-start=\"467\" data-end=\"489\">Par\u00e7a Tipi: \u00d6n Kapak<\/p>\n<\/li>\n<li data-start=\"490\" data-end=\"515\">\n<p data-start=\"492\" data-end=\"515\">Konum: Ara\u00e7 \u00f6n b\u00f6l\u00fcm\u00fc<\/p>\n<\/li>\n<li data-start=\"516\" data-end=\"548\">\n<p data-start=\"518\" data-end=\"548\">Durum: Yeni \/ Orijinal Par\u00e7a<\/p>\n<\/li>\n<li data-start=\"549\" data-end=\"596\">\n<p data-start=\"551\" data-end=\"596\">Malzeme: Dayan\u0131kl\u0131 ABS plastik veya benzeri<\/p>\n<\/li>\n<\/ul>\n","protected":false},"featured_media":17757,"template":"","meta":[],"product_brand":[],"product_cat":[272,472],"product_tag":[],"class_list":{"0":"post-17754","1":"product","2":"type-product","3":"status-publish","4":"has-post-thumbnail","6":"product_cat-crown","7":"product_cat-kaporta-aksami","9":"first","10":"instock","11":"taxable","12":"shipping-taxable","13":"purchasable","14":"product-type-simple"},"_links":{"self":[{"href":"https:\/\/ceoparts.com\/tr\/wp-json\/wp\/v2\/product\/17754","targetHints":{"allow":["GET"]}}],"collection":[{"href":"https:\/\/ceoparts.com\/tr\/wp-json\/wp\/v2\/product"}],"about":[{"href":"https:\/\/ceoparts.com\/tr\/wp-json\/wp\/v2\/types\/product"}],"wp:featuredmedia":[{"embeddable":true,"href":"https:\/\/ceoparts.com\/tr\/wp-json\/wp\/v2\/media\/17757"}],"wp:attachment":[{"href":"https:\/\/ceoparts.com\/tr\/wp-json\/wp\/v2\/media?parent=17754"}],"wp:term":[{"taxonomy":"product_brand","embeddable":true,"href":"https:\/\/ceoparts.com\/tr\/wp-json\/wp\/v2\/product_brand?post=17754"},{"taxonomy":"product_cat","embeddable":true,"href":"https:\/\/ceoparts.com\/tr\/wp-json\/wp\/v2\/product_cat?post=17754"},{"taxonomy":"product_tag","embeddable":true,"href":"https:\/\/ceoparts.com\/tr\/wp-json\/wp\/v2\/product_tag?post=17754"}],"curies":[{"name":"wp","href":"https:\/\/api.w.org\/{rel}","templated":true}]}}