{"id":17782,"date":"2025-07-24T17:06:10","date_gmt":"2025-07-24T14:06:10","guid":{"rendered":"https:\/\/ceoparts.com\/?post_type=product&#038;p=17782"},"modified":"2026-05-16T12:32:35","modified_gmt":"2026-05-16T09:32:35","slug":"crown-arka-kol","status":"publish","type":"product","link":"https:\/\/ceoparts.com\/tr\/urun\/crown-arka-kol\/","title":{"rendered":"Crown Arka Kol"},"content":{"rendered":"<p>Crown Arka Kol<\/p>","protected":false},"excerpt":{"rendered":"<p data-start=\"367\" data-end=\"640\">Crown forklift ve transpalet modelleriyle uyumlu arka kol, mekanik sistemin hareketli par\u00e7alar\u0131 aras\u0131nda yer al\u0131r ve y\u00f6nlendirme, y\u00fck ta\u015f\u0131ma ya da dengeleme g\u00f6revlerini destekler. Y\u00fcksek kaliteli malzemeden \u00fcretilmi\u015ftir ve dayan\u0131kl\u0131 yap\u0131s\u0131yla uzun s\u00fcreli performans sa\u011flar.<\/p>\n<p data-start=\"642\" data-end=\"664\"><strong data-start=\"642\" data-end=\"664\">Teknik \u00d6zellikler:<\/strong><\/p>\n<ul data-start=\"665\" data-end=\"847\">\n<li data-start=\"665\" data-end=\"688\">\n<p data-start=\"667\" data-end=\"688\">Uyumlu Marka: Crown<\/p>\n<\/li>\n<li data-start=\"689\" data-end=\"713\">\n<p data-start=\"691\" data-end=\"713\">Par\u00e7a Tipi: Arka Kol<\/p>\n<\/li>\n<li data-start=\"714\" data-end=\"770\">\n<p data-start=\"716\" data-end=\"770\">Kullan\u0131m Alan\u0131: Hareketli mekanizma \/ dengeleme kolu<\/p>\n<\/li>\n<li data-start=\"771\" data-end=\"813\">\n<p data-start=\"773\" data-end=\"813\">Malzeme: \u00c7elik ala\u015f\u0131m veya d\u00f6k\u00fcm metal<\/p>\n<\/li>\n<li data-start=\"814\" data-end=\"847\">\n<p data-start=\"816\" data-end=\"847\">Durum: Yeni \/ Orijinal uyumlu<\/p>\n<\/li>\n<\/ul>\n","protected":false},"featured_media":17783,"template":"","meta":[],"product_brand":[],"product_cat":[272,472,519],"product_tag":[],"class_list":{"0":"post-17782","1":"product","2":"type-product","3":"status-publish","4":"has-post-thumbnail","6":"product_cat-crown","7":"product_cat-kaporta-aksami","8":"product_cat-yedek-parca-crown","10":"first","11":"instock","12":"taxable","13":"shipping-taxable","14":"purchasable","15":"product-type-simple"},"_links":{"self":[{"href":"https:\/\/ceoparts.com\/tr\/wp-json\/wp\/v2\/product\/17782","targetHints":{"allow":["GET"]}}],"collection":[{"href":"https:\/\/ceoparts.com\/tr\/wp-json\/wp\/v2\/product"}],"about":[{"href":"https:\/\/ceoparts.com\/tr\/wp-json\/wp\/v2\/types\/product"}],"wp:featuredmedia":[{"embeddable":true,"href":"https:\/\/ceoparts.com\/tr\/wp-json\/wp\/v2\/media\/17783"}],"wp:attachment":[{"href":"https:\/\/ceoparts.com\/tr\/wp-json\/wp\/v2\/media?parent=17782"}],"wp:term":[{"taxonomy":"product_brand","embeddable":true,"href":"https:\/\/ceoparts.com\/tr\/wp-json\/wp\/v2\/product_brand?post=17782"},{"taxonomy":"product_cat","embeddable":true,"href":"https:\/\/ceoparts.com\/tr\/wp-json\/wp\/v2\/product_cat?post=17782"},{"taxonomy":"product_tag","embeddable":true,"href":"https:\/\/ceoparts.com\/tr\/wp-json\/wp\/v2\/product_tag?post=17782"}],"curies":[{"name":"wp","href":"https:\/\/api.w.org\/{rel}","templated":true}]}}