{"id":17871,"date":"2025-07-29T15:33:40","date_gmt":"2025-07-29T12:33:40","guid":{"rendered":"https:\/\/ceoparts.com\/?post_type=product&#038;p=17871"},"modified":"2026-05-16T13:14:43","modified_gmt":"2026-05-16T10:14:43","slug":"still-asansor-sensoru","status":"publish","type":"product","link":"https:\/\/ceoparts.com\/tr\/urun\/still-asansor-sensoru\/","title":{"rendered":"Still Asans\u00f6r Sens\u00f6r\u00fc"},"content":{"rendered":"<p>Still Asans\u00f6r Sens\u00f6r\u00fc<\/p>","protected":false},"excerpt":{"rendered":"<p data-start=\"112\" data-end=\"344\">Still Asans\u00f6r Sens\u00f6r\u00fc, forkliftlerde kald\u0131rma ve indirme hareketlerinin hassas \u015fekilde kontrol edilmesini sa\u011flayan \u00f6nemli bir par\u00e7ad\u0131r. Bu sens\u00f6r, g\u00fcvenli\u011fi art\u0131r\u0131rken ayn\u0131 zamanda makinenin performans\u0131n\u0131 da optimize eder.<\/p>\n<p data-start=\"346\" data-end=\"362\"><strong data-start=\"346\" data-end=\"360\">\u00d6zellikler<\/strong><\/p>\n<ul data-start=\"363\" data-end=\"587\">\n<li data-start=\"363\" data-end=\"402\">\n<p data-start=\"365\" data-end=\"402\"><strong data-start=\"365\" data-end=\"378\">\u00dcr\u00fcn Ad\u0131:<\/strong> Still Asans\u00f6r Sens\u00f6r\u00fc<\/p>\n<\/li>\n<li data-start=\"403\" data-end=\"430\">\n<p data-start=\"405\" data-end=\"430\"><strong data-start=\"405\" data-end=\"420\">Par\u00e7a Kodu:<\/strong> 9456732<\/p>\n<\/li>\n<li data-start=\"431\" data-end=\"477\">\n<p data-start=\"433\" data-end=\"477\"><strong data-start=\"433\" data-end=\"445\">Malzeme:<\/strong> Elektronik sens\u00f6r bile\u015fenleri<\/p>\n<\/li>\n<li data-start=\"478\" data-end=\"525\">\n<p data-start=\"480\" data-end=\"525\"><strong data-start=\"480\" data-end=\"499\">Kullan\u0131m Alan\u0131:<\/strong> Still marka forkliftler<\/p>\n<\/li>\n<li data-start=\"526\" data-end=\"587\">\n<p data-start=\"528\" data-end=\"587\"><strong data-start=\"528\" data-end=\"540\">Avantaj:<\/strong> Hassas kontrol, y\u00fcksek g\u00fcvenlik ve uzun \u00f6m\u00fcr<\/p>\n<\/li>\n<\/ul>\n","protected":false},"featured_media":17872,"template":"","meta":[],"product_brand":[],"product_cat":[241,469,524],"product_tag":[],"class_list":{"0":"post-17871","1":"product","2":"type-product","3":"status-publish","4":"has-post-thumbnail","6":"product_cat-still","7":"product_cat-elektrik-ve-sistem-parcalari","8":"product_cat-yedek-parca-still","10":"first","11":"instock","12":"taxable","13":"shipping-taxable","14":"purchasable","15":"product-type-simple"},"_links":{"self":[{"href":"https:\/\/ceoparts.com\/tr\/wp-json\/wp\/v2\/product\/17871","targetHints":{"allow":["GET"]}}],"collection":[{"href":"https:\/\/ceoparts.com\/tr\/wp-json\/wp\/v2\/product"}],"about":[{"href":"https:\/\/ceoparts.com\/tr\/wp-json\/wp\/v2\/types\/product"}],"wp:featuredmedia":[{"embeddable":true,"href":"https:\/\/ceoparts.com\/tr\/wp-json\/wp\/v2\/media\/17872"}],"wp:attachment":[{"href":"https:\/\/ceoparts.com\/tr\/wp-json\/wp\/v2\/media?parent=17871"}],"wp:term":[{"taxonomy":"product_brand","embeddable":true,"href":"https:\/\/ceoparts.com\/tr\/wp-json\/wp\/v2\/product_brand?post=17871"},{"taxonomy":"product_cat","embeddable":true,"href":"https:\/\/ceoparts.com\/tr\/wp-json\/wp\/v2\/product_cat?post=17871"},{"taxonomy":"product_tag","embeddable":true,"href":"https:\/\/ceoparts.com\/tr\/wp-json\/wp\/v2\/product_tag?post=17871"}],"curies":[{"name":"wp","href":"https:\/\/api.w.org\/{rel}","templated":true}]}}