{"id":17890,"date":"2025-07-29T17:01:14","date_gmt":"2025-07-29T14:01:14","guid":{"rendered":"https:\/\/ceoparts.com\/?post_type=product&#038;p=17890"},"modified":"2026-05-16T15:28:51","modified_gmt":"2026-05-16T12:28:51","slug":"jungheinrich-sikistirma-elemani-d10-50468137","status":"publish","type":"product","link":"https:\/\/ceoparts.com\/tr\/urun\/jungheinrich-sikistirma-elemani-d10-50468137\/","title":{"rendered":"Jungheinrich S\u0131k\u0131\u015ft\u0131rma Eleman\u0131 D=10 &#8211; 50468137"},"content":{"rendered":"<p>Jungheinrich S\u0131k\u0131\u015ft\u0131rma Eleman\u0131 D=10 &#8211; 50468137<\/p>","protected":false},"excerpt":{"rendered":"<p>Jungheinrich S\u0131k\u0131\u015ft\u0131rma Eleman\u0131 D=10 &#8211; 50468137<\/p>\n","protected":false},"featured_media":17893,"template":"","meta":[],"product_brand":[],"product_cat":[236,470,522],"product_tag":[],"class_list":{"0":"post-17890","1":"product","2":"type-product","3":"status-publish","4":"has-post-thumbnail","6":"product_cat-jungheinrich","7":"product_cat-diger-yedek-parcalar","8":"product_cat-yedek-parca-jungheinrich","10":"first","11":"instock","12":"taxable","13":"shipping-taxable","14":"purchasable","15":"product-type-simple"},"_links":{"self":[{"href":"https:\/\/ceoparts.com\/tr\/wp-json\/wp\/v2\/product\/17890","targetHints":{"allow":["GET"]}}],"collection":[{"href":"https:\/\/ceoparts.com\/tr\/wp-json\/wp\/v2\/product"}],"about":[{"href":"https:\/\/ceoparts.com\/tr\/wp-json\/wp\/v2\/types\/product"}],"wp:featuredmedia":[{"embeddable":true,"href":"https:\/\/ceoparts.com\/tr\/wp-json\/wp\/v2\/media\/17893"}],"wp:attachment":[{"href":"https:\/\/ceoparts.com\/tr\/wp-json\/wp\/v2\/media?parent=17890"}],"wp:term":[{"taxonomy":"product_brand","embeddable":true,"href":"https:\/\/ceoparts.com\/tr\/wp-json\/wp\/v2\/product_brand?post=17890"},{"taxonomy":"product_cat","embeddable":true,"href":"https:\/\/ceoparts.com\/tr\/wp-json\/wp\/v2\/product_cat?post=17890"},{"taxonomy":"product_tag","embeddable":true,"href":"https:\/\/ceoparts.com\/tr\/wp-json\/wp\/v2\/product_tag?post=17890"}],"curies":[{"name":"wp","href":"https:\/\/api.w.org\/{rel}","templated":true}]}}