{"id":17937,"date":"2025-07-30T16:38:53","date_gmt":"2025-07-30T13:38:53","guid":{"rendered":"https:\/\/ceoparts.com\/?post_type=product&#038;p=17937"},"modified":"2026-05-16T15:00:52","modified_gmt":"2026-05-16T12:00:52","slug":"bt-rre-160-ekran-7527401","status":"publish","type":"product","link":"https:\/\/ceoparts.com\/tr\/urun\/bt-rre-160-ekran-7527401\/","title":{"rendered":"BT RRE 160 Ekran &#8211; 7527401"},"content":{"rendered":"<p>BT RRE 160 Ekran &#8211; 7527401<\/p>","protected":false},"excerpt":{"rendered":"<p data-start=\"97\" data-end=\"398\">BT RRE 160 Ekran 7527401, forklift ve i\u015f makinelerinin kontrol sistemlerinde kullan\u0131lan y\u00fcksek kaliteli bir ekran \u00fcnitesidir. Kullan\u0131c\u0131ya kolay okunabilir bilgi sa\u011flar ve makine operasyonlar\u0131n\u0131n daha verimli ve g\u00fcvenli olmas\u0131na yard\u0131mc\u0131 olur. Dayan\u0131kl\u0131 yap\u0131s\u0131 ile uzun \u00f6m\u00fcrl\u00fc kullan\u0131m sunar.<\/p>\n<p data-start=\"400\" data-end=\"416\"><strong data-start=\"400\" data-end=\"414\">\u00d6zellikler<\/strong><\/p>\n<ul data-start=\"417\" data-end=\"694\">\n<li data-start=\"417\" data-end=\"451\">\n<p data-start=\"419\" data-end=\"451\"><strong data-start=\"419\" data-end=\"432\">\u00dcr\u00fcn Ad\u0131:<\/strong> BT RRE 160 Ekran<\/p>\n<\/li>\n<li data-start=\"452\" data-end=\"479\">\n<p data-start=\"454\" data-end=\"479\"><strong data-start=\"454\" data-end=\"469\">Par\u00e7a Kodu:<\/strong> 7527401<\/p>\n<\/li>\n<li data-start=\"480\" data-end=\"545\">\n<p data-start=\"482\" data-end=\"545\"><strong data-start=\"482\" data-end=\"494\">Malzeme:<\/strong> Y\u00fcksek kaliteli plastik ve elektronik bile\u015fenler<\/p>\n<\/li>\n<li data-start=\"546\" data-end=\"624\">\n<p data-start=\"548\" data-end=\"624\"><strong data-start=\"548\" data-end=\"567\">Kullan\u0131m Alan\u0131:<\/strong> BT RRE 160 forklift ve i\u015f makineleri kontrol panelleri<\/p>\n<\/li>\n<li data-start=\"625\" data-end=\"694\">\n<p data-start=\"627\" data-end=\"694\"><strong data-start=\"627\" data-end=\"639\">Avantaj:<\/strong> Kolay okunabilir aray\u00fcz, g\u00fcvenli kullan\u0131m, uzun \u00f6m\u00fcr<\/p>\n<\/li>\n<\/ul>\n","protected":false},"featured_media":17940,"template":"","meta":[],"product_brand":[],"product_cat":[251,431],"product_tag":[],"class_list":{"0":"post-17937","1":"product","2":"type-product","3":"status-publish","4":"has-post-thumbnail","6":"product_cat-bt","7":"product_cat-ekranlar-ve-kartlar","9":"first","10":"instock","11":"taxable","12":"shipping-taxable","13":"purchasable","14":"product-type-simple"},"_links":{"self":[{"href":"https:\/\/ceoparts.com\/tr\/wp-json\/wp\/v2\/product\/17937","targetHints":{"allow":["GET"]}}],"collection":[{"href":"https:\/\/ceoparts.com\/tr\/wp-json\/wp\/v2\/product"}],"about":[{"href":"https:\/\/ceoparts.com\/tr\/wp-json\/wp\/v2\/types\/product"}],"wp:featuredmedia":[{"embeddable":true,"href":"https:\/\/ceoparts.com\/tr\/wp-json\/wp\/v2\/media\/17940"}],"wp:attachment":[{"href":"https:\/\/ceoparts.com\/tr\/wp-json\/wp\/v2\/media?parent=17937"}],"wp:term":[{"taxonomy":"product_brand","embeddable":true,"href":"https:\/\/ceoparts.com\/tr\/wp-json\/wp\/v2\/product_brand?post=17937"},{"taxonomy":"product_cat","embeddable":true,"href":"https:\/\/ceoparts.com\/tr\/wp-json\/wp\/v2\/product_cat?post=17937"},{"taxonomy":"product_tag","embeddable":true,"href":"https:\/\/ceoparts.com\/tr\/wp-json\/wp\/v2\/product_tag?post=17937"}],"curies":[{"name":"wp","href":"https:\/\/api.w.org\/{rel}","templated":true}]}}