{"id":17941,"date":"2025-07-30T16:56:06","date_gmt":"2025-07-30T13:56:06","guid":{"rendered":"https:\/\/ceoparts.com\/?post_type=product&#038;p=17941"},"modified":"2026-05-16T14:03:13","modified_gmt":"2026-05-16T11:03:13","slug":"gaz-kelebegi-konum-sensoru-3517023500-35170-23500-3517022600-35170-22600","status":"publish","type":"product","link":"https:\/\/ceoparts.com\/tr\/urun\/gaz-kelebegi-konum-sensoru-3517023500-35170-23500-3517022600-35170-22600\/","title":{"rendered":"Gaz Kelebe\u011fi Konum Sens\u00f6r\u00fc &#8211; 3517023500 \/ 35170-23500, 3517022600 ,35170 22600"},"content":{"rendered":"<p>Gaz Kelebe\u011fi Konum Sens\u00f6r\u00fc &#8211; 3517023500 \/ 35170-23500, 3517022600 ,35170 22600<\/p>","protected":false},"excerpt":{"rendered":"<p data-start=\"149\" data-end=\"495\">Gaz Kelebe\u011fi Konum Sens\u00f6r\u00fc 3517023500 \/ 35170-23500, 3517022600, 35170 22600, forklift ve i\u015f makinelerinin motor kontrol sistemlerinde kullan\u0131lan hassas bir sens\u00f6rd\u00fcr. Gaz kelebe\u011finin a\u00e7\u0131s\u0131n\u0131 do\u011fru bir \u015fekilde \u00f6l\u00e7er ve motorun performans\u0131n\u0131 optimize eder. Y\u00fcksek kaliteli malzemesi ve dayan\u0131kl\u0131 tasar\u0131m\u0131 ile uzun \u00f6m\u00fcrl\u00fc kullan\u0131m sa\u011flar.<\/p>\n<p data-start=\"497\" data-end=\"513\"><strong data-start=\"497\" data-end=\"511\">\u00d6zellikler<\/strong><\/p>\n<ul data-start=\"514\" data-end=\"842\">\n<li data-start=\"514\" data-end=\"558\">\n<p data-start=\"516\" data-end=\"558\"><strong data-start=\"516\" data-end=\"529\">\u00dcr\u00fcn Ad\u0131:<\/strong> Gaz Kelebe\u011fi Konum Sens\u00f6r\u00fc<\/p>\n<\/li>\n<li data-start=\"559\" data-end=\"628\">\n<p data-start=\"561\" data-end=\"628\"><strong data-start=\"561\" data-end=\"576\">Par\u00e7a Kodu:<\/strong> 3517023500 \/ 35170-23500, 3517022600, 35170 22600<\/p>\n<\/li>\n<li data-start=\"629\" data-end=\"694\">\n<p data-start=\"631\" data-end=\"694\"><strong data-start=\"631\" data-end=\"643\">Malzeme:<\/strong> Y\u00fcksek kaliteli elektronik bile\u015fenler ve plastik<\/p>\n<\/li>\n<li data-start=\"695\" data-end=\"769\">\n<p data-start=\"697\" data-end=\"769\"><strong data-start=\"697\" data-end=\"716\">Kullan\u0131m Alan\u0131:<\/strong> Forklift ve i\u015f makineleri motor kontrol sistemleri<\/p>\n<\/li>\n<li data-start=\"770\" data-end=\"842\">\n<p data-start=\"772\" data-end=\"842\"><strong data-start=\"772\" data-end=\"784\">Avantaj:<\/strong> Hassas \u00f6l\u00e7\u00fcm, motor performans optimizasyonu, uzun \u00f6m\u00fcr<\/p>\n<\/li>\n<\/ul>\n","protected":false},"featured_media":17943,"template":"","meta":[],"product_brand":[],"product_cat":[469],"product_tag":[],"class_list":{"0":"post-17941","1":"product","2":"type-product","3":"status-publish","4":"has-post-thumbnail","6":"product_cat-elektrik-ve-sistem-parcalari","8":"first","9":"instock","10":"taxable","11":"shipping-taxable","12":"purchasable","13":"product-type-simple"},"_links":{"self":[{"href":"https:\/\/ceoparts.com\/tr\/wp-json\/wp\/v2\/product\/17941","targetHints":{"allow":["GET"]}}],"collection":[{"href":"https:\/\/ceoparts.com\/tr\/wp-json\/wp\/v2\/product"}],"about":[{"href":"https:\/\/ceoparts.com\/tr\/wp-json\/wp\/v2\/types\/product"}],"wp:featuredmedia":[{"embeddable":true,"href":"https:\/\/ceoparts.com\/tr\/wp-json\/wp\/v2\/media\/17943"}],"wp:attachment":[{"href":"https:\/\/ceoparts.com\/tr\/wp-json\/wp\/v2\/media?parent=17941"}],"wp:term":[{"taxonomy":"product_brand","embeddable":true,"href":"https:\/\/ceoparts.com\/tr\/wp-json\/wp\/v2\/product_brand?post=17941"},{"taxonomy":"product_cat","embeddable":true,"href":"https:\/\/ceoparts.com\/tr\/wp-json\/wp\/v2\/product_cat?post=17941"},{"taxonomy":"product_tag","embeddable":true,"href":"https:\/\/ceoparts.com\/tr\/wp-json\/wp\/v2\/product_tag?post=17941"}],"curies":[{"name":"wp","href":"https:\/\/api.w.org\/{rel}","templated":true}]}}