{"id":17956,"date":"2025-07-31T10:12:07","date_gmt":"2025-07-31T07:12:07","guid":{"rendered":"https:\/\/ceoparts.com\/?post_type=product&#038;p=17956"},"modified":"2026-05-16T14:27:56","modified_gmt":"2026-05-16T11:27:56","slug":"jungheinrich-pim-51420450","status":"publish","type":"product","link":"https:\/\/ceoparts.com\/tr\/urun\/jungheinrich-pim-51420450\/","title":{"rendered":"Jungheinrich Pim &#8211; 51420450"},"content":{"rendered":"<p>Jungheinrich Pim &#8211; 51420450<\/p>","protected":false},"excerpt":{"rendered":"<p data-start=\"98\" data-end=\"318\">Jungheinrich Pim 51420450, forklift ve i\u015f makinelerinde ba\u011flant\u0131 ve sabitleme i\u00e7in kullan\u0131lan dayan\u0131kl\u0131 bir par\u00e7ad\u0131r. Y\u00fcksek mukavemetli yap\u0131s\u0131 sayesinde a\u011f\u0131r y\u00fck alt\u0131nda dahi g\u00fcvenli ve sa\u011flam ba\u011flant\u0131 sa\u011flar.<\/p>\n<p data-start=\"320\" data-end=\"336\"><strong data-start=\"320\" data-end=\"334\">\u00d6zellikler<\/strong><\/p>\n<ul data-start=\"337\" data-end=\"576\">\n<li data-start=\"337\" data-end=\"371\">\n<p data-start=\"339\" data-end=\"371\"><strong data-start=\"339\" data-end=\"352\">\u00dcr\u00fcn Ad\u0131:<\/strong> Jungheinrich Pim<\/p>\n<\/li>\n<li data-start=\"372\" data-end=\"400\">\n<p data-start=\"374\" data-end=\"400\"><strong data-start=\"374\" data-end=\"389\">Par\u00e7a Kodu:<\/strong> 51420450<\/p>\n<\/li>\n<li data-start=\"401\" data-end=\"448\">\n<p data-start=\"403\" data-end=\"448\"><strong data-start=\"403\" data-end=\"415\">Malzeme:<\/strong> Y\u00fcksek dayan\u0131ml\u0131 \u00e7elik ala\u015f\u0131m\u0131<\/p>\n<\/li>\n<li data-start=\"449\" data-end=\"511\">\n<p data-start=\"451\" data-end=\"511\"><strong data-start=\"451\" data-end=\"470\">Kullan\u0131m Alan\u0131:<\/strong> Jungheinrich forklift ve i\u015f makineleri<\/p>\n<\/li>\n<li data-start=\"512\" data-end=\"576\">\n<p data-start=\"514\" data-end=\"576\"><strong data-start=\"514\" data-end=\"526\">Avantaj:<\/strong> Y\u00fcksek mukavemet, g\u00fcvenli ba\u011flant\u0131 ve uzun \u00f6m\u00fcr<\/p>\n<\/li>\n<\/ul>\n","protected":false},"featured_media":17959,"template":"","meta":[],"product_brand":[],"product_cat":[236,467,522],"product_tag":[],"class_list":{"0":"post-17956","1":"product","2":"type-product","3":"status-publish","4":"has-post-thumbnail","6":"product_cat-jungheinrich","7":"product_cat-mil-grubu","8":"product_cat-yedek-parca-jungheinrich","10":"first","11":"instock","12":"taxable","13":"shipping-taxable","14":"purchasable","15":"product-type-simple"},"_links":{"self":[{"href":"https:\/\/ceoparts.com\/tr\/wp-json\/wp\/v2\/product\/17956","targetHints":{"allow":["GET"]}}],"collection":[{"href":"https:\/\/ceoparts.com\/tr\/wp-json\/wp\/v2\/product"}],"about":[{"href":"https:\/\/ceoparts.com\/tr\/wp-json\/wp\/v2\/types\/product"}],"wp:featuredmedia":[{"embeddable":true,"href":"https:\/\/ceoparts.com\/tr\/wp-json\/wp\/v2\/media\/17959"}],"wp:attachment":[{"href":"https:\/\/ceoparts.com\/tr\/wp-json\/wp\/v2\/media?parent=17956"}],"wp:term":[{"taxonomy":"product_brand","embeddable":true,"href":"https:\/\/ceoparts.com\/tr\/wp-json\/wp\/v2\/product_brand?post=17956"},{"taxonomy":"product_cat","embeddable":true,"href":"https:\/\/ceoparts.com\/tr\/wp-json\/wp\/v2\/product_cat?post=17956"},{"taxonomy":"product_tag","embeddable":true,"href":"https:\/\/ceoparts.com\/tr\/wp-json\/wp\/v2\/product_tag?post=17956"}],"curies":[{"name":"wp","href":"https:\/\/api.w.org\/{rel}","templated":true}]}}