{"id":17960,"date":"2025-07-31T10:22:12","date_gmt":"2025-07-31T07:22:12","guid":{"rendered":"https:\/\/ceoparts.com\/?post_type=product&#038;p=17960"},"modified":"2026-05-17T16:41:05","modified_gmt":"2026-05-17T13:41:05","slug":"hyundai-on-bijon-ztay-00001-ztay1","status":"publish","type":"product","link":"https:\/\/ceoparts.com\/tr\/urun\/hyundai-on-bijon-ztay-00001-ztay1\/","title":{"rendered":"HYUNDAI \u00d6n Bijon ZTAY- 00001-ZTAY1"},"content":{"rendered":"<p>HYUNDAI \u00d6n Bijon ZTAY- 00001-ZTAY1<\/p>","protected":false},"excerpt":{"rendered":"<p data-start=\"104\" data-end=\"367\">HYUNDAI \u00d6n Bijon ZTAY-00001-ZTAY1, forklift ve i\u015f makinelerinin \u00f6n tekerlek ba\u011flant\u0131lar\u0131nda kullan\u0131lan dayan\u0131kl\u0131 ve g\u00fcvenilir bir par\u00e7ad\u0131r. Y\u00fcksek mukavemetli yap\u0131s\u0131 sayesinde a\u011f\u0131r y\u00fck alt\u0131nda dahi sa\u011flam ba\u011flant\u0131 sa\u011flar ve g\u00fcvenli s\u00fcr\u00fc\u015f deneyimi sunar.<\/p>\n<p data-start=\"369\" data-end=\"385\"><strong data-start=\"369\" data-end=\"383\">\u00d6zellikler<\/strong><\/p>\n<ul data-start=\"386\" data-end=\"646\">\n<li data-start=\"386\" data-end=\"420\">\n<p data-start=\"388\" data-end=\"420\"><strong data-start=\"388\" data-end=\"401\">\u00dcr\u00fcn Ad\u0131:<\/strong> HYUNDAI \u00d6n Bijon<\/p>\n<\/li>\n<li data-start=\"421\" data-end=\"457\">\n<p data-start=\"423\" data-end=\"457\"><strong data-start=\"423\" data-end=\"438\">Par\u00e7a Kodu:<\/strong> ZTAY-00001-ZTAY1<\/p>\n<\/li>\n<li data-start=\"458\" data-end=\"505\">\n<p data-start=\"460\" data-end=\"505\"><strong data-start=\"460\" data-end=\"472\">Malzeme:<\/strong> Y\u00fcksek dayan\u0131ml\u0131 \u00e7elik ala\u015f\u0131m\u0131<\/p>\n<\/li>\n<li data-start=\"506\" data-end=\"579\">\n<p data-start=\"508\" data-end=\"579\"><strong data-start=\"508\" data-end=\"527\">Kullan\u0131m Alan\u0131:<\/strong> HYUNDAI forklift ve i\u015f makineleri \u00f6n tekerlekleri<\/p>\n<\/li>\n<li data-start=\"580\" data-end=\"646\">\n<p data-start=\"582\" data-end=\"646\"><strong data-start=\"582\" data-end=\"594\">Avantaj:<\/strong> Y\u00fcksek mukavemet, g\u00fcvenilir ba\u011flant\u0131 ve uzun \u00f6m\u00fcr<\/p>\n<\/li>\n<\/ul>\n","protected":false},"featured_media":17963,"template":"","meta":[],"product_brand":[508],"product_cat":[467],"product_tag":[],"class_list":{"0":"post-17960","1":"product","2":"type-product","3":"status-publish","4":"has-post-thumbnail","6":"product_brand-hyundai","7":"product_cat-mil-grubu","9":"first","10":"instock","11":"taxable","12":"shipping-taxable","13":"purchasable","14":"product-type-simple"},"_links":{"self":[{"href":"https:\/\/ceoparts.com\/tr\/wp-json\/wp\/v2\/product\/17960","targetHints":{"allow":["GET"]}}],"collection":[{"href":"https:\/\/ceoparts.com\/tr\/wp-json\/wp\/v2\/product"}],"about":[{"href":"https:\/\/ceoparts.com\/tr\/wp-json\/wp\/v2\/types\/product"}],"wp:featuredmedia":[{"embeddable":true,"href":"https:\/\/ceoparts.com\/tr\/wp-json\/wp\/v2\/media\/17963"}],"wp:attachment":[{"href":"https:\/\/ceoparts.com\/tr\/wp-json\/wp\/v2\/media?parent=17960"}],"wp:term":[{"taxonomy":"product_brand","embeddable":true,"href":"https:\/\/ceoparts.com\/tr\/wp-json\/wp\/v2\/product_brand?post=17960"},{"taxonomy":"product_cat","embeddable":true,"href":"https:\/\/ceoparts.com\/tr\/wp-json\/wp\/v2\/product_cat?post=17960"},{"taxonomy":"product_tag","embeddable":true,"href":"https:\/\/ceoparts.com\/tr\/wp-json\/wp\/v2\/product_tag?post=17960"}],"curies":[{"name":"wp","href":"https:\/\/api.w.org\/{rel}","templated":true}]}}