{"id":17973,"date":"2025-08-01T15:27:54","date_gmt":"2025-08-01T12:27:54","guid":{"rendered":"https:\/\/ceoparts.com\/?post_type=product&#038;p=17973"},"modified":"2026-05-16T21:10:19","modified_gmt":"2026-05-16T18:10:19","slug":"hyundai-on-somun-81fy-20240da","status":"publish","type":"product","link":"https:\/\/ceoparts.com\/tr\/urun\/hyundai-on-somun-81fy-20240da\/","title":{"rendered":"HYUNDAI \u00d6n Somun &#8211; 81FY-20240DA"},"content":{"rendered":"<p>HYUNDAI \u00d6n Somun &#8211; 81FY-20240DA<\/p>","protected":false},"excerpt":{"rendered":"<p data-start=\"118\" data-end=\"356\">HYUNDAI \u00d6n Somun 81FY-20240DA, forklift ve i\u015f makinelerinin \u00f6n tekerlek ba\u011flant\u0131lar\u0131nda kullan\u0131lan g\u00fcvenilir bir par\u00e7ad\u0131r. Sa\u011flam \u00e7elik yap\u0131s\u0131 sayesinde y\u00fcksek tork alt\u0131nda gev\u015femeyi \u00f6nler ve uzun s\u00fcreli g\u00fcvenli kullan\u0131m sa\u011flar.<\/p>\n<p data-start=\"358\" data-end=\"374\"><strong data-start=\"358\" data-end=\"372\">\u00d6zellikler<\/strong><\/p>\n<ul data-start=\"375\" data-end=\"625\">\n<li data-start=\"375\" data-end=\"409\">\n<p data-start=\"377\" data-end=\"409\"><strong data-start=\"377\" data-end=\"390\">\u00dcr\u00fcn Ad\u0131:<\/strong> HYUNDAI \u00d6n Somun<\/p>\n<\/li>\n<li data-start=\"410\" data-end=\"442\">\n<p data-start=\"412\" data-end=\"442\"><strong data-start=\"412\" data-end=\"427\">Par\u00e7a Kodu:<\/strong> 81FY-20240DA<\/p>\n<\/li>\n<li data-start=\"443\" data-end=\"482\">\n<p data-start=\"445\" data-end=\"482\"><strong data-start=\"445\" data-end=\"457\">Malzeme:<\/strong> Y\u00fcksek dayan\u0131ml\u0131 \u00e7elik<\/p>\n<\/li>\n<li data-start=\"483\" data-end=\"556\">\n<p data-start=\"485\" data-end=\"556\"><strong data-start=\"485\" data-end=\"504\">Kullan\u0131m Alan\u0131:<\/strong> HYUNDAI forklift ve i\u015f makineleri \u00f6n tekerlekleri<\/p>\n<\/li>\n<li data-start=\"557\" data-end=\"625\">\n<p data-start=\"559\" data-end=\"625\"><strong data-start=\"559\" data-end=\"571\">Avantaj:<\/strong> G\u00fc\u00e7l\u00fc ba\u011flant\u0131, gev\u015feme direnci ve uzun servis \u00f6mr\u00fc<\/p>\n<\/li>\n<\/ul>\n","protected":false},"featured_media":17976,"template":"","meta":[],"product_brand":[],"product_cat":[467],"product_tag":[],"class_list":{"0":"post-17973","1":"product","2":"type-product","3":"status-publish","4":"has-post-thumbnail","6":"product_cat-mil-grubu","8":"first","9":"instock","10":"taxable","11":"shipping-taxable","12":"purchasable","13":"product-type-simple"},"_links":{"self":[{"href":"https:\/\/ceoparts.com\/tr\/wp-json\/wp\/v2\/product\/17973","targetHints":{"allow":["GET"]}}],"collection":[{"href":"https:\/\/ceoparts.com\/tr\/wp-json\/wp\/v2\/product"}],"about":[{"href":"https:\/\/ceoparts.com\/tr\/wp-json\/wp\/v2\/types\/product"}],"wp:featuredmedia":[{"embeddable":true,"href":"https:\/\/ceoparts.com\/tr\/wp-json\/wp\/v2\/media\/17976"}],"wp:attachment":[{"href":"https:\/\/ceoparts.com\/tr\/wp-json\/wp\/v2\/media?parent=17973"}],"wp:term":[{"taxonomy":"product_brand","embeddable":true,"href":"https:\/\/ceoparts.com\/tr\/wp-json\/wp\/v2\/product_brand?post=17973"},{"taxonomy":"product_cat","embeddable":true,"href":"https:\/\/ceoparts.com\/tr\/wp-json\/wp\/v2\/product_cat?post=17973"},{"taxonomy":"product_tag","embeddable":true,"href":"https:\/\/ceoparts.com\/tr\/wp-json\/wp\/v2\/product_tag?post=17973"}],"curies":[{"name":"wp","href":"https:\/\/api.w.org\/{rel}","templated":true}]}}