{"id":17986,"date":"2025-08-04T15:49:48","date_gmt":"2025-08-04T12:49:48","guid":{"rendered":"https:\/\/ceoparts.com\/?post_type=product&#038;p=17986"},"modified":"2026-05-16T12:10:49","modified_gmt":"2026-05-16T09:10:49","slug":"kursun-aku-kutup-basi","status":"publish","type":"product","link":"https:\/\/ceoparts.com\/tr\/urun\/kursun-aku-kutup-basi\/","title":{"rendered":"Kur\u015fun Ak\u00fc Kutup Ba\u015f\u0131 (+)"},"content":{"rendered":"<p>Kur\u015fun Ak\u00fc Kutup Ba\u015f\u0131 (+)<\/p>","protected":false},"excerpt":{"rendered":"<p data-start=\"107\" data-end=\"349\">Kur\u015fun Ak\u00fc Kutup Ba\u015f\u0131 (+), ak\u00fcn\u00fcn pozitif kutbuna ba\u011flant\u0131y\u0131 sa\u011flayarak elektrik devresinin g\u00fcvenli \u00e7al\u0131\u015fmas\u0131n\u0131 destekleyen \u00f6nemli bir par\u00e7ad\u0131r. Saf kur\u015fun ala\u015f\u0131m\u0131 ile \u00fcretilmi\u015f olup, y\u00fcksek iletkenlik ve uzun \u00f6m\u00fcrl\u00fc kullan\u0131m sunar.<\/p>\n<p data-start=\"351\" data-end=\"367\"><strong data-start=\"351\" data-end=\"365\">\u00d6zellikler<\/strong><\/p>\n<ul data-start=\"368\" data-end=\"623\">\n<li data-start=\"368\" data-end=\"411\">\n<p data-start=\"370\" data-end=\"411\"><strong data-start=\"370\" data-end=\"383\">\u00dcr\u00fcn Ad\u0131:<\/strong> Kur\u015fun Ak\u00fc Kutup Ba\u015f\u0131 (+)<\/p>\n<\/li>\n<li data-start=\"412\" data-end=\"440\">\n<p data-start=\"414\" data-end=\"440\"><strong data-start=\"414\" data-end=\"429\">Par\u00e7a Kodu:<\/strong> KB-POS01<\/p>\n<\/li>\n<li data-start=\"441\" data-end=\"476\">\n<p data-start=\"443\" data-end=\"476\"><strong data-start=\"443\" data-end=\"455\">Malzeme:<\/strong> Saf kur\u015fun ala\u015f\u0131m\u0131<\/p>\n<\/li>\n<li data-start=\"477\" data-end=\"544\">\n<p data-start=\"479\" data-end=\"544\"><strong data-start=\"479\" data-end=\"498\">Kullan\u0131m Alan\u0131:<\/strong> Forklift, i\u015f makineleri ve otomotiv ak\u00fcleri<\/p>\n<\/li>\n<li data-start=\"545\" data-end=\"623\">\n<p data-start=\"547\" data-end=\"623\"><strong data-start=\"547\" data-end=\"559\">Avantaj:<\/strong> Y\u00fcksek iletkenlik, paslanmaya kar\u015f\u0131 dayan\u0131kl\u0131l\u0131k ve uzun \u00f6m\u00fcr<\/p>\n<\/li>\n<\/ul>\n","protected":false},"featured_media":17997,"template":"","meta":[],"product_brand":[],"product_cat":[443],"product_tag":[],"class_list":{"0":"post-17986","1":"product","2":"type-product","3":"status-publish","4":"has-post-thumbnail","6":"product_cat-aku-parcalari","8":"first","9":"instock","10":"taxable","11":"shipping-taxable","12":"purchasable","13":"product-type-simple"},"_links":{"self":[{"href":"https:\/\/ceoparts.com\/tr\/wp-json\/wp\/v2\/product\/17986","targetHints":{"allow":["GET"]}}],"collection":[{"href":"https:\/\/ceoparts.com\/tr\/wp-json\/wp\/v2\/product"}],"about":[{"href":"https:\/\/ceoparts.com\/tr\/wp-json\/wp\/v2\/types\/product"}],"wp:featuredmedia":[{"embeddable":true,"href":"https:\/\/ceoparts.com\/tr\/wp-json\/wp\/v2\/media\/17997"}],"wp:attachment":[{"href":"https:\/\/ceoparts.com\/tr\/wp-json\/wp\/v2\/media?parent=17986"}],"wp:term":[{"taxonomy":"product_brand","embeddable":true,"href":"https:\/\/ceoparts.com\/tr\/wp-json\/wp\/v2\/product_brand?post=17986"},{"taxonomy":"product_cat","embeddable":true,"href":"https:\/\/ceoparts.com\/tr\/wp-json\/wp\/v2\/product_cat?post=17986"},{"taxonomy":"product_tag","embeddable":true,"href":"https:\/\/ceoparts.com\/tr\/wp-json\/wp\/v2\/product_tag?post=17986"}],"curies":[{"name":"wp","href":"https:\/\/api.w.org\/{rel}","templated":true}]}}