{"id":18023,"date":"2025-08-05T14:10:05","date_gmt":"2025-08-05T11:10:05","guid":{"rendered":"https:\/\/ceoparts.com\/?post_type=product&#038;p=18023"},"modified":"2026-05-16T16:40:49","modified_gmt":"2026-05-16T13:40:49","slug":"bt-lpe200-kol-tesisati-7524346","status":"publish","type":"product","link":"https:\/\/ceoparts.com\/tr\/urun\/bt-lpe200-kol-tesisati-7524346\/","title":{"rendered":"BT LPE200 Kol Tesisat\u0131 &#8211; 7524346"},"content":{"rendered":"<p>BT LPE200 Kol Tesisat\u0131 &#8211; 7524346<\/p>","protected":false},"excerpt":{"rendered":"<p data-start=\"142\" data-end=\"561\"><strong data-start=\"142\" data-end=\"178\">BT LPE200 Kol Tesisat\u0131 &#8211; 7524346<\/strong>, forklift ve depo ekipmanlar\u0131nda kullan\u0131lan, y\u00fcksek dayan\u0131kl\u0131l\u0131\u011fa sahip orijinal bir yedek par\u00e7ad\u0131r. Bu kol tesisat\u0131, BT LPE200 model istif makinelerinde hidrolik ve mekanik aksam\u0131n do\u011fru ve g\u00fcvenli \u015fekilde \u00e7al\u0131\u015fmas\u0131n\u0131 sa\u011flar. Dayan\u0131kl\u0131 yap\u0131s\u0131 sayesinde uzun \u00f6m\u00fcrl\u00fc kullan\u0131m sunar ve bak\u0131m maliyetlerini d\u00fc\u015f\u00fcr\u00fcr. \u00d6zellikle yo\u011fun depo operasyonlar\u0131nda stabilite ve g\u00fcvenlik sa\u011flar.<\/p>\n<p data-start=\"563\" data-end=\"580\"><strong data-start=\"563\" data-end=\"578\">\u00d6zellikler:<\/strong><\/p>\n<ul data-start=\"581\" data-end=\"852\">\n<li data-start=\"581\" data-end=\"621\">\n<p data-start=\"583\" data-end=\"621\"><strong data-start=\"583\" data-end=\"596\">\u00dcr\u00fcn Ad\u0131:<\/strong> BT LPE200 Kol Tesisat\u0131<\/p>\n<\/li>\n<li data-start=\"622\" data-end=\"649\">\n<p data-start=\"624\" data-end=\"649\"><strong data-start=\"624\" data-end=\"639\">Par\u00e7a Kodu:<\/strong> 7524346<\/p>\n<\/li>\n<li data-start=\"650\" data-end=\"712\">\n<p data-start=\"652\" data-end=\"712\"><strong data-start=\"652\" data-end=\"664\">Malzeme:<\/strong> Y\u00fcksek dayan\u0131ml\u0131 metal ve ba\u011flant\u0131 elemanlar\u0131<\/p>\n<\/li>\n<li data-start=\"713\" data-end=\"781\">\n<p data-start=\"715\" data-end=\"781\"><strong data-start=\"715\" data-end=\"734\">Kullan\u0131m Alan\u0131:<\/strong> BT LPE200 model forklift ve depo ekipmanlar\u0131<\/p>\n<\/li>\n<li data-start=\"782\" data-end=\"852\">\n<p data-start=\"784\" data-end=\"852\"><strong data-start=\"784\" data-end=\"796\">Avantaj:<\/strong> G\u00fcvenilir performans, uzun \u00f6m\u00fcr, d\u00fc\u015f\u00fck bak\u0131m ihtiyac\u0131<\/p>\n<\/li>\n<\/ul>\n","protected":false},"featured_media":18027,"template":"","meta":[],"product_brand":[],"product_cat":[251,469,518],"product_tag":[],"class_list":{"0":"post-18023","1":"product","2":"type-product","3":"status-publish","4":"has-post-thumbnail","6":"product_cat-bt","7":"product_cat-elektrik-ve-sistem-parcalari","8":"product_cat-yedek-parca-bt","10":"first","11":"instock","12":"taxable","13":"shipping-taxable","14":"purchasable","15":"product-type-simple"},"_links":{"self":[{"href":"https:\/\/ceoparts.com\/tr\/wp-json\/wp\/v2\/product\/18023","targetHints":{"allow":["GET"]}}],"collection":[{"href":"https:\/\/ceoparts.com\/tr\/wp-json\/wp\/v2\/product"}],"about":[{"href":"https:\/\/ceoparts.com\/tr\/wp-json\/wp\/v2\/types\/product"}],"wp:featuredmedia":[{"embeddable":true,"href":"https:\/\/ceoparts.com\/tr\/wp-json\/wp\/v2\/media\/18027"}],"wp:attachment":[{"href":"https:\/\/ceoparts.com\/tr\/wp-json\/wp\/v2\/media?parent=18023"}],"wp:term":[{"taxonomy":"product_brand","embeddable":true,"href":"https:\/\/ceoparts.com\/tr\/wp-json\/wp\/v2\/product_brand?post=18023"},{"taxonomy":"product_cat","embeddable":true,"href":"https:\/\/ceoparts.com\/tr\/wp-json\/wp\/v2\/product_cat?post=18023"},{"taxonomy":"product_tag","embeddable":true,"href":"https:\/\/ceoparts.com\/tr\/wp-json\/wp\/v2\/product_tag?post=18023"}],"curies":[{"name":"wp","href":"https:\/\/api.w.org\/{rel}","templated":true}]}}