{"id":18075,"date":"2025-08-26T09:55:53","date_gmt":"2025-08-26T06:55:53","guid":{"rendered":"https:\/\/ceoparts.com\/?post_type=product&#038;p=18075"},"modified":"2026-05-16T23:19:15","modified_gmt":"2026-05-16T20:19:15","slug":"still-hidrolik-filtre","status":"publish","type":"product","link":"https:\/\/ceoparts.com\/tr\/urun\/still-hidrolik-filtre\/","title":{"rendered":"STILL Hidrolik Filtre"},"content":{"rendered":"<p>STILL Hidrolik Filtre<\/p>","protected":false},"excerpt":{"rendered":"<p><strong data-start=\"164\" data-end=\"177\">\u00dcr\u00fcn Ad\u0131:<\/strong> STILL Hidrolik Filtre \u2013 Forklift ve i\u015f makinelerinde hidrolik sistemi koruyan y\u00fcksek kaliteli filtredir. Sistemdeki kir, partik\u00fcl ve tortular\u0131 temizleyerek pompa ve valflerin uzun \u00f6m\u00fcrl\u00fc \u00e7al\u0131\u015fmas\u0131n\u0131 sa\u011flar.<br data-start=\"384\" data-end=\"387\" \/><strong data-start=\"498\" data-end=\"510\">Malzeme:<\/strong> Dayan\u0131kl\u0131 filtre malzemesi \u2013 Y\u00fcksek bas\u0131nca ve s\u0131cakl\u0131\u011fa dayan\u0131kl\u0131, uzun \u00f6m\u00fcrl\u00fc filtre eleman\u0131.<br data-start=\"606\" data-end=\"609\" \/><strong data-start=\"609\" data-end=\"628\">Kullan\u0131m Alan\u0131:<\/strong> STILL forklift ve end\u00fcstriyel hidrolik sistemler \u2013 Hidrolik ak\u0131\u015fkan\u0131n temiz ve g\u00fcvenli kalmas\u0131n\u0131 sa\u011flar.<br data-start=\"733\" data-end=\"736\" \/><strong data-start=\"736\" data-end=\"748\">Avantaj:<\/strong> Sistem korumas\u0131 ve performans \u2013 Motor ve pompa \u00f6mr\u00fcn\u00fc uzat\u0131r, bak\u0131m maliyetlerini d\u00fc\u015f\u00fcr\u00fcr.<\/p>\n","protected":false},"featured_media":18076,"template":"","meta":[],"product_brand":[],"product_cat":[241,498,524],"product_tag":[],"class_list":{"0":"post-18075","1":"product","2":"type-product","3":"status-publish","4":"has-post-thumbnail","6":"product_cat-still","7":"product_cat-filtre-cesitleri","8":"product_cat-yedek-parca-still","10":"first","11":"instock","12":"taxable","13":"shipping-taxable","14":"purchasable","15":"product-type-simple"},"_links":{"self":[{"href":"https:\/\/ceoparts.com\/tr\/wp-json\/wp\/v2\/product\/18075","targetHints":{"allow":["GET"]}}],"collection":[{"href":"https:\/\/ceoparts.com\/tr\/wp-json\/wp\/v2\/product"}],"about":[{"href":"https:\/\/ceoparts.com\/tr\/wp-json\/wp\/v2\/types\/product"}],"wp:featuredmedia":[{"embeddable":true,"href":"https:\/\/ceoparts.com\/tr\/wp-json\/wp\/v2\/media\/18076"}],"wp:attachment":[{"href":"https:\/\/ceoparts.com\/tr\/wp-json\/wp\/v2\/media?parent=18075"}],"wp:term":[{"taxonomy":"product_brand","embeddable":true,"href":"https:\/\/ceoparts.com\/tr\/wp-json\/wp\/v2\/product_brand?post=18075"},{"taxonomy":"product_cat","embeddable":true,"href":"https:\/\/ceoparts.com\/tr\/wp-json\/wp\/v2\/product_cat?post=18075"},{"taxonomy":"product_tag","embeddable":true,"href":"https:\/\/ceoparts.com\/tr\/wp-json\/wp\/v2\/product_tag?post=18075"}],"curies":[{"name":"wp","href":"https:\/\/api.w.org\/{rel}","templated":true}]}}