{"id":18080,"date":"2025-08-26T09:59:26","date_gmt":"2025-08-26T06:59:26","guid":{"rendered":"https:\/\/ceoparts.com\/?post_type=product&#038;p=18080"},"modified":"2026-05-16T14:17:44","modified_gmt":"2026-05-16T11:17:44","slug":"bt-magnet","status":"publish","type":"product","link":"https:\/\/ceoparts.com\/tr\/urun\/bt-magnet\/","title":{"rendered":"BT Magnet"},"content":{"rendered":"<p>BT Magnet<\/p>","protected":false},"excerpt":{"rendered":"<p><strong data-start=\"127\" data-end=\"140\">\u00dcr\u00fcn Ad\u0131:<\/strong> BT Magnet \u2013 Forkliftlerde ve end\u00fcstriyel ekipmanlarda kullan\u0131lan g\u00fc\u00e7l\u00fc bir manyetiktir. Metal par\u00e7alar\u0131 ta\u015f\u0131ma veya sabitleme i\u015flerinde g\u00fcvenli ve etkili kullan\u0131m sa\u011flar.<br data-start=\"311\" data-end=\"314\" \/><strong data-start=\"428\" data-end=\"440\">Malzeme:<\/strong> Y\u00fcksek kaliteli m\u0131knat\u0131s ve \u00e7elik \u2013 Uzun \u00f6m\u00fcrl\u00fc ve g\u00fc\u00e7l\u00fc manyetik kuvvet sa\u011flar.<br data-start=\"521\" data-end=\"524\" \/><strong data-start=\"524\" data-end=\"543\">Kullan\u0131m Alan\u0131:<\/strong> Forkliftler ve end\u00fcstriyel sistemler \u2013 Metal par\u00e7alar\u0131n ta\u015f\u0131nmas\u0131, kald\u0131r\u0131lmas\u0131 ve sabitlenmesinde kullan\u0131l\u0131r.<br data-start=\"654\" data-end=\"657\" \/><strong data-start=\"657\" data-end=\"669\">Avantaj:<\/strong> G\u00fcvenli ve verimli manyetik ta\u015f\u0131ma \u2013 Operasyonlar\u0131 h\u0131zland\u0131r\u0131r ve i\u015f g\u00fcvenli\u011fini art\u0131r\u0131r.<\/p>\n","protected":false},"featured_media":18081,"template":"","meta":[],"product_brand":[],"product_cat":[251,470,518],"product_tag":[],"class_list":{"0":"post-18080","1":"product","2":"type-product","3":"status-publish","4":"has-post-thumbnail","6":"product_cat-bt","7":"product_cat-diger-yedek-parcalar","8":"product_cat-yedek-parca-bt","10":"first","11":"instock","12":"taxable","13":"shipping-taxable","14":"purchasable","15":"product-type-simple"},"_links":{"self":[{"href":"https:\/\/ceoparts.com\/tr\/wp-json\/wp\/v2\/product\/18080","targetHints":{"allow":["GET"]}}],"collection":[{"href":"https:\/\/ceoparts.com\/tr\/wp-json\/wp\/v2\/product"}],"about":[{"href":"https:\/\/ceoparts.com\/tr\/wp-json\/wp\/v2\/types\/product"}],"wp:featuredmedia":[{"embeddable":true,"href":"https:\/\/ceoparts.com\/tr\/wp-json\/wp\/v2\/media\/18081"}],"wp:attachment":[{"href":"https:\/\/ceoparts.com\/tr\/wp-json\/wp\/v2\/media?parent=18080"}],"wp:term":[{"taxonomy":"product_brand","embeddable":true,"href":"https:\/\/ceoparts.com\/tr\/wp-json\/wp\/v2\/product_brand?post=18080"},{"taxonomy":"product_cat","embeddable":true,"href":"https:\/\/ceoparts.com\/tr\/wp-json\/wp\/v2\/product_cat?post=18080"},{"taxonomy":"product_tag","embeddable":true,"href":"https:\/\/ceoparts.com\/tr\/wp-json\/wp\/v2\/product_tag?post=18080"}],"curies":[{"name":"wp","href":"https:\/\/api.w.org\/{rel}","templated":true}]}}