{"id":18087,"date":"2025-08-26T10:29:36","date_gmt":"2025-08-26T07:29:36","guid":{"rendered":"https:\/\/ceoparts.com\/?post_type=product&#038;p=18087"},"modified":"2026-05-16T21:01:59","modified_gmt":"2026-05-16T18:01:59","slug":"linde-destek-demiri-15234404800","status":"publish","type":"product","link":"https:\/\/ceoparts.com\/tr\/urun\/linde-destek-demiri-15234404800\/","title":{"rendered":"Linde Destek Demiri &#8211; 15234404800"},"content":{"rendered":"<p>Linde Destek Demiri &#8211; 15234404800<\/p>","protected":false},"excerpt":{"rendered":"<p><strong data-start=\"175\" data-end=\"188\">\u00dcr\u00fcn Ad\u0131:<\/strong> Linde Destek Demiri \u2013 Forkliftlerde denge ve destek sa\u011flayan dayan\u0131kl\u0131 bir par\u00e7ad\u0131r. Ara\u00e7 stabilitesini art\u0131rarak g\u00fcvenli operasyon sa\u011flar.<br data-start=\"328\" data-end=\"331\" \/><strong data-start=\"331\" data-end=\"346\">Par\u00e7a Kodu:<\/strong> 15234404800 \u2013 Orijinal par\u00e7a kodu sayesinde do\u011fru par\u00e7a temini ve stok takibi kolayd\u0131r.<br data-start=\"434\" data-end=\"437\" \/><strong data-start=\"437\" data-end=\"449\">Malzeme:<\/strong> Y\u00fcksek dayan\u0131kl\u0131l\u0131kta \u00e7elik \u2013 Zorlu \u00e7al\u0131\u015fma ko\u015fullar\u0131na ve a\u011f\u0131r y\u00fcklemelere dayan\u0131kl\u0131d\u0131r.<br data-start=\"539\" data-end=\"542\" \/><strong data-start=\"542\" data-end=\"561\">Kullan\u0131m Alan\u0131:<\/strong> Linde forkliftler \u2013 Ara\u00e7 stabilitesini art\u0131r\u0131r ve g\u00fcvenli \u00e7al\u0131\u015fmay\u0131 destekler.<br data-start=\"640\" data-end=\"643\" \/><strong data-start=\"643\" data-end=\"655\">Avantaj:<\/strong> G\u00fcvenli ve sa\u011flam destek \u2013 Operasyon s\u0131ras\u0131nda devrilme riskini azalt\u0131r ve i\u015f g\u00fcvenli\u011fini art\u0131r\u0131r.<\/p>\n","protected":false},"featured_media":18088,"template":"","meta":[],"product_brand":[],"product_cat":[246,470,523],"product_tag":[],"class_list":{"0":"post-18087","1":"product","2":"type-product","3":"status-publish","4":"has-post-thumbnail","6":"product_cat-linde","7":"product_cat-diger-yedek-parcalar","8":"product_cat-yedek-parca-linde","10":"first","11":"instock","12":"taxable","13":"shipping-taxable","14":"purchasable","15":"product-type-simple"},"_links":{"self":[{"href":"https:\/\/ceoparts.com\/tr\/wp-json\/wp\/v2\/product\/18087","targetHints":{"allow":["GET"]}}],"collection":[{"href":"https:\/\/ceoparts.com\/tr\/wp-json\/wp\/v2\/product"}],"about":[{"href":"https:\/\/ceoparts.com\/tr\/wp-json\/wp\/v2\/types\/product"}],"wp:featuredmedia":[{"embeddable":true,"href":"https:\/\/ceoparts.com\/tr\/wp-json\/wp\/v2\/media\/18088"}],"wp:attachment":[{"href":"https:\/\/ceoparts.com\/tr\/wp-json\/wp\/v2\/media?parent=18087"}],"wp:term":[{"taxonomy":"product_brand","embeddable":true,"href":"https:\/\/ceoparts.com\/tr\/wp-json\/wp\/v2\/product_brand?post=18087"},{"taxonomy":"product_cat","embeddable":true,"href":"https:\/\/ceoparts.com\/tr\/wp-json\/wp\/v2\/product_cat?post=18087"},{"taxonomy":"product_tag","embeddable":true,"href":"https:\/\/ceoparts.com\/tr\/wp-json\/wp\/v2\/product_tag?post=18087"}],"curies":[{"name":"wp","href":"https:\/\/api.w.org\/{rel}","templated":true}]}}