{"id":18101,"date":"2025-08-26T11:11:41","date_gmt":"2025-08-26T08:11:41","guid":{"rendered":"https:\/\/ceoparts.com\/?post_type=product&#038;p=18101"},"modified":"2026-05-16T18:57:22","modified_gmt":"2026-05-16T15:57:22","slug":"still-hortum-klipsi-0393798","status":"publish","type":"product","link":"https:\/\/ceoparts.com\/tr\/urun\/still-hortum-klipsi-0393798\/","title":{"rendered":"Still Hortum Klipsi &#8211; 0393798"},"content":{"rendered":"<p>Still Hortum Klipsi &#8211; 0393798<\/p>\n<p><strong>Still<\/strong><\/p>\n<ul>\n<li>R60 6012-6013<\/li>\n<li>R60 6015-6016<\/li>\n<li>R60 6022-6025<\/li>\n<li>R60 6026-6029<\/li>\n<li>R60 6036-6039<\/li>\n<li>R60 6042-6045<\/li>\n<li>R60 6046-6049<\/li>\n<li>R70 7041-7043<\/li>\n<li>R70 7062-7064 D VW<\/li>\n<li>R70 7065i-7067i<\/li>\n<li>R70 7068-7070 T<\/li>\n<li>R70 7071-7073 D<\/li>\n<li>R70 7081-7083 T<\/li>\n<li>R70 7084-7086 T<\/li>\n<li>RC40 1,6 t &#8211; 2,0 t<\/li>\n<li>RC40 2,5 t &#8211; 3,5 t<\/li>\n<li>RC40-16\/-18\/-20<\/li>\n<li>RC40-16T\/-18T\/-20T<\/li>\n<li>RC40-25\/-30<\/li>\n<li>RC40-25T\/-30T<\/li>\n<li>RX20 14-20, 6219-6231<\/li>\n<li>RX20 6210-6217<\/li>\n<li>RX50 5061-5066<\/li>\n<li>RX60-18-20 6311-13-15<\/li>\n<li>RX60-25-35 6301-02, 6304-05, 6307-09, 6316-20<\/li>\n<li>RX60-25-35 6321-6325<\/li>\n<li>RX60-25-35 6345-48, 6353-56<\/li>\n<li>RX60-35-50 6331-37<\/li>\n<li>RX60-40-50 6327-6329<\/li>\n<li>RX70 20D-35D 7394-99<\/li>\n<li>RX70 4,0-5,0t D 7331-34<\/li>\n<li>RX70 4,0-5,0t T7335-38<\/li>\n<li>RX70-16D-20D 7311-7313<\/li>\n<li>RX70-16T-20T 7314-7316<\/li>\n<li>RX70-20D-35D 7300-7305<\/li>\n<li>RX70-20D-35D 7381-7384\/89\/90<\/li>\n<li>RX70-20T 7385-7388\/91\/92<\/li>\n<li>RX70-20T-35T 7400-7405<\/li>\n<li>RX70-20T35T R7306-09<\/li>\n<li>RX70-22D-35D R7361-64<\/li>\n<li>RX70-22T-35T 7325-7328<\/li>\n<li>RX70-22T-35T R7365-68<\/li>\n<\/ul>","protected":false},"excerpt":{"rendered":"<p><strong data-start=\"167\" data-end=\"180\">\u00dcr\u00fcn Ad\u0131:<\/strong> Still Hortum Klipsi \u2013 Forklift ve end\u00fcstriyel ekipmanlarda hortumlar\u0131 g\u00fcvenli \u015fekilde sabitleyen dayan\u0131kl\u0131 bir par\u00e7ad\u0131r. Hortumlar\u0131n yerinden \u00e7\u0131kmas\u0131n\u0131 \u00f6nler ve sistem g\u00fcvenli\u011fini art\u0131r\u0131r.<br data-start=\"369\" data-end=\"372\" \/><strong data-start=\"372\" data-end=\"387\">Par\u00e7a Kodu:<\/strong> 0393798 \u2013 Orijinal par\u00e7a kodu sayesinde do\u011fru par\u00e7a temini ve stok takibi kolayd\u0131r.<br data-start=\"471\" data-end=\"474\" \/><strong data-start=\"474\" data-end=\"486\">Malzeme:<\/strong> Y\u00fcksek kaliteli plastik veya metal \u2013 Uzun \u00f6m\u00fcrl\u00fc ve sa\u011flam malzeme.<br data-start=\"554\" data-end=\"557\" \/><strong data-start=\"557\" data-end=\"576\">Kullan\u0131m Alan\u0131:<\/strong> Still forkliftler ve end\u00fcstriyel makineler \u2013 Hidrolik ve hava hortumlar\u0131n\u0131n sabitlenmesinde kullan\u0131l\u0131r.<br data-start=\"680\" data-end=\"683\" \/><strong data-start=\"683\" data-end=\"695\">Avantaj:<\/strong> G\u00fcvenli ve d\u00fczenli hortum sabitleme \u2013 Hortumlar\u0131n hasar g\u00f6rmesini \u00f6nler ve operasyon g\u00fcvenli\u011fini art\u0131r\u0131r.<\/p>\n","protected":false},"featured_media":18102,"template":"","meta":[],"product_brand":[],"product_cat":[241,470,524],"product_tag":[],"class_list":{"0":"post-18101","1":"product","2":"type-product","3":"status-publish","4":"has-post-thumbnail","6":"product_cat-still","7":"product_cat-diger-yedek-parcalar","8":"product_cat-yedek-parca-still","10":"first","11":"instock","12":"taxable","13":"shipping-taxable","14":"purchasable","15":"product-type-simple"},"_links":{"self":[{"href":"https:\/\/ceoparts.com\/tr\/wp-json\/wp\/v2\/product\/18101","targetHints":{"allow":["GET"]}}],"collection":[{"href":"https:\/\/ceoparts.com\/tr\/wp-json\/wp\/v2\/product"}],"about":[{"href":"https:\/\/ceoparts.com\/tr\/wp-json\/wp\/v2\/types\/product"}],"wp:featuredmedia":[{"embeddable":true,"href":"https:\/\/ceoparts.com\/tr\/wp-json\/wp\/v2\/media\/18102"}],"wp:attachment":[{"href":"https:\/\/ceoparts.com\/tr\/wp-json\/wp\/v2\/media?parent=18101"}],"wp:term":[{"taxonomy":"product_brand","embeddable":true,"href":"https:\/\/ceoparts.com\/tr\/wp-json\/wp\/v2\/product_brand?post=18101"},{"taxonomy":"product_cat","embeddable":true,"href":"https:\/\/ceoparts.com\/tr\/wp-json\/wp\/v2\/product_cat?post=18101"},{"taxonomy":"product_tag","embeddable":true,"href":"https:\/\/ceoparts.com\/tr\/wp-json\/wp\/v2\/product_tag?post=18101"}],"curies":[{"name":"wp","href":"https:\/\/api.w.org\/{rel}","templated":true}]}}