{"id":18105,"date":"2025-08-26T11:26:33","date_gmt":"2025-08-26T08:26:33","guid":{"rendered":"https:\/\/ceoparts.com\/?post_type=product&#038;p=18105"},"modified":"2026-05-16T14:17:45","modified_gmt":"2026-05-16T11:17:45","slug":"still-clip-0729131","status":"publish","type":"product","link":"https:\/\/ceoparts.com\/tr\/urun\/still-clip-0729131\/","title":{"rendered":"Still Clip &#8211; 0729131"},"content":{"rendered":"<p>Still Clip &#8211; 0729131<\/p>","protected":false},"excerpt":{"rendered":"<p><strong data-start=\"149\" data-end=\"162\">\u00dcr\u00fcn Ad\u0131:<\/strong> Still Clip \u2013 Forklift ve end\u00fcstriyel ekipmanlarda \u00e7e\u015fitli par\u00e7alar\u0131 sabitlemek i\u00e7in kullan\u0131lan dayan\u0131kl\u0131 bir klip. Par\u00e7alar\u0131n g\u00fcvenli \u015fekilde yerinde kalmas\u0131n\u0131 sa\u011flar.<br data-start=\"330\" data-end=\"333\" \/><strong data-start=\"333\" data-end=\"348\">Par\u00e7a Kodu:<\/strong> 0729131 \u2013 Orijinal par\u00e7a kodu ile do\u011fru par\u00e7a temini ve stok takibi kolayd\u0131r.<br data-start=\"426\" data-end=\"429\" \/><strong data-start=\"429\" data-end=\"441\">Malzeme:<\/strong> Y\u00fcksek kaliteli plastik veya metal \u2013 Uzun \u00f6m\u00fcrl\u00fc ve sa\u011flam yap\u0131.<br data-start=\"506\" data-end=\"509\" \/><strong data-start=\"509\" data-end=\"528\">Kullan\u0131m Alan\u0131:<\/strong> Still forkliftler ve end\u00fcstriyel makineler \u2013 Hortum, kablo ve k\u00fc\u00e7\u00fck par\u00e7alar\u0131n sabitlenmesinde kullan\u0131l\u0131r.<br data-start=\"635\" data-end=\"638\" \/><strong data-start=\"638\" data-end=\"650\">Avantaj:<\/strong> G\u00fcvenli ve d\u00fczenli sabitleme \u2013 Par\u00e7alar\u0131n kaymas\u0131n\u0131 veya hasar g\u00f6rmesini \u00f6nler, operasyon g\u00fcvenli\u011fini art\u0131r\u0131r.<\/p>\n","protected":false},"featured_media":18108,"template":"","meta":[],"product_brand":[],"product_cat":[241,472,524],"product_tag":[],"class_list":{"0":"post-18105","1":"product","2":"type-product","3":"status-publish","4":"has-post-thumbnail","6":"product_cat-still","7":"product_cat-kaporta-aksami","8":"product_cat-yedek-parca-still","10":"first","11":"instock","12":"taxable","13":"shipping-taxable","14":"purchasable","15":"product-type-simple"},"_links":{"self":[{"href":"https:\/\/ceoparts.com\/tr\/wp-json\/wp\/v2\/product\/18105","targetHints":{"allow":["GET"]}}],"collection":[{"href":"https:\/\/ceoparts.com\/tr\/wp-json\/wp\/v2\/product"}],"about":[{"href":"https:\/\/ceoparts.com\/tr\/wp-json\/wp\/v2\/types\/product"}],"wp:featuredmedia":[{"embeddable":true,"href":"https:\/\/ceoparts.com\/tr\/wp-json\/wp\/v2\/media\/18108"}],"wp:attachment":[{"href":"https:\/\/ceoparts.com\/tr\/wp-json\/wp\/v2\/media?parent=18105"}],"wp:term":[{"taxonomy":"product_brand","embeddable":true,"href":"https:\/\/ceoparts.com\/tr\/wp-json\/wp\/v2\/product_brand?post=18105"},{"taxonomy":"product_cat","embeddable":true,"href":"https:\/\/ceoparts.com\/tr\/wp-json\/wp\/v2\/product_cat?post=18105"},{"taxonomy":"product_tag","embeddable":true,"href":"https:\/\/ceoparts.com\/tr\/wp-json\/wp\/v2\/product_tag?post=18105"}],"curies":[{"name":"wp","href":"https:\/\/api.w.org\/{rel}","templated":true}]}}