{"id":18125,"date":"2025-08-26T13:19:56","date_gmt":"2025-08-26T10:19:56","guid":{"rendered":"https:\/\/ceoparts.com\/?post_type=product&#038;p=18125"},"modified":"2026-05-16T14:16:27","modified_gmt":"2026-05-16T11:16:27","slug":"yale-kumanda-karti-582015751","status":"publish","type":"product","link":"https:\/\/ceoparts.com\/tr\/urun\/yale-kumanda-karti-582015751\/","title":{"rendered":"Yale Kumanda Kart\u0131 &#8211; 582015751"},"content":{"rendered":"<p>Yale Kumanda Kart\u0131 &#8211; 582015751<\/p>","protected":false},"excerpt":{"rendered":"<p><strong data-start=\"169\" data-end=\"182\">\u00dcr\u00fcn Ad\u0131:<\/strong> Yale Kumanda Kart\u0131 \u2013 Forkliftlerde ve end\u00fcstriyel ara\u00e7larda kullan\u0131lan elektronik bir kartt\u0131r. Ara\u00e7 kumanda ve kontrol sistemlerinin d\u00fczg\u00fcn \u00e7al\u0131\u015fmas\u0131n\u0131 sa\u011flar.<br data-start=\"342\" data-end=\"345\" \/><strong data-start=\"345\" data-end=\"360\">Par\u00e7a Kodu:<\/strong> 582015751 \u2013 Orijinal par\u00e7a kodu ile do\u011fru par\u00e7a temini ve stok takibi kolayd\u0131r.<br data-start=\"440\" data-end=\"443\" \/><strong data-start=\"443\" data-end=\"455\">Malzeme:<\/strong> Dayan\u0131kl\u0131 elektronik bile\u015fenler \u2013 Uzun \u00f6m\u00fcrl\u00fc ve g\u00fcvenilir performans sa\u011flar.<br data-start=\"533\" data-end=\"536\" \/><strong data-start=\"536\" data-end=\"555\">Kullan\u0131m Alan\u0131:<\/strong> Yale forkliftler ve end\u00fcstriyel ara\u00e7lar \u2013 Kumanda, y\u00f6n ve h\u0131z kontrol sistemlerinde kullan\u0131l\u0131r.<br data-start=\"651\" data-end=\"654\" \/><strong data-start=\"654\" data-end=\"666\">Avantaj:<\/strong> G\u00fcvenli ve hassas kontrol \u2013 Operasyonun do\u011fru ve sorunsuz \u00e7al\u0131\u015fmas\u0131n\u0131 sa\u011flar.<\/p>\n","protected":false},"featured_media":18149,"template":"","meta":[],"product_brand":[],"product_cat":[431],"product_tag":[],"class_list":{"0":"post-18125","1":"product","2":"type-product","3":"status-publish","4":"has-post-thumbnail","6":"product_cat-ekranlar-ve-kartlar","8":"first","9":"instock","10":"taxable","11":"shipping-taxable","12":"purchasable","13":"product-type-simple"},"_links":{"self":[{"href":"https:\/\/ceoparts.com\/tr\/wp-json\/wp\/v2\/product\/18125","targetHints":{"allow":["GET"]}}],"collection":[{"href":"https:\/\/ceoparts.com\/tr\/wp-json\/wp\/v2\/product"}],"about":[{"href":"https:\/\/ceoparts.com\/tr\/wp-json\/wp\/v2\/types\/product"}],"wp:featuredmedia":[{"embeddable":true,"href":"https:\/\/ceoparts.com\/tr\/wp-json\/wp\/v2\/media\/18149"}],"wp:attachment":[{"href":"https:\/\/ceoparts.com\/tr\/wp-json\/wp\/v2\/media?parent=18125"}],"wp:term":[{"taxonomy":"product_brand","embeddable":true,"href":"https:\/\/ceoparts.com\/tr\/wp-json\/wp\/v2\/product_brand?post=18125"},{"taxonomy":"product_cat","embeddable":true,"href":"https:\/\/ceoparts.com\/tr\/wp-json\/wp\/v2\/product_cat?post=18125"},{"taxonomy":"product_tag","embeddable":true,"href":"https:\/\/ceoparts.com\/tr\/wp-json\/wp\/v2\/product_tag?post=18125"}],"curies":[{"name":"wp","href":"https:\/\/api.w.org\/{rel}","templated":true}]}}