{"id":18132,"date":"2025-08-26T14:12:56","date_gmt":"2025-08-26T11:12:56","guid":{"rendered":"https:\/\/ceoparts.com\/?post_type=product&#038;p=18132"},"modified":"2026-05-16T13:00:09","modified_gmt":"2026-05-16T10:00:09","slug":"modul-trombet-89997","status":"publish","type":"product","link":"https:\/\/ceoparts.com\/tr\/urun\/modul-trombet-89997\/","title":{"rendered":"Mod\u00fcl Trombet &#8211; 89997"},"content":{"rendered":"<p>Mod\u00fcl Trombet &#8211; 89997<\/p>","protected":false},"excerpt":{"rendered":"<p><strong data-start=\"151\" data-end=\"164\">\u00dcr\u00fcn Ad\u0131:<\/strong> Mod\u00fcl Trombet \u2013 Forklift ve end\u00fcstriyel ara\u00e7larda kullan\u0131lan bir elektronik mod\u00fcld\u00fcr. Sesli ikaz ve alarm sistemlerini kontrol eder.<br data-start=\"297\" data-end=\"300\" \/><strong data-start=\"300\" data-end=\"315\">Par\u00e7a Kodu:<\/strong> 89997 \u2013 Orijinal par\u00e7a kodu ile do\u011fru par\u00e7a temini ve stok takibi sa\u011flan\u0131r.<br data-start=\"391\" data-end=\"394\" \/><strong data-start=\"394\" data-end=\"406\">Malzeme:<\/strong> Dayan\u0131kl\u0131 elektronik bile\u015fenler \u2013 Uzun \u00f6m\u00fcrl\u00fc ve g\u00fcvenilir performans sunar.<br data-start=\"483\" data-end=\"486\" \/><strong data-start=\"486\" data-end=\"505\">Kullan\u0131m Alan\u0131:<\/strong> Forkliftler ve end\u00fcstriyel ara\u00e7lar \u2013 Sesli uyar\u0131 sistemlerinde kullan\u0131l\u0131r.<br data-start=\"580\" data-end=\"583\" \/><strong data-start=\"583\" data-end=\"595\">Avantaj:<\/strong> G\u00fcvenli ve etkili uyar\u0131 \u2013 Operat\u00f6rleri bilgilendirir ve i\u015f g\u00fcvenli\u011fini art\u0131r\u0131r.<\/p>\n","protected":false},"featured_media":18136,"template":"","meta":[],"product_brand":[],"product_cat":[469],"product_tag":[],"class_list":{"0":"post-18132","1":"product","2":"type-product","3":"status-publish","4":"has-post-thumbnail","6":"product_cat-elektrik-ve-sistem-parcalari","8":"first","9":"instock","10":"taxable","11":"shipping-taxable","12":"purchasable","13":"product-type-simple"},"_links":{"self":[{"href":"https:\/\/ceoparts.com\/tr\/wp-json\/wp\/v2\/product\/18132","targetHints":{"allow":["GET"]}}],"collection":[{"href":"https:\/\/ceoparts.com\/tr\/wp-json\/wp\/v2\/product"}],"about":[{"href":"https:\/\/ceoparts.com\/tr\/wp-json\/wp\/v2\/types\/product"}],"wp:featuredmedia":[{"embeddable":true,"href":"https:\/\/ceoparts.com\/tr\/wp-json\/wp\/v2\/media\/18136"}],"wp:attachment":[{"href":"https:\/\/ceoparts.com\/tr\/wp-json\/wp\/v2\/media?parent=18132"}],"wp:term":[{"taxonomy":"product_brand","embeddable":true,"href":"https:\/\/ceoparts.com\/tr\/wp-json\/wp\/v2\/product_brand?post=18132"},{"taxonomy":"product_cat","embeddable":true,"href":"https:\/\/ceoparts.com\/tr\/wp-json\/wp\/v2\/product_cat?post=18132"},{"taxonomy":"product_tag","embeddable":true,"href":"https:\/\/ceoparts.com\/tr\/wp-json\/wp\/v2\/product_tag?post=18132"}],"curies":[{"name":"wp","href":"https:\/\/api.w.org\/{rel}","templated":true}]}}