{"id":18137,"date":"2025-08-26T14:43:13","date_gmt":"2025-08-26T11:43:13","guid":{"rendered":"https:\/\/ceoparts.com\/?post_type=product&#038;p=18137"},"modified":"2026-05-16T13:23:14","modified_gmt":"2026-05-16T10:23:14","slug":"180x65-75-25-blickle-denge-tekeri-51367028-27637400","status":"publish","type":"product","link":"https:\/\/ceoparts.com\/tr\/urun\/180x65-75-25-blickle-denge-tekeri-51367028-27637400\/","title":{"rendered":"180&#215;65\/75-25 Blickle Denge Tekeri &#8211; 51367028 ,27637400"},"content":{"rendered":"<p>180&#215;65\/75-25 Blickle Denge Tekeri &#8211; 51367028 ,27637400<\/p>\n<p><\/p>\n<div>\n<div class=\"font12\">Jungheinrich 27637400, 51056244, 50316136, 51367028<\/div>\n<div class=\"font12\"><\/div>\n<div class=\"font12\">ECE 20 \/ 3.93 \u2013 8.97<\/div>\n<div class=\"font12\">ECC 10 \/ 5.94 \u2013 3.98<br \/>\nECC 10 \/ 4.98 \u2013 4.98<br \/>\nECC 10 AC \/ 2.03 \u2013 3.04<br \/>\nECC SH 20 \/ 4.98 \u2013 10.02<br \/>\nECC SH 20 AC \/ 11.02 \u2013 3.04<\/div>\n<div class=\"font12\">ECE 20 \/ 3.93 \u2013 8.97<br \/>\nECE 20 \u2013 TC \/ 7.99 \u2013 3.03<br \/>\nECE 20 AC \/ 7.01 \u2013 3.04<br \/>\nECE 20 AC XL \/ 6.02 \u2013 3.04<br \/>\nECE 20 ASDA\/SAFEWAY \/ 3.00 \u2013 9.02<br \/>\nECE 20 hebbare Standplattform \/ 9.97 \u2013 12.02<br \/>\nECE 20 Serie\/Tesco -03.2000 \/ 4.98 \u2013 2.00<br \/>\nECE 20 Tesco \/ 3.00 \u2013 9.02<br \/>\nECE 220 HP AC \/ 4.04 \u2013 11.07<br \/>\nECE 220 XL \/ 4.04 \u2013 3.08<br \/>\nECE 220-ac \/ 4.04 \u2013 4.07<br \/>\nECE 220\/225 \/ 12.06 \u2013 7.09<br \/>\nECE 220\/225 \/ 8.09 \u2013<br \/>\nECE 225 HP \/ 12.07 \u2013<br \/>\nECE 225 XL \/ 12.07 \u2013 12.08<br \/>\nECE 225 XL \/ 1.09 \u2013<br \/>\nECE 310 \/ 4.04 \u2013 12.07<br \/>\nECE 310 \/ 1.08 \u2013<br \/>\nECE 320 \/ 4.04 \u2013 12.07<br \/>\nECE 320 \/ 1.08 \u2013 7.09<br \/>\nECE 320 \/ 8.09 \u2013<\/div>\n<div class=\"font12\">EJE-L 16 \/ 8.93 \u2013 1.96<\/div>\n<div class=\"font12\">EKC 12,5 \/ 16 \/ 2.95 \u2013 12.99<br \/>\nEKC 12,5 \/ 16 \/ 1.00 \u2013 4.04<br \/>\nEKC 20 \/ 5.04 \u2013 12.04<br \/>\nEKC-Z \/ 5.04 \u2013 12.04<br \/>\nEKC-Z 12,5 \/ 16 \/ 2.95 \u2013 12.99<\/div>\n<div class=\"font12\">EKD 10-20 \/ 5.95 \u2013 12.99<br \/>\nEKD 20 \/ 10.03 \u2013 12.04<\/div>\n<div class=\"font12\">EKE 20 \/ 1.91 \u2013 4.94<br \/>\nEKE 20 \/ 5.94 \u2013 5.97<br \/>\nEKE 20 24V \/ 8.97 \u2013 5.03<br \/>\nEKE 20 s \/ 8.03 \u2013 12.04<\/div>\n<div class=\"font12\">ERC 12,5 \/ 7.88 \u2013 9.94<br \/>\nESC 2 \/ 1.05 \u2013 7.09<br \/>\nESC 214\/216Z \/ 8.09 \u2013<br \/>\nESC 316\/316Z \/ 11.07 \u2013<br \/>\nESC Z \/ 1.05 \u2013 7.09<\/div>\n<div class=\"font12\">ESD 220 \/ 1.05 \u2013<\/div>\n<div class=\"font12\">ESE 220 \/ 1.05 \u2013 1.10<br \/>\nESE 320 \/ 1.05 \u2013 1.10<\/div>\n<\/div>\n<div><\/div>\n<div><\/div>\n<p><\/p>","protected":false},"excerpt":{"rendered":"<div class=\"product-title\">Blickle Extrathane\u00ae poli\u00fcretan teker kaplamal\u0131 denge tekeri, d\u00f6k\u00fcm jantl\u0131<\/div>\n<div class=\"series-text\">\n<p><b>Teker kaplamas\u0131:<\/b><\/p>\n<ul>\n<li>y\u00fcksek kaliteli poli\u00fcretan elastomer Blickle Extrathane\u00ae, sertlik 92\u00a0Shore\u00a0A<\/li>\n<li>d\u00fc\u015f\u00fck yuvarlanma direnci<\/li>\n<li>a\u015f\u0131nmaya kar\u015f\u0131 \u00e7ok dayan\u0131kl\u0131<\/li>\n<li>y\u00fcksek oranda kesilmeye ve ilerleyen y\u0131rt\u0131lmaya kar\u015f\u0131 dayan\u0131ml\u0131<\/li>\n<li>renk sar\u0131, iz b\u0131rakmayan, temas halinde iz b\u0131rakmayan<\/li>\n<li>jant ile \u00e7ok iyi kimyasal ba\u011f kurar<\/li>\n<\/ul>\n<p><b>Jant:<\/b><\/p>\n<ul>\n<li>gri pik d\u00f6k\u00fcm<\/li>\n<li>gres\u00f6rl\u00fck ile<\/li>\n<li>boyanm\u0131\u015f, renk g\u00fcm\u00fc\u015f<\/li>\n<\/ul>\n<p><b>Di\u011fer \u00f6zellikler:<\/b><\/p>\n<ul>\n<li>\u00e7ok say\u0131da agresif maddeye kar\u015f\u0131 y\u00fcksek kimyasal dayan\u0131m<\/li>\n<li>\u0131s\u0131ya dayan\u0131kl\u0131: -20\u00a0\u00b0C ile +70\u00a0\u00b0C aras\u0131nda, k\u0131sa s\u00fcreli +90\u00a0\u00b0C \u2019ye kadar, +40\u00a0\u00b0C \u00fczerinde d\u00fc\u015f\u00fck ta\u015f\u0131ma kapasitesi<\/li>\n<\/ul>\n<\/div>\n","protected":false},"featured_media":18140,"template":"","meta":[],"product_brand":[],"product_cat":[236,237,246,247,501,185],"product_tag":[],"class_list":{"0":"post-18137","1":"product","2":"type-product","3":"status-publish","4":"has-post-thumbnail","6":"product_cat-jungheinrich","7":"product_cat-denge-tekeri-jungheinrich","8":"product_cat-linde","9":"product_cat-denge-tekeri-linde","10":"product_cat-denge-tekeri-blickle","11":"product_cat-denge-tekeri","13":"first","14":"instock","15":"taxable","16":"shipping-taxable","17":"purchasable","18":"product-type-simple"},"_links":{"self":[{"href":"https:\/\/ceoparts.com\/tr\/wp-json\/wp\/v2\/product\/18137","targetHints":{"allow":["GET"]}}],"collection":[{"href":"https:\/\/ceoparts.com\/tr\/wp-json\/wp\/v2\/product"}],"about":[{"href":"https:\/\/ceoparts.com\/tr\/wp-json\/wp\/v2\/types\/product"}],"wp:featuredmedia":[{"embeddable":true,"href":"https:\/\/ceoparts.com\/tr\/wp-json\/wp\/v2\/media\/18140"}],"wp:attachment":[{"href":"https:\/\/ceoparts.com\/tr\/wp-json\/wp\/v2\/media?parent=18137"}],"wp:term":[{"taxonomy":"product_brand","embeddable":true,"href":"https:\/\/ceoparts.com\/tr\/wp-json\/wp\/v2\/product_brand?post=18137"},{"taxonomy":"product_cat","embeddable":true,"href":"https:\/\/ceoparts.com\/tr\/wp-json\/wp\/v2\/product_cat?post=18137"},{"taxonomy":"product_tag","embeddable":true,"href":"https:\/\/ceoparts.com\/tr\/wp-json\/wp\/v2\/product_tag?post=18137"}],"curies":[{"name":"wp","href":"https:\/\/api.w.org\/{rel}","templated":true}]}}