{"id":18299,"date":"2025-09-10T10:57:56","date_gmt":"2025-09-10T07:57:56","guid":{"rendered":"https:\/\/ceoparts.com\/?post_type=product&#038;p=18299"},"modified":"2026-05-16T15:02:32","modified_gmt":"2026-05-16T12:02:32","slug":"ep-denge-mekanizmasi-takimi-sol","status":"publish","type":"product","link":"https:\/\/ceoparts.com\/tr\/urun\/ep-denge-mekanizmasi-takimi-sol\/","title":{"rendered":"EP Denge  Mekanizmas\u0131 &#8211; Sol"},"content":{"rendered":"<p>EP Denge  Mekanizmas\u0131 &#8211; Sol<\/p>","protected":false},"excerpt":{"rendered":"<p data-start=\"138\" data-end=\"480\">EP denge mekanizmas\u0131 tak\u0131m\u0131 \u2013 sol, forklift ve i\u015f makinelerinde dengeyi sa\u011flamak ve g\u00fcvenli \u00e7al\u0131\u015fma ko\u015fullar\u0131n\u0131 korumak i\u00e7in \u00f6zel olarak tasarlanm\u0131\u015ft\u0131r. Sa\u011flam yap\u0131s\u0131 sayesinde uzun \u00f6m\u00fcrl\u00fc kullan\u0131m sunar ve zorlu ko\u015fullarda bile stabil performans g\u00f6sterir. End\u00fcstriyel ortamlarda g\u00fcvenlik ve verimlili\u011fi art\u0131ran \u00f6nemli bir par\u00e7ad\u0131r.<\/p>\n<p data-start=\"482\" data-end=\"719\"><strong data-start=\"482\" data-end=\"496\">\u00d6zellikler<\/strong><br data-start=\"496\" data-end=\"499\" \/><strong data-start=\"499\" data-end=\"512\">\u00dcr\u00fcn Ad\u0131:<\/strong> EP Denge Mekanizmas\u0131 Tak\u0131m\u0131 \u2013 Sol<br data-start=\"546\" data-end=\"549\" \/><strong data-start=\"549\" data-end=\"564\">Par\u00e7a Kodu:<\/strong> Belirtilmemi\u015f<br data-start=\"578\" data-end=\"581\" \/><strong data-start=\"581\" data-end=\"593\">Malzeme:<\/strong> \u00c7elik g\u00f6vde<br data-start=\"605\" data-end=\"608\" \/><strong data-start=\"608\" data-end=\"627\">Kullan\u0131m Alan\u0131:<\/strong> Forklift ve i\u015f makineleri<br data-start=\"653\" data-end=\"656\" \/><strong data-start=\"656\" data-end=\"668\">Avantaj:<\/strong> Y\u00fcksek dayan\u0131kl\u0131l\u0131k, g\u00fcvenli kullan\u0131m, uzun \u00f6m\u00fcr<\/p>\n","protected":false},"featured_media":18304,"template":"","meta":[],"product_brand":[],"product_cat":[420],"product_tag":[],"class_list":{"0":"post-18299","1":"product","2":"type-product","3":"status-publish","4":"has-post-thumbnail","6":"product_cat-denge-mekanizmalar","8":"first","9":"instock","10":"taxable","11":"shipping-taxable","12":"purchasable","13":"product-type-simple"},"_links":{"self":[{"href":"https:\/\/ceoparts.com\/tr\/wp-json\/wp\/v2\/product\/18299","targetHints":{"allow":["GET"]}}],"collection":[{"href":"https:\/\/ceoparts.com\/tr\/wp-json\/wp\/v2\/product"}],"about":[{"href":"https:\/\/ceoparts.com\/tr\/wp-json\/wp\/v2\/types\/product"}],"wp:featuredmedia":[{"embeddable":true,"href":"https:\/\/ceoparts.com\/tr\/wp-json\/wp\/v2\/media\/18304"}],"wp:attachment":[{"href":"https:\/\/ceoparts.com\/tr\/wp-json\/wp\/v2\/media?parent=18299"}],"wp:term":[{"taxonomy":"product_brand","embeddable":true,"href":"https:\/\/ceoparts.com\/tr\/wp-json\/wp\/v2\/product_brand?post=18299"},{"taxonomy":"product_cat","embeddable":true,"href":"https:\/\/ceoparts.com\/tr\/wp-json\/wp\/v2\/product_cat?post=18299"},{"taxonomy":"product_tag","embeddable":true,"href":"https:\/\/ceoparts.com\/tr\/wp-json\/wp\/v2\/product_tag?post=18299"}],"curies":[{"name":"wp","href":"https:\/\/api.w.org\/{rel}","templated":true}]}}