{"id":18311,"date":"2025-09-13T12:06:38","date_gmt":"2025-09-13T09:06:38","guid":{"rendered":"https:\/\/ceoparts.com\/?post_type=product&#038;p=18311"},"modified":"2026-05-16T12:03:50","modified_gmt":"2026-05-16T09:03:50","slug":"crown-sensor-818949","status":"publish","type":"product","link":"https:\/\/ceoparts.com\/tr\/urun\/crown-sensor-818949\/","title":{"rendered":"Crown Sens\u00f6r &#8211; 818949"},"content":{"rendered":"<p>Crown Sens\u00f6r &#8211; 818949<\/p>","protected":false},"excerpt":{"rendered":"<p>Crown sens\u00f6r \u2013 818949, forklift ve i\u015f makinelerinde do\u011fru ve g\u00fcvenilir \u00f6l\u00e7\u00fcm sa\u011flamak i\u00e7in tasarlanm\u0131\u015ft\u0131r. Dayan\u0131kl\u0131 yap\u0131s\u0131 ile uzun \u00f6m\u00fcrl\u00fc kullan\u0131m sunar ve hassas performans gerektiren uygulamalarda g\u00fcvenilir sonu\u00e7 verir. Operasyon verimlili\u011fini art\u0131ran \u00f6nemli bir par\u00e7ad\u0131r.<\/p>\n<p><strong>\u00d6zellikler<\/strong><br \/>\n<strong>\u00dcr\u00fcn Ad\u0131:<\/strong> Crown Sens\u00f6r<br \/>\n<strong>Par\u00e7a Kodu:<\/strong> 818949<br \/>\n<strong>Malzeme:<\/strong> Y\u00fcksek kaliteli elektronik bile\u015fenler<br \/>\n<strong>Kullan\u0131m Alan\u0131:<\/strong> Forklift ve i\u015f makineleri<br \/>\n<strong>Avantaj:<\/strong> Hassas \u00f6l\u00e7\u00fcm, uzun \u00f6m\u00fcr, g\u00fcvenilir performans<\/p>\n","protected":false},"featured_media":18312,"template":"","meta":[],"product_brand":[],"product_cat":[469,272,519],"product_tag":[],"class_list":{"0":"post-18311","1":"product","2":"type-product","3":"status-publish","4":"has-post-thumbnail","6":"product_cat-elektrik-ve-sistem-parcalari","7":"product_cat-crown","8":"product_cat-yedek-parca-crown","10":"first","11":"instock","12":"taxable","13":"shipping-taxable","14":"purchasable","15":"product-type-simple"},"_links":{"self":[{"href":"https:\/\/ceoparts.com\/tr\/wp-json\/wp\/v2\/product\/18311","targetHints":{"allow":["GET"]}}],"collection":[{"href":"https:\/\/ceoparts.com\/tr\/wp-json\/wp\/v2\/product"}],"about":[{"href":"https:\/\/ceoparts.com\/tr\/wp-json\/wp\/v2\/types\/product"}],"wp:featuredmedia":[{"embeddable":true,"href":"https:\/\/ceoparts.com\/tr\/wp-json\/wp\/v2\/media\/18312"}],"wp:attachment":[{"href":"https:\/\/ceoparts.com\/tr\/wp-json\/wp\/v2\/media?parent=18311"}],"wp:term":[{"taxonomy":"product_brand","embeddable":true,"href":"https:\/\/ceoparts.com\/tr\/wp-json\/wp\/v2\/product_brand?post=18311"},{"taxonomy":"product_cat","embeddable":true,"href":"https:\/\/ceoparts.com\/tr\/wp-json\/wp\/v2\/product_cat?post=18311"},{"taxonomy":"product_tag","embeddable":true,"href":"https:\/\/ceoparts.com\/tr\/wp-json\/wp\/v2\/product_tag?post=18311"}],"curies":[{"name":"wp","href":"https:\/\/api.w.org\/{rel}","templated":true}]}}