{"id":18317,"date":"2025-09-15T13:11:47","date_gmt":"2025-09-15T10:11:47","guid":{"rendered":"https:\/\/ceoparts.com\/?post_type=product&#038;p=18317"},"modified":"2026-05-16T15:32:45","modified_gmt":"2026-05-16T12:32:45","slug":"bt-rre160-tutamak-7596047","status":"publish","type":"product","link":"https:\/\/ceoparts.com\/tr\/urun\/bt-rre160-tutamak-7596047\/","title":{"rendered":"BT RRE160 Tutamak &#8211; 7596047"},"content":{"rendered":"<p>BT RRE160 Tutamak &#8211; 7596047<\/p>","protected":false},"excerpt":{"rendered":"<p>BT RRE160 tutamak \u2013 7596047, forklift ve i\u015f makinelerinde ergonomik ve g\u00fcvenli kullan\u0131m sa\u011flamak i\u00e7in tasarlanm\u0131\u015ft\u0131r. Dayan\u0131kl\u0131 malzemesi sayesinde uzun \u00f6m\u00fcrl\u00fcd\u00fcr ve yo\u011fun i\u015f ko\u015fullar\u0131nda bile performans kayb\u0131 ya\u015fatmaz. Kullan\u0131c\u0131 konforunu art\u0131ran ve operasyon verimlili\u011fini destekleyen \u00f6nemli bir par\u00e7ad\u0131r.<\/p>\n<p><strong>\u00d6zellikler<\/strong><br \/>\n<strong>\u00dcr\u00fcn Ad\u0131:<\/strong> BT RRE160 Tutamak<br \/>\n<strong>Par\u00e7a Kodu:<\/strong> 7596047<br \/>\n<strong>Malzeme:<\/strong> Dayan\u0131kl\u0131 plastik ve metal<br \/>\n<strong>Kullan\u0131m Alan\u0131:<\/strong> Forklift ve i\u015f makineleri<br \/>\n<strong>Avantaj:<\/strong> Ergonomik tasar\u0131m, uzun \u00f6m\u00fcr, g\u00fcvenli kullan\u0131m<\/p>\n","protected":false},"featured_media":18323,"template":"","meta":[],"product_brand":[],"product_cat":[470,251,518],"product_tag":[],"class_list":{"0":"post-18317","1":"product","2":"type-product","3":"status-publish","4":"has-post-thumbnail","6":"product_cat-diger-yedek-parcalar","7":"product_cat-bt","8":"product_cat-yedek-parca-bt","10":"first","11":"instock","12":"taxable","13":"shipping-taxable","14":"purchasable","15":"product-type-simple"},"_links":{"self":[{"href":"https:\/\/ceoparts.com\/tr\/wp-json\/wp\/v2\/product\/18317","targetHints":{"allow":["GET"]}}],"collection":[{"href":"https:\/\/ceoparts.com\/tr\/wp-json\/wp\/v2\/product"}],"about":[{"href":"https:\/\/ceoparts.com\/tr\/wp-json\/wp\/v2\/types\/product"}],"wp:featuredmedia":[{"embeddable":true,"href":"https:\/\/ceoparts.com\/tr\/wp-json\/wp\/v2\/media\/18323"}],"wp:attachment":[{"href":"https:\/\/ceoparts.com\/tr\/wp-json\/wp\/v2\/media?parent=18317"}],"wp:term":[{"taxonomy":"product_brand","embeddable":true,"href":"https:\/\/ceoparts.com\/tr\/wp-json\/wp\/v2\/product_brand?post=18317"},{"taxonomy":"product_cat","embeddable":true,"href":"https:\/\/ceoparts.com\/tr\/wp-json\/wp\/v2\/product_cat?post=18317"},{"taxonomy":"product_tag","embeddable":true,"href":"https:\/\/ceoparts.com\/tr\/wp-json\/wp\/v2\/product_tag?post=18317"}],"curies":[{"name":"wp","href":"https:\/\/api.w.org\/{rel}","templated":true}]}}