{"id":18324,"date":"2025-09-15T13:24:15","date_gmt":"2025-09-15T10:24:15","guid":{"rendered":"https:\/\/ceoparts.com\/?post_type=product&#038;p=18324"},"modified":"2026-05-16T18:41:02","modified_gmt":"2026-05-16T15:41:02","slug":"jungheinrich-kaydirma-yatagi-51152710","status":"publish","type":"product","link":"https:\/\/ceoparts.com\/tr\/urun\/jungheinrich-kaydirma-yatagi-51152710\/","title":{"rendered":"Jungheinrich Kayd\u0131rma Yata\u011f\u0131 &#8211; 51152710"},"content":{"rendered":"<p>Jungheinrich Kayd\u0131rma Yata\u011f\u0131 &#8211; 51152710<\/p>","protected":false},"excerpt":{"rendered":"<p>Jungheinrich kayd\u0131rma yata\u011f\u0131 \u2013 51152710, forklift ve i\u015f makinelerinde sorunsuz ve g\u00fcvenli hareket sa\u011flamak i\u00e7in tasarlanm\u0131\u015ft\u0131r. Dayan\u0131kl\u0131 yap\u0131s\u0131 ile uzun \u00f6m\u00fcrl\u00fc kullan\u0131m sunar ve y\u00fcksek performans gerektiren uygulamalarda g\u00fcvenilirlik sa\u011flar. Operasyon verimlili\u011fini art\u0131ran kritik bir par\u00e7ad\u0131r.<\/p>\n<p><strong>\u00d6zellikler<\/strong><br \/>\n<strong>\u00dcr\u00fcn Ad\u0131:<\/strong> Jungheinrich Kayd\u0131rma Yata\u011f\u0131<br \/>\n<strong>Par\u00e7a Kodu:<\/strong> 51152710<br \/>\n<strong>Malzeme:<\/strong> Y\u00fcksek dayan\u0131kl\u0131l\u0131k sa\u011flayan metal ala\u015f\u0131m\u0131<br \/>\n<strong>Kullan\u0131m Alan\u0131:<\/strong> Forklift ve i\u015f makineleri<br \/>\n<strong>Avantaj:<\/strong> Sorunsuz kayma, uzun \u00f6m\u00fcr, y\u00fcksek performans<\/p>\n","protected":false},"featured_media":18328,"template":"","meta":[],"product_brand":[],"product_cat":[470,236,522],"product_tag":[],"class_list":{"0":"post-18324","1":"product","2":"type-product","3":"status-publish","4":"has-post-thumbnail","6":"product_cat-diger-yedek-parcalar","7":"product_cat-jungheinrich","8":"product_cat-yedek-parca-jungheinrich","10":"first","11":"instock","12":"taxable","13":"shipping-taxable","14":"purchasable","15":"product-type-simple"},"_links":{"self":[{"href":"https:\/\/ceoparts.com\/tr\/wp-json\/wp\/v2\/product\/18324","targetHints":{"allow":["GET"]}}],"collection":[{"href":"https:\/\/ceoparts.com\/tr\/wp-json\/wp\/v2\/product"}],"about":[{"href":"https:\/\/ceoparts.com\/tr\/wp-json\/wp\/v2\/types\/product"}],"wp:featuredmedia":[{"embeddable":true,"href":"https:\/\/ceoparts.com\/tr\/wp-json\/wp\/v2\/media\/18328"}],"wp:attachment":[{"href":"https:\/\/ceoparts.com\/tr\/wp-json\/wp\/v2\/media?parent=18324"}],"wp:term":[{"taxonomy":"product_brand","embeddable":true,"href":"https:\/\/ceoparts.com\/tr\/wp-json\/wp\/v2\/product_brand?post=18324"},{"taxonomy":"product_cat","embeddable":true,"href":"https:\/\/ceoparts.com\/tr\/wp-json\/wp\/v2\/product_cat?post=18324"},{"taxonomy":"product_tag","embeddable":true,"href":"https:\/\/ceoparts.com\/tr\/wp-json\/wp\/v2\/product_tag?post=18324"}],"curies":[{"name":"wp","href":"https:\/\/api.w.org\/{rel}","templated":true}]}}