{"id":18329,"date":"2025-09-15T13:47:30","date_gmt":"2025-09-15T10:47:30","guid":{"rendered":"https:\/\/ceoparts.com\/?post_type=product&#038;p=18329"},"modified":"2026-05-16T15:12:39","modified_gmt":"2026-05-16T12:12:39","slug":"bt-spe160-komur-takimi-240","status":"publish","type":"product","link":"https:\/\/ceoparts.com\/tr\/urun\/bt-spe160-komur-takimi-240\/","title":{"rendered":"BT SPE160 K\u00f6m\u00fcr Tak\u0131m\u0131 &#8211; 246003"},"content":{"rendered":"<p>BT SPE160 K\u00f6m\u00fcr Tak\u0131m\u0131 &#8211; 246003<\/p>","protected":false},"excerpt":{"rendered":"<p>BT SPE160 k\u00f6m\u00fcr tak\u0131m\u0131 \u2013 246003, forklift ve i\u015f makinelerinde motor performans\u0131n\u0131 korumak ve verimli \u00e7al\u0131\u015fmay\u0131 sa\u011flamak i\u00e7in tasarlanm\u0131\u015ft\u0131r. Y\u00fcksek kaliteli malzemesi sayesinde uzun \u00f6m\u00fcrl\u00fc kullan\u0131m sunar ve s\u00fcrekli operasyonlarda g\u00fcvenilir performans sa\u011flar. Operasyonel verimlili\u011fi art\u0131ran kritik bir par\u00e7ad\u0131r.<\/p>\n<p><strong>\u00d6zellikler<\/strong><br \/>\n<strong>\u00dcr\u00fcn Ad\u0131:<\/strong> BT SPE160 K\u00f6m\u00fcr Tak\u0131m\u0131<br \/>\n<strong>Par\u00e7a Kodu:<\/strong> 246003<br \/>\n<strong>Malzeme:<\/strong> Y\u00fcksek kaliteli karbon malzeme<br \/>\n<strong>Kullan\u0131m Alan\u0131:<\/strong> Forklift ve i\u015f makineleri<br \/>\n<strong>Avantaj:<\/strong> Uzun \u00f6m\u00fcr, g\u00fcvenilir performans, motor koruma<\/p>\n","protected":false},"featured_media":18330,"template":"","meta":[],"product_brand":[],"product_cat":[470,251,518],"product_tag":[],"class_list":{"0":"post-18329","1":"product","2":"type-product","3":"status-publish","4":"has-post-thumbnail","6":"product_cat-diger-yedek-parcalar","7":"product_cat-bt","8":"product_cat-yedek-parca-bt","10":"first","11":"instock","12":"taxable","13":"shipping-taxable","14":"purchasable","15":"product-type-simple"},"_links":{"self":[{"href":"https:\/\/ceoparts.com\/tr\/wp-json\/wp\/v2\/product\/18329","targetHints":{"allow":["GET"]}}],"collection":[{"href":"https:\/\/ceoparts.com\/tr\/wp-json\/wp\/v2\/product"}],"about":[{"href":"https:\/\/ceoparts.com\/tr\/wp-json\/wp\/v2\/types\/product"}],"wp:featuredmedia":[{"embeddable":true,"href":"https:\/\/ceoparts.com\/tr\/wp-json\/wp\/v2\/media\/18330"}],"wp:attachment":[{"href":"https:\/\/ceoparts.com\/tr\/wp-json\/wp\/v2\/media?parent=18329"}],"wp:term":[{"taxonomy":"product_brand","embeddable":true,"href":"https:\/\/ceoparts.com\/tr\/wp-json\/wp\/v2\/product_brand?post=18329"},{"taxonomy":"product_cat","embeddable":true,"href":"https:\/\/ceoparts.com\/tr\/wp-json\/wp\/v2\/product_cat?post=18329"},{"taxonomy":"product_tag","embeddable":true,"href":"https:\/\/ceoparts.com\/tr\/wp-json\/wp\/v2\/product_tag?post=18329"}],"curies":[{"name":"wp","href":"https:\/\/api.w.org\/{rel}","templated":true}]}}