{"id":18332,"date":"2025-09-15T14:12:30","date_gmt":"2025-09-15T11:12:30","guid":{"rendered":"https:\/\/ceoparts.com\/?post_type=product&#038;p=18332"},"modified":"2026-05-16T10:46:51","modified_gmt":"2026-05-16T07:46:51","slug":"gosterge-ekrani-eje116-51540707","status":"publish","type":"product","link":"https:\/\/ceoparts.com\/tr\/urun\/gosterge-ekrani-eje116-51540707\/","title":{"rendered":"G\u00f6sterge Ekran\u0131 &#8211; EJE116 &#8211; 51540707"},"content":{"rendered":"<p>G\u00f6sterge Ekran\u0131 &#8211; EJE116 &#8211; 51540707<\/p>","protected":false},"excerpt":{"rendered":"<p>G\u00f6sterge ekran\u0131 \u2013 EJE116 \u2013 51540707, forklift ve i\u015f makinelerinde operat\u00f6r\u00fcn t\u00fcm kritik bilgileri kolayca takip etmesini sa\u011flamak i\u00e7in tasarlanm\u0131\u015ft\u0131r. Dayan\u0131kl\u0131 yap\u0131s\u0131 uzun \u00f6m\u00fcrl\u00fc kullan\u0131m sunar ve zorlu \u00e7al\u0131\u015fma ko\u015fullar\u0131nda bile g\u00fcvenilir performans sa\u011flar. Operasyon verimlili\u011fini art\u0131ran ve g\u00fcvenli\u011fi destekleyen \u00f6nemli bir par\u00e7ad\u0131r.<\/p>\n<p><strong>\u00d6zellikler<\/strong><br \/>\n<strong>\u00dcr\u00fcn Ad\u0131:<\/strong> G\u00f6sterge Ekran\u0131 \u2013 EJE116<br \/>\n<strong>Par\u00e7a Kodu:<\/strong> 51540707<br \/>\n<strong>Malzeme:<\/strong> Y\u00fcksek kaliteli elektronik bile\u015fenler<br \/>\n<strong>Kullan\u0131m Alan\u0131:<\/strong> Forklift ve i\u015f makineleri<br \/>\n<strong>Avantaj:<\/strong> Kolay izleme, uzun \u00f6m\u00fcr, g\u00fcvenilir performans<\/p>\n","protected":false},"featured_media":18336,"template":"","meta":[],"product_brand":[],"product_cat":[431],"product_tag":[],"class_list":{"0":"post-18332","1":"product","2":"type-product","3":"status-publish","4":"has-post-thumbnail","6":"product_cat-ekranlar-ve-kartlar","8":"first","9":"instock","10":"taxable","11":"shipping-taxable","12":"purchasable","13":"product-type-simple"},"_links":{"self":[{"href":"https:\/\/ceoparts.com\/tr\/wp-json\/wp\/v2\/product\/18332","targetHints":{"allow":["GET"]}}],"collection":[{"href":"https:\/\/ceoparts.com\/tr\/wp-json\/wp\/v2\/product"}],"about":[{"href":"https:\/\/ceoparts.com\/tr\/wp-json\/wp\/v2\/types\/product"}],"wp:featuredmedia":[{"embeddable":true,"href":"https:\/\/ceoparts.com\/tr\/wp-json\/wp\/v2\/media\/18336"}],"wp:attachment":[{"href":"https:\/\/ceoparts.com\/tr\/wp-json\/wp\/v2\/media?parent=18332"}],"wp:term":[{"taxonomy":"product_brand","embeddable":true,"href":"https:\/\/ceoparts.com\/tr\/wp-json\/wp\/v2\/product_brand?post=18332"},{"taxonomy":"product_cat","embeddable":true,"href":"https:\/\/ceoparts.com\/tr\/wp-json\/wp\/v2\/product_cat?post=18332"},{"taxonomy":"product_tag","embeddable":true,"href":"https:\/\/ceoparts.com\/tr\/wp-json\/wp\/v2\/product_tag?post=18332"}],"curies":[{"name":"wp","href":"https:\/\/api.w.org\/{rel}","templated":true}]}}