{"id":18358,"date":"2025-09-16T14:50:52","date_gmt":"2025-09-16T11:50:52","guid":{"rendered":"https:\/\/ceoparts.com\/?post_type=product&#038;p=18358"},"modified":"2026-05-16T20:15:24","modified_gmt":"2026-05-16T17:15:24","slug":"bt-catal-ayak-tekerleksiz-261189","status":"publish","type":"product","link":"https:\/\/ceoparts.com\/tr\/urun\/bt-catal-ayak-tekerleksiz-261189\/","title":{"rendered":"BT \u00c7atal Ayak ( Tekerleksiz ) &#8211; 261189"},"content":{"rendered":"<p>BT \u00c7atal Ayak ( Tekerleksiz ) &#8211; 261189<\/p>","protected":false},"excerpt":{"rendered":"<p>BT \u00e7atal ayak (tekerleksiz) \u2013 261189, forklift ve i\u015f makinelerinde y\u00fck\u00fcn dengeli ta\u015f\u0131nmas\u0131n\u0131 sa\u011flamak i\u00e7in tasarlanm\u0131\u015ft\u0131r. Dayan\u0131kl\u0131 malzemesi uzun \u00f6m\u00fcrl\u00fc kullan\u0131m sunar ve a\u011f\u0131r i\u015f ko\u015fullar\u0131nda bile g\u00fcvenilir performans sa\u011flar. Operasyon verimlili\u011fini art\u0131ran ve g\u00fcvenli\u011fi destekleyen \u00f6nemli bir par\u00e7ad\u0131r.<\/p>\n<p><strong>\u00d6zellikler<\/strong><br \/>\n<strong>\u00dcr\u00fcn Ad\u0131:<\/strong> BT \u00c7atal Ayak (Tekerleksiz)<br \/>\n<strong>Par\u00e7a Kodu:<\/strong> 261189<br \/>\n<strong>Malzeme:<\/strong> Y\u00fcksek dayan\u0131kl\u0131l\u0131\u011fa sahip metal ala\u015f\u0131m\u0131<br \/>\n<strong>Kullan\u0131m Alan\u0131:<\/strong> Forklift ve i\u015f makineleri<br \/>\n<strong>Avantaj:<\/strong> Y\u00fcksek dayan\u0131kl\u0131l\u0131k, g\u00fcvenli kullan\u0131m, uzun \u00f6m\u00fcr<\/p>\n","protected":false},"featured_media":18362,"template":"","meta":[],"product_brand":[],"product_cat":[406,251,407],"product_tag":[],"class_list":{"0":"post-18358","1":"product","2":"type-product","3":"status-publish","4":"has-post-thumbnail","6":"product_cat-catal-mekanizma","7":"product_cat-bt","8":"product_cat-bt-catal-mekanizmalari","10":"first","11":"instock","12":"taxable","13":"shipping-taxable","14":"purchasable","15":"product-type-simple"},"_links":{"self":[{"href":"https:\/\/ceoparts.com\/tr\/wp-json\/wp\/v2\/product\/18358","targetHints":{"allow":["GET"]}}],"collection":[{"href":"https:\/\/ceoparts.com\/tr\/wp-json\/wp\/v2\/product"}],"about":[{"href":"https:\/\/ceoparts.com\/tr\/wp-json\/wp\/v2\/types\/product"}],"wp:featuredmedia":[{"embeddable":true,"href":"https:\/\/ceoparts.com\/tr\/wp-json\/wp\/v2\/media\/18362"}],"wp:attachment":[{"href":"https:\/\/ceoparts.com\/tr\/wp-json\/wp\/v2\/media?parent=18358"}],"wp:term":[{"taxonomy":"product_brand","embeddable":true,"href":"https:\/\/ceoparts.com\/tr\/wp-json\/wp\/v2\/product_brand?post=18358"},{"taxonomy":"product_cat","embeddable":true,"href":"https:\/\/ceoparts.com\/tr\/wp-json\/wp\/v2\/product_cat?post=18358"},{"taxonomy":"product_tag","embeddable":true,"href":"https:\/\/ceoparts.com\/tr\/wp-json\/wp\/v2\/product_tag?post=18358"}],"curies":[{"name":"wp","href":"https:\/\/api.w.org\/{rel}","templated":true}]}}