{"id":18363,"date":"2025-09-16T15:45:52","date_gmt":"2025-09-16T12:45:52","guid":{"rendered":"https:\/\/ceoparts.com\/?post_type=product&#038;p=18363"},"modified":"2026-05-16T13:16:49","modified_gmt":"2026-05-16T10:16:49","slug":"bt-rre160-pim","status":"publish","type":"product","link":"https:\/\/ceoparts.com\/tr\/urun\/bt-rre160-pim\/","title":{"rendered":"BT RRE160 Pim"},"content":{"rendered":"<p>BT RRE160 Pim<\/p>","protected":false},"excerpt":{"rendered":"<p data-start=\"96\" data-end=\"404\"><strong data-start=\"96\" data-end=\"113\">BT RRE160 Pim<\/strong>, forklift ve depo ekipmanlar\u0131nda g\u00fcvenli ba\u011flant\u0131 ve sabitleme i\u00e7in tasarlanm\u0131\u015f, dayan\u0131kl\u0131 ve y\u00fcksek performansl\u0131 bir pim modelidir. Y\u00fcksek mukavemetli yap\u0131s\u0131 sayesinde a\u011f\u0131r i\u015f ko\u015fullar\u0131nda g\u00fcvenli kullan\u0131m sunar. \u00d6zellikle yo\u011fun i\u015f alanlar\u0131nda uzun \u00f6m\u00fcrl\u00fc ve g\u00fcvenilir performans sa\u011flar.<\/p>\n<p data-start=\"406\" data-end=\"423\"><strong data-start=\"406\" data-end=\"421\">\u00d6zellikler:<\/strong><\/p>\n<ul data-start=\"424\" data-end=\"718\">\n<li data-start=\"424\" data-end=\"455\">\n<p data-start=\"426\" data-end=\"455\"><strong data-start=\"426\" data-end=\"439\">\u00dcr\u00fcn Ad\u0131:<\/strong> BT RRE160 Pim<\/p>\n<\/li>\n<li data-start=\"456\" data-end=\"489\">\n<p data-start=\"458\" data-end=\"489\"><strong data-start=\"458\" data-end=\"473\">Par\u00e7a Kodu:<\/strong> Belirtilmemi\u015f<\/p>\n<\/li>\n<li data-start=\"490\" data-end=\"536\">\n<p data-start=\"492\" data-end=\"536\"><strong data-start=\"492\" data-end=\"504\">Malzeme:<\/strong> Y\u00fcksek dayan\u0131ml\u0131 metal ala\u015f\u0131m<\/p>\n<\/li>\n<li data-start=\"537\" data-end=\"613\">\n<p data-start=\"539\" data-end=\"613\"><strong data-start=\"539\" data-end=\"558\">Kullan\u0131m Alan\u0131:<\/strong> Forklift ve depo ara\u00e7lar\u0131 ba\u011flant\u0131 ve sabitleme pimi<\/p>\n<\/li>\n<li data-start=\"614\" data-end=\"718\">\n<p data-start=\"616\" data-end=\"718\"><strong data-start=\"616\" data-end=\"628\">Avantaj:<\/strong> Dayan\u0131kl\u0131 yap\u0131, a\u011f\u0131r i\u015f ko\u015fullar\u0131nda g\u00fcvenli kullan\u0131m, uzun \u00f6m\u00fcrl\u00fc ve stabil performans<\/p>\n<\/li>\n<\/ul>\n","protected":false},"featured_media":18367,"template":"","meta":[],"product_brand":[],"product_cat":[467,251,518],"product_tag":[],"class_list":{"0":"post-18363","1":"product","2":"type-product","3":"status-publish","4":"has-post-thumbnail","6":"product_cat-mil-grubu","7":"product_cat-bt","8":"product_cat-yedek-parca-bt","10":"first","11":"instock","12":"taxable","13":"shipping-taxable","14":"purchasable","15":"product-type-simple"},"_links":{"self":[{"href":"https:\/\/ceoparts.com\/tr\/wp-json\/wp\/v2\/product\/18363","targetHints":{"allow":["GET"]}}],"collection":[{"href":"https:\/\/ceoparts.com\/tr\/wp-json\/wp\/v2\/product"}],"about":[{"href":"https:\/\/ceoparts.com\/tr\/wp-json\/wp\/v2\/types\/product"}],"wp:featuredmedia":[{"embeddable":true,"href":"https:\/\/ceoparts.com\/tr\/wp-json\/wp\/v2\/media\/18367"}],"wp:attachment":[{"href":"https:\/\/ceoparts.com\/tr\/wp-json\/wp\/v2\/media?parent=18363"}],"wp:term":[{"taxonomy":"product_brand","embeddable":true,"href":"https:\/\/ceoparts.com\/tr\/wp-json\/wp\/v2\/product_brand?post=18363"},{"taxonomy":"product_cat","embeddable":true,"href":"https:\/\/ceoparts.com\/tr\/wp-json\/wp\/v2\/product_cat?post=18363"},{"taxonomy":"product_tag","embeddable":true,"href":"https:\/\/ceoparts.com\/tr\/wp-json\/wp\/v2\/product_tag?post=18363"}],"curies":[{"name":"wp","href":"https:\/\/api.w.org\/{rel}","templated":true}]}}