{"id":18377,"date":"2025-09-20T12:14:39","date_gmt":"2025-09-20T09:14:39","guid":{"rendered":"https:\/\/ceoparts.com\/?post_type=product&#038;p=18377"},"modified":"2026-05-16T15:37:23","modified_gmt":"2026-05-16T12:37:23","slug":"rema-sr50a-aku-soketi-gri","status":"publish","type":"product","link":"https:\/\/ceoparts.com\/tr\/urun\/rema-sr50a-aku-soketi-gri\/","title":{"rendered":"Rema SR 50A Ak\u00fc Soketi Gri"},"content":{"rendered":"<p>Rema SR 50A Ak\u00fc Soketi Gri<\/p>","protected":false},"excerpt":{"rendered":"<p data-start=\"135\" data-end=\"405\"><strong data-start=\"135\" data-end=\"165\">Rema SR 50A Ak\u00fc Soketi Gri<\/strong>, forklift, depo ekipmanlar\u0131 ve di\u011fer elektrikli ara\u00e7larda g\u00fcvenli ak\u00fc ba\u011flant\u0131s\u0131 i\u00e7in tasarlanm\u0131\u015f, dayan\u0131kl\u0131 ve y\u00fcksek performansl\u0131 bir soket modelidir. Y\u00fcksek ak\u0131m ta\u015f\u0131ma kapasitesi sayesinde g\u00fcvenli ve kesintisiz enerji iletimi sa\u011flar.<\/p>\n<p data-start=\"407\" data-end=\"424\"><strong data-start=\"407\" data-end=\"422\">\u00d6zellikler:<\/strong><\/p>\n<ul data-start=\"425\" data-end=\"753\">\n<li data-start=\"425\" data-end=\"469\">\n<p data-start=\"427\" data-end=\"469\"><strong data-start=\"427\" data-end=\"440\">\u00dcr\u00fcn Ad\u0131:<\/strong> Rema SR 50A Ak\u00fc Soketi Gri<\/p>\n<\/li>\n<li data-start=\"470\" data-end=\"503\">\n<p data-start=\"472\" data-end=\"503\"><strong data-start=\"472\" data-end=\"487\">Par\u00e7a Kodu:<\/strong> Belirtilmemi\u015f<\/p>\n<\/li>\n<li data-start=\"504\" data-end=\"562\">\n<p data-start=\"506\" data-end=\"562\"><strong data-start=\"506\" data-end=\"518\">Malzeme:<\/strong> Dayan\u0131kl\u0131 plastik ve iletken metal ala\u015f\u0131m<\/p>\n<\/li>\n<li data-start=\"563\" data-end=\"652\">\n<p data-start=\"565\" data-end=\"652\"><strong data-start=\"565\" data-end=\"584\">Kullan\u0131m Alan\u0131:<\/strong> Forklift, depo ara\u00e7lar\u0131 ve elektrikli ekipmanlarda ak\u00fc ba\u011flant\u0131s\u0131<\/p>\n<\/li>\n<li data-start=\"653\" data-end=\"753\">\n<p data-start=\"655\" data-end=\"753\"><strong data-start=\"655\" data-end=\"667\">Avantaj:<\/strong> Y\u00fcksek ak\u0131m ta\u015f\u0131ma kapasitesi, dayan\u0131kl\u0131 yap\u0131, g\u00fcvenli ve kesintisiz enerji iletimi<\/p>\n<\/li>\n<\/ul>\n","protected":false},"featured_media":18454,"template":"","meta":[],"product_brand":[],"product_cat":[444],"product_tag":[],"class_list":{"0":"post-18377","1":"product","2":"type-product","3":"status-publish","4":"has-post-thumbnail","6":"product_cat-aku-fisi","8":"first","9":"instock","10":"taxable","11":"shipping-taxable","12":"purchasable","13":"product-type-simple"},"_links":{"self":[{"href":"https:\/\/ceoparts.com\/tr\/wp-json\/wp\/v2\/product\/18377","targetHints":{"allow":["GET"]}}],"collection":[{"href":"https:\/\/ceoparts.com\/tr\/wp-json\/wp\/v2\/product"}],"about":[{"href":"https:\/\/ceoparts.com\/tr\/wp-json\/wp\/v2\/types\/product"}],"wp:featuredmedia":[{"embeddable":true,"href":"https:\/\/ceoparts.com\/tr\/wp-json\/wp\/v2\/media\/18454"}],"wp:attachment":[{"href":"https:\/\/ceoparts.com\/tr\/wp-json\/wp\/v2\/media?parent=18377"}],"wp:term":[{"taxonomy":"product_brand","embeddable":true,"href":"https:\/\/ceoparts.com\/tr\/wp-json\/wp\/v2\/product_brand?post=18377"},{"taxonomy":"product_cat","embeddable":true,"href":"https:\/\/ceoparts.com\/tr\/wp-json\/wp\/v2\/product_cat?post=18377"},{"taxonomy":"product_tag","embeddable":true,"href":"https:\/\/ceoparts.com\/tr\/wp-json\/wp\/v2\/product_tag?post=18377"}],"curies":[{"name":"wp","href":"https:\/\/api.w.org\/{rel}","templated":true}]}}