{"id":18408,"date":"2025-09-22T13:18:08","date_gmt":"2025-09-22T10:18:08","guid":{"rendered":"https:\/\/ceoparts.com\/?post_type=product&#038;p=18408"},"modified":"2026-05-16T18:10:23","modified_gmt":"2026-05-16T15:10:23","slug":"rema-aku-soketi-sre-320-gri","status":"publish","type":"product","link":"https:\/\/ceoparts.com\/tr\/urun\/rema-aku-soketi-sre-320-gri\/","title":{"rendered":"Rema Ak\u00fc Soketi SRE 320 Gri"},"content":{"rendered":"<p>Rema Ak\u00fc Soketi SRE 320 Gri<\/p>","protected":false},"excerpt":{"rendered":"<p data-start=\"133\" data-end=\"404\"><strong data-start=\"133\" data-end=\"164\">Rema Ak\u00fc Soketi SRE 320 Gri<\/strong>, forklift, depo ekipmanlar\u0131 ve di\u011fer elektrikli ara\u00e7larda g\u00fcvenli ak\u00fc ba\u011flant\u0131s\u0131 i\u00e7in tasarlanm\u0131\u015f, dayan\u0131kl\u0131 ve y\u00fcksek performansl\u0131 bir soket modelidir. Y\u00fcksek ak\u0131m ta\u015f\u0131ma kapasitesi sayesinde g\u00fcvenli ve kesintisiz enerji iletimi sa\u011flar.<\/p>\n<p data-start=\"406\" data-end=\"423\"><strong data-start=\"406\" data-end=\"421\">\u00d6zellikler:<\/strong><\/p>\n<ul data-start=\"424\" data-end=\"753\">\n<li data-start=\"424\" data-end=\"469\">\n<p data-start=\"426\" data-end=\"469\"><strong data-start=\"426\" data-end=\"439\">\u00dcr\u00fcn Ad\u0131:<\/strong> Rema Ak\u00fc Soketi SRE 320 Gri<\/p>\n<\/li>\n<li data-start=\"470\" data-end=\"503\">\n<p data-start=\"472\" data-end=\"503\"><strong data-start=\"472\" data-end=\"487\">Par\u00e7a Kodu:<\/strong> Belirtilmemi\u015f<\/p>\n<\/li>\n<li data-start=\"504\" data-end=\"562\">\n<p data-start=\"506\" data-end=\"562\"><strong data-start=\"506\" data-end=\"518\">Malzeme:<\/strong> Dayan\u0131kl\u0131 plastik ve iletken metal ala\u015f\u0131m<\/p>\n<\/li>\n<li data-start=\"563\" data-end=\"652\">\n<p data-start=\"565\" data-end=\"652\"><strong data-start=\"565\" data-end=\"584\">Kullan\u0131m Alan\u0131:<\/strong> Forklift, depo ara\u00e7lar\u0131 ve elektrikli ekipmanlarda ak\u00fc ba\u011flant\u0131s\u0131<\/p>\n<\/li>\n<li data-start=\"653\" data-end=\"753\">\n<p data-start=\"655\" data-end=\"753\"><strong data-start=\"655\" data-end=\"667\">Avantaj:<\/strong> Y\u00fcksek ak\u0131m ta\u015f\u0131ma kapasitesi, dayan\u0131kl\u0131 yap\u0131, g\u00fcvenli ve kesintisiz enerji iletimi<\/p>\n<\/li>\n<\/ul>\n","protected":false},"featured_media":18409,"template":"","meta":[],"product_brand":[],"product_cat":[444],"product_tag":[],"class_list":{"0":"post-18408","1":"product","2":"type-product","3":"status-publish","4":"has-post-thumbnail","6":"product_cat-aku-fisi","8":"first","9":"instock","10":"taxable","11":"shipping-taxable","12":"purchasable","13":"product-type-simple"},"_links":{"self":[{"href":"https:\/\/ceoparts.com\/tr\/wp-json\/wp\/v2\/product\/18408","targetHints":{"allow":["GET"]}}],"collection":[{"href":"https:\/\/ceoparts.com\/tr\/wp-json\/wp\/v2\/product"}],"about":[{"href":"https:\/\/ceoparts.com\/tr\/wp-json\/wp\/v2\/types\/product"}],"wp:featuredmedia":[{"embeddable":true,"href":"https:\/\/ceoparts.com\/tr\/wp-json\/wp\/v2\/media\/18409"}],"wp:attachment":[{"href":"https:\/\/ceoparts.com\/tr\/wp-json\/wp\/v2\/media?parent=18408"}],"wp:term":[{"taxonomy":"product_brand","embeddable":true,"href":"https:\/\/ceoparts.com\/tr\/wp-json\/wp\/v2\/product_brand?post=18408"},{"taxonomy":"product_cat","embeddable":true,"href":"https:\/\/ceoparts.com\/tr\/wp-json\/wp\/v2\/product_cat?post=18408"},{"taxonomy":"product_tag","embeddable":true,"href":"https:\/\/ceoparts.com\/tr\/wp-json\/wp\/v2\/product_tag?post=18408"}],"curies":[{"name":"wp","href":"https:\/\/api.w.org\/{rel}","templated":true}]}}