{"id":18413,"date":"2025-09-22T13:21:39","date_gmt":"2025-09-22T10:21:39","guid":{"rendered":"https:\/\/ceoparts.com\/?post_type=product&#038;p=18413"},"modified":"2026-05-16T18:41:07","modified_gmt":"2026-05-16T15:41:07","slug":"rema-aku-soketi-sr-350-kirmizi","status":"publish","type":"product","link":"https:\/\/ceoparts.com\/tr\/urun\/rema-aku-soketi-sr-350-kirmizi\/","title":{"rendered":"Rema Ak\u00fc Soketi SR 350 K\u0131rm\u0131z\u0131"},"content":{"rendered":"<p>Rema Ak\u00fc Soketi SR 350 K\u0131rm\u0131z\u0131<\/p>","protected":false},"excerpt":{"rendered":"<p data-start=\"136\" data-end=\"410\"><strong data-start=\"136\" data-end=\"170\">Rema Ak\u00fc Soketi SR 350 K\u0131rm\u0131z\u0131<\/strong>, forklift, depo ekipmanlar\u0131 ve di\u011fer elektrikli ara\u00e7larda g\u00fcvenli ak\u00fc ba\u011flant\u0131s\u0131 i\u00e7in tasarlanm\u0131\u015f, dayan\u0131kl\u0131 ve y\u00fcksek performansl\u0131 bir soket modelidir. Y\u00fcksek ak\u0131m ta\u015f\u0131ma kapasitesi sayesinde g\u00fcvenli ve kesintisiz enerji iletimi sa\u011flar.<\/p>\n<p data-start=\"412\" data-end=\"429\"><strong data-start=\"412\" data-end=\"427\">\u00d6zellikler:<\/strong><\/p>\n<ul data-start=\"430\" data-end=\"762\">\n<li data-start=\"430\" data-end=\"478\">\n<p data-start=\"432\" data-end=\"478\"><strong data-start=\"432\" data-end=\"445\">\u00dcr\u00fcn Ad\u0131:<\/strong> Rema Ak\u00fc Soketi SR 350 K\u0131rm\u0131z\u0131<\/p>\n<\/li>\n<li data-start=\"479\" data-end=\"512\">\n<p data-start=\"481\" data-end=\"512\"><strong data-start=\"481\" data-end=\"496\">Par\u00e7a Kodu:<\/strong> Belirtilmemi\u015f<\/p>\n<\/li>\n<li data-start=\"513\" data-end=\"571\">\n<p data-start=\"515\" data-end=\"571\"><strong data-start=\"515\" data-end=\"527\">Malzeme:<\/strong> Dayan\u0131kl\u0131 plastik ve iletken metal ala\u015f\u0131m<\/p>\n<\/li>\n<li data-start=\"572\" data-end=\"661\">\n<p data-start=\"574\" data-end=\"661\"><strong data-start=\"574\" data-end=\"593\">Kullan\u0131m Alan\u0131:<\/strong> Forklift, depo ara\u00e7lar\u0131 ve elektrikli ekipmanlarda ak\u00fc ba\u011flant\u0131s\u0131<\/p>\n<\/li>\n<li data-start=\"662\" data-end=\"762\">\n<p data-start=\"664\" data-end=\"762\"><strong data-start=\"664\" data-end=\"676\">Avantaj:<\/strong> Y\u00fcksek ak\u0131m ta\u015f\u0131ma kapasitesi, dayan\u0131kl\u0131 yap\u0131, g\u00fcvenli ve kesintisiz enerji iletimi<\/p>\n<\/li>\n<\/ul>\n","protected":false},"featured_media":18470,"template":"","meta":[],"product_brand":[],"product_cat":[444],"product_tag":[],"class_list":{"0":"post-18413","1":"product","2":"type-product","3":"status-publish","4":"has-post-thumbnail","6":"product_cat-aku-fisi","8":"first","9":"instock","10":"taxable","11":"shipping-taxable","12":"purchasable","13":"product-type-simple"},"_links":{"self":[{"href":"https:\/\/ceoparts.com\/tr\/wp-json\/wp\/v2\/product\/18413","targetHints":{"allow":["GET"]}}],"collection":[{"href":"https:\/\/ceoparts.com\/tr\/wp-json\/wp\/v2\/product"}],"about":[{"href":"https:\/\/ceoparts.com\/tr\/wp-json\/wp\/v2\/types\/product"}],"wp:featuredmedia":[{"embeddable":true,"href":"https:\/\/ceoparts.com\/tr\/wp-json\/wp\/v2\/media\/18470"}],"wp:attachment":[{"href":"https:\/\/ceoparts.com\/tr\/wp-json\/wp\/v2\/media?parent=18413"}],"wp:term":[{"taxonomy":"product_brand","embeddable":true,"href":"https:\/\/ceoparts.com\/tr\/wp-json\/wp\/v2\/product_brand?post=18413"},{"taxonomy":"product_cat","embeddable":true,"href":"https:\/\/ceoparts.com\/tr\/wp-json\/wp\/v2\/product_cat?post=18413"},{"taxonomy":"product_tag","embeddable":true,"href":"https:\/\/ceoparts.com\/tr\/wp-json\/wp\/v2\/product_tag?post=18413"}],"curies":[{"name":"wp","href":"https:\/\/api.w.org\/{rel}","templated":true}]}}