{"id":18418,"date":"2025-09-22T13:32:56","date_gmt":"2025-09-22T10:32:56","guid":{"rendered":"https:\/\/ceoparts.com\/?post_type=product&#038;p=18418"},"modified":"2026-05-16T12:10:29","modified_gmt":"2026-05-16T09:10:29","slug":"rema-aku-soketi-sr-350-gri","status":"publish","type":"product","link":"https:\/\/ceoparts.com\/tr\/urun\/rema-aku-soketi-sr-350-gri\/","title":{"rendered":"Rema Ak\u00fc Soketi SR 350 Gri"},"content":{"rendered":"<p>Rema Ak\u00fc Soketi SR 350 Gri<\/p>","protected":false},"excerpt":{"rendered":"<p data-start=\"132\" data-end=\"402\"><strong data-start=\"132\" data-end=\"162\">Rema Ak\u00fc Soketi SR 350 Gri<\/strong>, forklift, depo ekipmanlar\u0131 ve di\u011fer elektrikli ara\u00e7larda g\u00fcvenli ak\u00fc ba\u011flant\u0131s\u0131 i\u00e7in tasarlanm\u0131\u015f, dayan\u0131kl\u0131 ve y\u00fcksek performansl\u0131 bir soket modelidir. Y\u00fcksek ak\u0131m ta\u015f\u0131ma kapasitesi sayesinde g\u00fcvenli ve kesintisiz enerji iletimi sa\u011flar.<\/p>\n<p data-start=\"404\" data-end=\"421\"><strong data-start=\"404\" data-end=\"419\">\u00d6zellikler:<\/strong><\/p>\n<ul data-start=\"422\" data-end=\"750\">\n<li data-start=\"422\" data-end=\"466\">\n<p data-start=\"424\" data-end=\"466\"><strong data-start=\"424\" data-end=\"437\">\u00dcr\u00fcn Ad\u0131:<\/strong> Rema Ak\u00fc Soketi SR 350 Gri<\/p>\n<\/li>\n<li data-start=\"467\" data-end=\"500\">\n<p data-start=\"469\" data-end=\"500\"><strong data-start=\"469\" data-end=\"484\">Par\u00e7a Kodu:<\/strong> Belirtilmemi\u015f<\/p>\n<\/li>\n<li data-start=\"501\" data-end=\"559\">\n<p data-start=\"503\" data-end=\"559\"><strong data-start=\"503\" data-end=\"515\">Malzeme:<\/strong> Dayan\u0131kl\u0131 plastik ve iletken metal ala\u015f\u0131m<\/p>\n<\/li>\n<li data-start=\"560\" data-end=\"649\">\n<p data-start=\"562\" data-end=\"649\"><strong data-start=\"562\" data-end=\"581\">Kullan\u0131m Alan\u0131:<\/strong> Forklift, depo ara\u00e7lar\u0131 ve elektrikli ekipmanlarda ak\u00fc ba\u011flant\u0131s\u0131<\/p>\n<\/li>\n<li data-start=\"650\" data-end=\"750\">\n<p data-start=\"652\" data-end=\"750\"><strong data-start=\"652\" data-end=\"664\">Avantaj:<\/strong> Y\u00fcksek ak\u0131m ta\u015f\u0131ma kapasitesi, dayan\u0131kl\u0131 yap\u0131, g\u00fcvenli ve kesintisiz enerji iletimi<\/p>\n<\/li>\n<\/ul>\n","protected":false},"featured_media":18472,"template":"","meta":[],"product_brand":[],"product_cat":[444],"product_tag":[],"class_list":{"0":"post-18418","1":"product","2":"type-product","3":"status-publish","4":"has-post-thumbnail","6":"product_cat-aku-fisi","8":"first","9":"instock","10":"taxable","11":"shipping-taxable","12":"purchasable","13":"product-type-simple"},"_links":{"self":[{"href":"https:\/\/ceoparts.com\/tr\/wp-json\/wp\/v2\/product\/18418","targetHints":{"allow":["GET"]}}],"collection":[{"href":"https:\/\/ceoparts.com\/tr\/wp-json\/wp\/v2\/product"}],"about":[{"href":"https:\/\/ceoparts.com\/tr\/wp-json\/wp\/v2\/types\/product"}],"wp:featuredmedia":[{"embeddable":true,"href":"https:\/\/ceoparts.com\/tr\/wp-json\/wp\/v2\/media\/18472"}],"wp:attachment":[{"href":"https:\/\/ceoparts.com\/tr\/wp-json\/wp\/v2\/media?parent=18418"}],"wp:term":[{"taxonomy":"product_brand","embeddable":true,"href":"https:\/\/ceoparts.com\/tr\/wp-json\/wp\/v2\/product_brand?post=18418"},{"taxonomy":"product_cat","embeddable":true,"href":"https:\/\/ceoparts.com\/tr\/wp-json\/wp\/v2\/product_cat?post=18418"},{"taxonomy":"product_tag","embeddable":true,"href":"https:\/\/ceoparts.com\/tr\/wp-json\/wp\/v2\/product_tag?post=18418"}],"curies":[{"name":"wp","href":"https:\/\/api.w.org\/{rel}","templated":true}]}}