{"id":18428,"date":"2025-09-22T13:50:30","date_gmt":"2025-09-22T10:50:30","guid":{"rendered":"https:\/\/ceoparts.com\/?post_type=product&#038;p=18428"},"modified":"2026-05-16T12:04:21","modified_gmt":"2026-05-16T09:04:21","slug":"rema-aku-soketi-sre-320-mavi","status":"publish","type":"product","link":"https:\/\/ceoparts.com\/tr\/urun\/rema-aku-soketi-sre-320-mavi\/","title":{"rendered":"Rema Ak\u00fc Soketi SRE 320 Mavi"},"content":{"rendered":"<p>Rema Ak\u00fc Soketi SRE 320 Mavi<\/p>","protected":false},"excerpt":{"rendered":"<p data-start=\"134\" data-end=\"406\"><strong data-start=\"134\" data-end=\"166\">Rema Ak\u00fc Soketi SRE 320 Mavi<\/strong>, forklift, depo ekipmanlar\u0131 ve di\u011fer elektrikli ara\u00e7larda g\u00fcvenli ak\u00fc ba\u011flant\u0131s\u0131 i\u00e7in tasarlanm\u0131\u015f, dayan\u0131kl\u0131 ve y\u00fcksek performansl\u0131 bir soket modelidir. Y\u00fcksek ak\u0131m ta\u015f\u0131ma kapasitesi sayesinde g\u00fcvenli ve kesintisiz enerji iletimi sa\u011flar.<\/p>\n<p data-start=\"408\" data-end=\"425\"><strong data-start=\"408\" data-end=\"423\">\u00d6zellikler:<\/strong><\/p>\n<ul data-start=\"426\" data-end=\"756\">\n<li data-start=\"426\" data-end=\"472\">\n<p data-start=\"428\" data-end=\"472\"><strong data-start=\"428\" data-end=\"441\">\u00dcr\u00fcn Ad\u0131:<\/strong> Rema Ak\u00fc Soketi SRE 320 Mavi<\/p>\n<\/li>\n<li data-start=\"473\" data-end=\"506\">\n<p data-start=\"475\" data-end=\"506\"><strong data-start=\"475\" data-end=\"490\">Par\u00e7a Kodu:<\/strong> Belirtilmemi\u015f<\/p>\n<\/li>\n<li data-start=\"507\" data-end=\"565\">\n<p data-start=\"509\" data-end=\"565\"><strong data-start=\"509\" data-end=\"521\">Malzeme:<\/strong> Dayan\u0131kl\u0131 plastik ve iletken metal ala\u015f\u0131m<\/p>\n<\/li>\n<li data-start=\"566\" data-end=\"655\">\n<p data-start=\"568\" data-end=\"655\"><strong data-start=\"568\" data-end=\"587\">Kullan\u0131m Alan\u0131:<\/strong> Forklift, depo ara\u00e7lar\u0131 ve elektrikli ekipmanlarda ak\u00fc ba\u011flant\u0131s\u0131<\/p>\n<\/li>\n<li data-start=\"656\" data-end=\"756\">\n<p data-start=\"658\" data-end=\"756\"><strong data-start=\"658\" data-end=\"670\">Avantaj:<\/strong> Y\u00fcksek ak\u0131m ta\u015f\u0131ma kapasitesi, dayan\u0131kl\u0131 yap\u0131, g\u00fcvenli ve kesintisiz enerji iletimi<\/p>\n<\/li>\n<\/ul>\n","protected":false},"featured_media":18466,"template":"","meta":[],"product_brand":[],"product_cat":[444],"product_tag":[],"class_list":{"0":"post-18428","1":"product","2":"type-product","3":"status-publish","4":"has-post-thumbnail","6":"product_cat-aku-fisi","8":"first","9":"instock","10":"taxable","11":"shipping-taxable","12":"purchasable","13":"product-type-simple"},"_links":{"self":[{"href":"https:\/\/ceoparts.com\/tr\/wp-json\/wp\/v2\/product\/18428","targetHints":{"allow":["GET"]}}],"collection":[{"href":"https:\/\/ceoparts.com\/tr\/wp-json\/wp\/v2\/product"}],"about":[{"href":"https:\/\/ceoparts.com\/tr\/wp-json\/wp\/v2\/types\/product"}],"wp:featuredmedia":[{"embeddable":true,"href":"https:\/\/ceoparts.com\/tr\/wp-json\/wp\/v2\/media\/18466"}],"wp:attachment":[{"href":"https:\/\/ceoparts.com\/tr\/wp-json\/wp\/v2\/media?parent=18428"}],"wp:term":[{"taxonomy":"product_brand","embeddable":true,"href":"https:\/\/ceoparts.com\/tr\/wp-json\/wp\/v2\/product_brand?post=18428"},{"taxonomy":"product_cat","embeddable":true,"href":"https:\/\/ceoparts.com\/tr\/wp-json\/wp\/v2\/product_cat?post=18428"},{"taxonomy":"product_tag","embeddable":true,"href":"https:\/\/ceoparts.com\/tr\/wp-json\/wp\/v2\/product_tag?post=18428"}],"curies":[{"name":"wp","href":"https:\/\/api.w.org\/{rel}","templated":true}]}}