{"id":18474,"date":"2025-09-30T13:46:37","date_gmt":"2025-09-30T10:46:37","guid":{"rendered":"https:\/\/ceoparts.com\/?post_type=product&#038;p=18474"},"modified":"2026-05-03T03:39:04","modified_gmt":"2026-05-03T00:39:04","slug":"jungheinrich-kapak-51203365","status":"publish","type":"product","link":"https:\/\/ceoparts.com\/tr\/urun\/jungheinrich-kapak-51203365\/","title":{"rendered":"Jungheinrich Kapak &#8211; 51203365"},"content":{"rendered":"<p>Jungheinrich Kapak &#8211; 51203365<\/p>","protected":false},"excerpt":{"rendered":"<p data-start=\"133\" data-end=\"351\"><strong data-start=\"133\" data-end=\"166\">Jungheinrich Kapak \u2013 51203365<\/strong>, forklift ve depo ekipmanlar\u0131nda g\u00fcvenli koruma ve kapatma i\u00e7in tasarlanm\u0131\u015f dayan\u0131kl\u0131 bir kapak modelidir. Y\u00fcksek kaliteli malzemesi sayesinde uzun \u00f6m\u00fcrl\u00fc ve g\u00fcvenli kullan\u0131m sa\u011flar.<\/p>\n<p data-start=\"353\" data-end=\"370\"><strong data-start=\"353\" data-end=\"368\">\u00d6zellikler:<\/strong><\/p>\n<ul data-start=\"371\" data-end=\"634\">\n<li data-start=\"371\" data-end=\"407\">\n<p data-start=\"373\" data-end=\"407\"><strong data-start=\"373\" data-end=\"386\">\u00dcr\u00fcn Ad\u0131:<\/strong> Jungheinrich Kapak<\/p>\n<\/li>\n<li data-start=\"408\" data-end=\"436\">\n<p data-start=\"410\" data-end=\"436\"><strong data-start=\"410\" data-end=\"425\">Par\u00e7a Kodu:<\/strong> 51203365<\/p>\n<\/li>\n<li data-start=\"437\" data-end=\"489\">\n<p data-start=\"439\" data-end=\"489\"><strong data-start=\"439\" data-end=\"451\">Malzeme:<\/strong> Dayan\u0131kl\u0131 plastik veya metal ala\u015f\u0131m<\/p>\n<\/li>\n<li data-start=\"490\" data-end=\"560\">\n<p data-start=\"492\" data-end=\"560\"><strong data-start=\"492\" data-end=\"511\">Kullan\u0131m Alan\u0131:<\/strong> Forklift ve depo ekipmanlar\u0131 koruma ve kapatma<\/p>\n<\/li>\n<li data-start=\"561\" data-end=\"634\">\n<p data-start=\"563\" data-end=\"634\"><strong data-start=\"563\" data-end=\"575\">Avantaj:<\/strong> Dayan\u0131kl\u0131 yap\u0131, g\u00fcvenli kullan\u0131m, uzun \u00f6m\u00fcrl\u00fc performans<\/p>\n<\/li>\n<\/ul>\n","protected":false},"featured_media":18475,"template":"","meta":[],"product_brand":[],"product_cat":[472,236,522],"product_tag":[],"class_list":{"0":"post-18474","1":"product","2":"type-product","3":"status-publish","4":"has-post-thumbnail","6":"product_cat-kaporta-aksami","7":"product_cat-jungheinrich","8":"product_cat-yedek-parca-jungheinrich","10":"first","11":"instock","12":"taxable","13":"shipping-taxable","14":"purchasable","15":"product-type-simple"},"_links":{"self":[{"href":"https:\/\/ceoparts.com\/tr\/wp-json\/wp\/v2\/product\/18474","targetHints":{"allow":["GET"]}}],"collection":[{"href":"https:\/\/ceoparts.com\/tr\/wp-json\/wp\/v2\/product"}],"about":[{"href":"https:\/\/ceoparts.com\/tr\/wp-json\/wp\/v2\/types\/product"}],"wp:featuredmedia":[{"embeddable":true,"href":"https:\/\/ceoparts.com\/tr\/wp-json\/wp\/v2\/media\/18475"}],"wp:attachment":[{"href":"https:\/\/ceoparts.com\/tr\/wp-json\/wp\/v2\/media?parent=18474"}],"wp:term":[{"taxonomy":"product_brand","embeddable":true,"href":"https:\/\/ceoparts.com\/tr\/wp-json\/wp\/v2\/product_brand?post=18474"},{"taxonomy":"product_cat","embeddable":true,"href":"https:\/\/ceoparts.com\/tr\/wp-json\/wp\/v2\/product_cat?post=18474"},{"taxonomy":"product_tag","embeddable":true,"href":"https:\/\/ceoparts.com\/tr\/wp-json\/wp\/v2\/product_tag?post=18474"}],"curies":[{"name":"wp","href":"https:\/\/api.w.org\/{rel}","templated":true}]}}