{"id":18479,"date":"2025-09-30T14:04:51","date_gmt":"2025-09-30T11:04:51","guid":{"rendered":"https:\/\/ceoparts.com\/?post_type=product&#038;p=18479"},"modified":"2026-05-03T03:08:42","modified_gmt":"2026-05-03T00:08:42","slug":"ep-aku-konnektoru-ve-kablosu-1135500200f5","status":"publish","type":"product","link":"https:\/\/ceoparts.com\/tr\/urun\/ep-aku-konnektoru-ve-kablosu-1135500200f5\/","title":{"rendered":"EP Ak\u00fc Konnekt\u00f6r\u00fc ve Kablosu &#8211; 1135500200F5"},"content":{"rendered":"<p>EP Ak\u00fc Konnekt\u00f6r\u00fc ve Kablosu &#8211; 1135500200F5<\/p>","protected":false},"excerpt":{"rendered":"<p data-start=\"147\" data-end=\"463\"><strong data-start=\"147\" data-end=\"194\">EP Ak\u00fc Konnekt\u00f6r\u00fc ve Kablosu \u2013 1135500200F5<\/strong>, forklift, depo ekipmanlar\u0131 ve di\u011fer elektrikli ara\u00e7larda g\u00fcvenli ak\u00fc ba\u011flant\u0131s\u0131 ve enerji iletimi i\u00e7in tasarlanm\u0131\u015f, dayan\u0131kl\u0131 ve y\u00fcksek performansl\u0131 bir konnekt\u00f6r ve kablo setidir. Y\u00fcksek ak\u0131m ta\u015f\u0131ma kapasitesi sayesinde g\u00fcvenli ve kesintisiz enerji iletimi sa\u011flar.<\/p>\n<p data-start=\"465\" data-end=\"482\"><strong data-start=\"465\" data-end=\"480\">\u00d6zellikler:<\/strong><\/p>\n<ul data-start=\"483\" data-end=\"812\">\n<li data-start=\"483\" data-end=\"529\">\n<p data-start=\"485\" data-end=\"529\"><strong data-start=\"485\" data-end=\"498\">\u00dcr\u00fcn Ad\u0131:<\/strong> EP Ak\u00fc Konnekt\u00f6r\u00fc ve Kablosu<\/p>\n<\/li>\n<li data-start=\"530\" data-end=\"562\">\n<p data-start=\"532\" data-end=\"562\"><strong data-start=\"532\" data-end=\"547\">Par\u00e7a Kodu:<\/strong> 1135500200F5<\/p>\n<\/li>\n<li data-start=\"563\" data-end=\"621\">\n<p data-start=\"565\" data-end=\"621\"><strong data-start=\"565\" data-end=\"577\">Malzeme:<\/strong> Dayan\u0131kl\u0131 plastik ve iletken metal ala\u015f\u0131m<\/p>\n<\/li>\n<li data-start=\"622\" data-end=\"711\">\n<p data-start=\"624\" data-end=\"711\"><strong data-start=\"624\" data-end=\"643\">Kullan\u0131m Alan\u0131:<\/strong> Forklift, depo ara\u00e7lar\u0131 ve elektrikli ekipmanlarda ak\u00fc ba\u011flant\u0131s\u0131<\/p>\n<\/li>\n<li data-start=\"712\" data-end=\"812\">\n<p data-start=\"714\" data-end=\"812\"><strong data-start=\"714\" data-end=\"726\">Avantaj:<\/strong> Y\u00fcksek ak\u0131m ta\u015f\u0131ma kapasitesi, dayan\u0131kl\u0131 yap\u0131, g\u00fcvenli ve kesintisiz enerji iletimi<\/p>\n<\/li>\n<\/ul>\n","protected":false},"featured_media":18483,"template":"","meta":[],"product_brand":[],"product_cat":[443],"product_tag":[],"class_list":{"0":"post-18479","1":"product","2":"type-product","3":"status-publish","4":"has-post-thumbnail","6":"product_cat-aku-parcalari","8":"first","9":"instock","10":"taxable","11":"shipping-taxable","12":"purchasable","13":"product-type-simple"},"_links":{"self":[{"href":"https:\/\/ceoparts.com\/tr\/wp-json\/wp\/v2\/product\/18479","targetHints":{"allow":["GET"]}}],"collection":[{"href":"https:\/\/ceoparts.com\/tr\/wp-json\/wp\/v2\/product"}],"about":[{"href":"https:\/\/ceoparts.com\/tr\/wp-json\/wp\/v2\/types\/product"}],"wp:featuredmedia":[{"embeddable":true,"href":"https:\/\/ceoparts.com\/tr\/wp-json\/wp\/v2\/media\/18483"}],"wp:attachment":[{"href":"https:\/\/ceoparts.com\/tr\/wp-json\/wp\/v2\/media?parent=18479"}],"wp:term":[{"taxonomy":"product_brand","embeddable":true,"href":"https:\/\/ceoparts.com\/tr\/wp-json\/wp\/v2\/product_brand?post=18479"},{"taxonomy":"product_cat","embeddable":true,"href":"https:\/\/ceoparts.com\/tr\/wp-json\/wp\/v2\/product_cat?post=18479"},{"taxonomy":"product_tag","embeddable":true,"href":"https:\/\/ceoparts.com\/tr\/wp-json\/wp\/v2\/product_tag?post=18479"}],"curies":[{"name":"wp","href":"https:\/\/api.w.org\/{rel}","templated":true}]}}