{"id":18484,"date":"2025-09-30T14:29:44","date_gmt":"2025-09-30T11:29:44","guid":{"rendered":"https:\/\/ceoparts.com\/?post_type=product&#038;p=18484"},"modified":"2026-05-03T02:41:22","modified_gmt":"2026-05-02T23:41:22","slug":"jungheinrich-ece-catal-mekanizma-50009292","status":"publish","type":"product","link":"https:\/\/ceoparts.com\/tr\/urun\/jungheinrich-ece-catal-mekanizma-50009292\/","title":{"rendered":"Jungheinrich ECE \u00c7atal Mekanizma &#8211; 50009292"},"content":{"rendered":"<p>Jungheinrich ECE \u00c7atal Mekanizma &#8211; 50009292<\/p>","protected":false},"excerpt":{"rendered":"<p data-start=\"147\" data-end=\"408\"><strong data-start=\"147\" data-end=\"194\">Jungheinrich ECE \u00c7atal Mekanizma \u2013 50009292<\/strong>, forkliftlerde y\u00fck ta\u015f\u0131ma ve kald\u0131rma operasyonlar\u0131 i\u00e7in tasarlanm\u0131\u015f dayan\u0131kl\u0131 ve y\u00fcksek performansl\u0131 bir \u00e7atal mekanizmas\u0131d\u0131r. G\u00fc\u00e7l\u00fc yap\u0131s\u0131 sayesinde a\u011f\u0131r i\u015f ko\u015fullar\u0131nda g\u00fcvenli ve uzun \u00f6m\u00fcrl\u00fc kullan\u0131m sa\u011flar.<\/p>\n<p data-start=\"410\" data-end=\"427\"><strong data-start=\"410\" data-end=\"425\">\u00d6zellikler:<\/strong><\/p>\n<ul data-start=\"428\" data-end=\"710\">\n<li data-start=\"428\" data-end=\"478\">\n<p data-start=\"430\" data-end=\"478\"><strong data-start=\"430\" data-end=\"443\">\u00dcr\u00fcn Ad\u0131:<\/strong> Jungheinrich ECE \u00c7atal Mekanizma<\/p>\n<\/li>\n<li data-start=\"479\" data-end=\"507\">\n<p data-start=\"481\" data-end=\"507\"><strong data-start=\"481\" data-end=\"496\">Par\u00e7a Kodu:<\/strong> 50009292<\/p>\n<\/li>\n<li data-start=\"508\" data-end=\"554\">\n<p data-start=\"510\" data-end=\"554\"><strong data-start=\"510\" data-end=\"522\">Malzeme:<\/strong> Y\u00fcksek dayan\u0131ml\u0131 metal ala\u015f\u0131m<\/p>\n<\/li>\n<li data-start=\"555\" data-end=\"615\">\n<p data-start=\"557\" data-end=\"615\"><strong data-start=\"557\" data-end=\"576\">Kullan\u0131m Alan\u0131:<\/strong> Forkliftlerde y\u00fck ta\u015f\u0131ma ve kald\u0131rma<\/p>\n<\/li>\n<li data-start=\"616\" data-end=\"710\">\n<p data-start=\"618\" data-end=\"710\"><strong data-start=\"618\" data-end=\"630\">Avantaj:<\/strong> Dayan\u0131kl\u0131 yap\u0131, a\u011f\u0131r i\u015f ko\u015fullar\u0131nda g\u00fcvenli kullan\u0131m, uzun \u00f6m\u00fcrl\u00fc performans<\/p>\n<\/li>\n<\/ul>\n","protected":false},"featured_media":18489,"template":"","meta":[],"product_brand":[],"product_cat":[406,408,522,236],"product_tag":[],"class_list":{"0":"post-18484","1":"product","2":"type-product","3":"status-publish","4":"has-post-thumbnail","6":"product_cat-catal-mekanizma","7":"product_cat-jungheinrich-catal-mekanizma","8":"product_cat-yedek-parca-jungheinrich","9":"product_cat-jungheinrich","11":"first","12":"instock","13":"taxable","14":"shipping-taxable","15":"purchasable","16":"product-type-simple"},"_links":{"self":[{"href":"https:\/\/ceoparts.com\/tr\/wp-json\/wp\/v2\/product\/18484","targetHints":{"allow":["GET"]}}],"collection":[{"href":"https:\/\/ceoparts.com\/tr\/wp-json\/wp\/v2\/product"}],"about":[{"href":"https:\/\/ceoparts.com\/tr\/wp-json\/wp\/v2\/types\/product"}],"wp:featuredmedia":[{"embeddable":true,"href":"https:\/\/ceoparts.com\/tr\/wp-json\/wp\/v2\/media\/18489"}],"wp:attachment":[{"href":"https:\/\/ceoparts.com\/tr\/wp-json\/wp\/v2\/media?parent=18484"}],"wp:term":[{"taxonomy":"product_brand","embeddable":true,"href":"https:\/\/ceoparts.com\/tr\/wp-json\/wp\/v2\/product_brand?post=18484"},{"taxonomy":"product_cat","embeddable":true,"href":"https:\/\/ceoparts.com\/tr\/wp-json\/wp\/v2\/product_cat?post=18484"},{"taxonomy":"product_tag","embeddable":true,"href":"https:\/\/ceoparts.com\/tr\/wp-json\/wp\/v2\/product_tag?post=18484"}],"curies":[{"name":"wp","href":"https:\/\/api.w.org\/{rel}","templated":true}]}}