{"id":18490,"date":"2025-09-30T15:24:22","date_gmt":"2025-09-30T12:24:22","guid":{"rendered":"https:\/\/ceoparts.com\/?post_type=product&#038;p=18490"},"modified":"2026-05-03T02:10:57","modified_gmt":"2026-05-02T23:10:57","slug":"linde-hortum-0009573191","status":"publish","type":"product","link":"https:\/\/ceoparts.com\/tr\/urun\/linde-hortum-0009573191\/","title":{"rendered":"Linde Hortum &#8211; 0009573191"},"content":{"rendered":"<p>Linde Hortum &#8211; 0009573191<\/p>","protected":false},"excerpt":{"rendered":"<p data-start=\"131\" data-end=\"383\"><strong data-start=\"131\" data-end=\"160\">Linde Hortum \u2013 0009573191<\/strong>, forklift ve depo ekipmanlar\u0131nda s\u0131v\u0131 veya gaz iletimi i\u00e7in tasarlanm\u0131\u015f, dayan\u0131kl\u0131 ve g\u00fcvenilir bir hortum modelidir. Y\u00fcksek mukavemetli yap\u0131s\u0131 sayesinde a\u011f\u0131r \u00e7al\u0131\u015fma ko\u015fullar\u0131nda bile g\u00fcvenli ve verimli kullan\u0131m sa\u011flar.<\/p>\n<p data-start=\"385\" data-end=\"402\"><strong data-start=\"385\" data-end=\"400\">\u00d6zellikler:<\/strong><\/p>\n<ul data-start=\"403\" data-end=\"664\">\n<li data-start=\"403\" data-end=\"433\">\n<p data-start=\"405\" data-end=\"433\"><strong data-start=\"405\" data-end=\"418\">\u00dcr\u00fcn Ad\u0131:<\/strong> Linde Hortum<\/p>\n<\/li>\n<li data-start=\"434\" data-end=\"464\">\n<p data-start=\"436\" data-end=\"464\"><strong data-start=\"436\" data-end=\"451\">Par\u00e7a Kodu:<\/strong> 0009573191<\/p>\n<\/li>\n<li data-start=\"465\" data-end=\"523\">\n<p data-start=\"467\" data-end=\"523\"><strong data-start=\"467\" data-end=\"479\">Malzeme:<\/strong> Dayan\u0131kl\u0131 plastik ve metal takviyeli yap\u0131<\/p>\n<\/li>\n<li data-start=\"524\" data-end=\"598\">\n<p data-start=\"526\" data-end=\"598\"><strong data-start=\"526\" data-end=\"545\">Kullan\u0131m Alan\u0131:<\/strong> Forklift ve depo ekipmanlar\u0131 s\u0131v\u0131 veya gaz iletimi<\/p>\n<\/li>\n<li data-start=\"599\" data-end=\"664\">\n<p data-start=\"601\" data-end=\"664\"><strong data-start=\"601\" data-end=\"613\">Avantaj:<\/strong> Y\u00fcksek dayan\u0131kl\u0131l\u0131k, g\u00fcvenli ve verimli kullan\u0131m<\/p>\n<\/li>\n<\/ul>\n","protected":false},"featured_media":18494,"template":"","meta":[],"product_brand":[],"product_cat":[470],"product_tag":[],"class_list":{"0":"post-18490","1":"product","2":"type-product","3":"status-publish","4":"has-post-thumbnail","6":"product_cat-diger-yedek-parcalar","8":"first","9":"instock","10":"taxable","11":"shipping-taxable","12":"purchasable","13":"product-type-simple"},"_links":{"self":[{"href":"https:\/\/ceoparts.com\/tr\/wp-json\/wp\/v2\/product\/18490","targetHints":{"allow":["GET"]}}],"collection":[{"href":"https:\/\/ceoparts.com\/tr\/wp-json\/wp\/v2\/product"}],"about":[{"href":"https:\/\/ceoparts.com\/tr\/wp-json\/wp\/v2\/types\/product"}],"wp:featuredmedia":[{"embeddable":true,"href":"https:\/\/ceoparts.com\/tr\/wp-json\/wp\/v2\/media\/18494"}],"wp:attachment":[{"href":"https:\/\/ceoparts.com\/tr\/wp-json\/wp\/v2\/media?parent=18490"}],"wp:term":[{"taxonomy":"product_brand","embeddable":true,"href":"https:\/\/ceoparts.com\/tr\/wp-json\/wp\/v2\/product_brand?post=18490"},{"taxonomy":"product_cat","embeddable":true,"href":"https:\/\/ceoparts.com\/tr\/wp-json\/wp\/v2\/product_cat?post=18490"},{"taxonomy":"product_tag","embeddable":true,"href":"https:\/\/ceoparts.com\/tr\/wp-json\/wp\/v2\/product_tag?post=18490"}],"curies":[{"name":"wp","href":"https:\/\/api.w.org\/{rel}","templated":true}]}}