{"id":18503,"date":"2025-09-30T16:02:19","date_gmt":"2025-09-30T13:02:19","guid":{"rendered":"https:\/\/ceoparts.com\/?post_type=product&#038;p=18503"},"modified":"2026-05-03T03:08:44","modified_gmt":"2026-05-03T00:08:44","slug":"linde-esnek-sekillendirilmis-hortum-3961731829","status":"publish","type":"product","link":"https:\/\/ceoparts.com\/tr\/urun\/linde-esnek-sekillendirilmis-hortum-3961731829\/","title":{"rendered":"Linde Esnek \u015eekillendirilmi\u015f Hortum &#8211; 3961731829"},"content":{"rendered":"<p>Linde Esnek \u015eekillendirilmi\u015f Hortum &#8211; 3961731829<\/p>","protected":false},"excerpt":{"rendered":"<p data-start=\"154\" data-end=\"431\"><strong data-start=\"154\" data-end=\"206\">Linde Esnek \u015eekillendirilmi\u015f Hortum \u2013 3961731829<\/strong>, forklift ve depo ekipmanlar\u0131nda s\u0131v\u0131 ve hava ak\u0131\u015f\u0131n\u0131 g\u00fcvenli ve verimli \u015fekilde iletmek i\u00e7in tasarlanm\u0131\u015f dayan\u0131kl\u0131 bir hortum modelidir. Esnek yap\u0131s\u0131 sayesinde dar alanlarda kolay kullan\u0131m ve uzun \u00f6m\u00fcrl\u00fc performans sunar.<\/p>\n<p data-start=\"433\" data-end=\"450\"><strong data-start=\"433\" data-end=\"448\">\u00d6zellikler:<\/strong><\/p>\n<ul data-start=\"451\" data-end=\"774\">\n<li data-start=\"451\" data-end=\"517\">\n<p data-start=\"453\" data-end=\"517\"><strong data-start=\"453\" data-end=\"466\">\u00dcr\u00fcn Ad\u0131:<\/strong> Linde Esnek \u015eekillendirilmi\u015f Hortum \u2013 3961731829<\/p>\n<\/li>\n<li data-start=\"518\" data-end=\"548\">\n<p data-start=\"520\" data-end=\"548\"><strong data-start=\"520\" data-end=\"535\">Par\u00e7a Kodu:<\/strong> 3961731829<\/p>\n<\/li>\n<li data-start=\"549\" data-end=\"612\">\n<p data-start=\"551\" data-end=\"612\"><strong data-start=\"551\" data-end=\"563\">Malzeme:<\/strong> Y\u00fcksek kaliteli elastomer ve takviyeli i\u00e7 yap\u0131<\/p>\n<\/li>\n<li data-start=\"613\" data-end=\"686\">\n<p data-start=\"615\" data-end=\"686\"><strong data-start=\"615\" data-end=\"634\">Kullan\u0131m Alan\u0131:<\/strong> Forklift ve depo ekipmanlar\u0131nda s\u0131v\u0131\/hava iletimi<\/p>\n<\/li>\n<li data-start=\"687\" data-end=\"774\">\n<p data-start=\"689\" data-end=\"774\"><strong data-start=\"689\" data-end=\"701\">Avantaj:<\/strong> Esnek kullan\u0131m, y\u00fcksek dayan\u0131kl\u0131l\u0131k, uzun \u00f6m\u00fcrl\u00fc ve g\u00fcvenli performans<\/p>\n<\/li>\n<\/ul>\n","protected":false},"featured_media":18507,"template":"","meta":[],"product_brand":[],"product_cat":[470,246,523],"product_tag":[],"class_list":{"0":"post-18503","1":"product","2":"type-product","3":"status-publish","4":"has-post-thumbnail","6":"product_cat-diger-yedek-parcalar","7":"product_cat-linde","8":"product_cat-yedek-parca-linde","10":"first","11":"instock","12":"taxable","13":"shipping-taxable","14":"purchasable","15":"product-type-simple"},"_links":{"self":[{"href":"https:\/\/ceoparts.com\/tr\/wp-json\/wp\/v2\/product\/18503","targetHints":{"allow":["GET"]}}],"collection":[{"href":"https:\/\/ceoparts.com\/tr\/wp-json\/wp\/v2\/product"}],"about":[{"href":"https:\/\/ceoparts.com\/tr\/wp-json\/wp\/v2\/types\/product"}],"wp:featuredmedia":[{"embeddable":true,"href":"https:\/\/ceoparts.com\/tr\/wp-json\/wp\/v2\/media\/18507"}],"wp:attachment":[{"href":"https:\/\/ceoparts.com\/tr\/wp-json\/wp\/v2\/media?parent=18503"}],"wp:term":[{"taxonomy":"product_brand","embeddable":true,"href":"https:\/\/ceoparts.com\/tr\/wp-json\/wp\/v2\/product_brand?post=18503"},{"taxonomy":"product_cat","embeddable":true,"href":"https:\/\/ceoparts.com\/tr\/wp-json\/wp\/v2\/product_cat?post=18503"},{"taxonomy":"product_tag","embeddable":true,"href":"https:\/\/ceoparts.com\/tr\/wp-json\/wp\/v2\/product_tag?post=18503"}],"curies":[{"name":"wp","href":"https:\/\/api.w.org\/{rel}","templated":true}]}}