{"id":18508,"date":"2025-09-30T16:40:46","date_gmt":"2025-09-30T13:40:46","guid":{"rendered":"https:\/\/ceoparts.com\/?post_type=product&#038;p=18508"},"modified":"2026-05-03T03:35:52","modified_gmt":"2026-05-03T00:35:52","slug":"amortisor-linde-0009655684","status":"publish","type":"product","link":"https:\/\/ceoparts.com\/tr\/urun\/amortisor-linde-0009655684\/","title":{"rendered":"Amortis\u00f6r Linde &#8211; 0009655684"},"content":{"rendered":"<p>Amortis\u00f6r Linde &#8211; 0009655684<\/p>","protected":false},"excerpt":{"rendered":"<p data-start=\"134\" data-end=\"403\"><strong data-start=\"134\" data-end=\"166\">Amortis\u00f6r Linde \u2013 0009655684<\/strong>, forklift ve depo ekipmanlar\u0131nda titre\u015fimleri azaltmak ve operasyon s\u0131ras\u0131nda stabiliteyi art\u0131rmak i\u00e7in tasarlanm\u0131\u015f dayan\u0131kl\u0131 bir amortis\u00f6r modelidir. Y\u00fcksek kaliteli malzemesi sayesinde uzun \u00f6m\u00fcrl\u00fc kullan\u0131m ve g\u00fcvenli \u00e7al\u0131\u015fma sa\u011flar.<\/p>\n<p data-start=\"405\" data-end=\"422\"><strong data-start=\"405\" data-end=\"420\">\u00d6zellikler:<\/strong><\/p>\n<ul data-start=\"423\" data-end=\"706\">\n<li data-start=\"423\" data-end=\"469\">\n<p data-start=\"425\" data-end=\"469\"><strong data-start=\"425\" data-end=\"438\">\u00dcr\u00fcn Ad\u0131:<\/strong> Amortis\u00f6r Linde \u2013 0009655684<\/p>\n<\/li>\n<li data-start=\"470\" data-end=\"500\">\n<p data-start=\"472\" data-end=\"500\"><strong data-start=\"472\" data-end=\"487\">Par\u00e7a Kodu:<\/strong> 0009655684<\/p>\n<\/li>\n<li data-start=\"501\" data-end=\"546\">\n<p data-start=\"503\" data-end=\"546\"><strong data-start=\"503\" data-end=\"515\">Malzeme:<\/strong> Dayan\u0131kl\u0131 metal ve elastomer<\/p>\n<\/li>\n<li data-start=\"547\" data-end=\"620\">\n<p data-start=\"549\" data-end=\"620\"><strong data-start=\"549\" data-end=\"568\">Kullan\u0131m Alan\u0131:<\/strong> Forklift ve depo ekipmanlar\u0131nda titre\u015fim kontrol\u00fc<\/p>\n<\/li>\n<li data-start=\"621\" data-end=\"706\">\n<p data-start=\"623\" data-end=\"706\"><strong data-start=\"623\" data-end=\"635\">Avantaj:<\/strong> Y\u00fcksek dayan\u0131kl\u0131l\u0131k, uzun \u00f6m\u00fcrl\u00fc kullan\u0131m, stabil ve g\u00fcvenli hareket<\/p>\n<\/li>\n<\/ul>\n","protected":false},"featured_media":18515,"template":"","meta":[],"product_brand":[],"product_cat":[497,246,523],"product_tag":[],"class_list":{"0":"post-18508","1":"product","2":"type-product","3":"status-publish","4":"has-post-thumbnail","6":"product_cat-amortisor-grubu","7":"product_cat-linde","8":"product_cat-yedek-parca-linde","10":"first","11":"instock","12":"taxable","13":"shipping-taxable","14":"purchasable","15":"product-type-simple"},"_links":{"self":[{"href":"https:\/\/ceoparts.com\/tr\/wp-json\/wp\/v2\/product\/18508","targetHints":{"allow":["GET"]}}],"collection":[{"href":"https:\/\/ceoparts.com\/tr\/wp-json\/wp\/v2\/product"}],"about":[{"href":"https:\/\/ceoparts.com\/tr\/wp-json\/wp\/v2\/types\/product"}],"wp:featuredmedia":[{"embeddable":true,"href":"https:\/\/ceoparts.com\/tr\/wp-json\/wp\/v2\/media\/18515"}],"wp:attachment":[{"href":"https:\/\/ceoparts.com\/tr\/wp-json\/wp\/v2\/media?parent=18508"}],"wp:term":[{"taxonomy":"product_brand","embeddable":true,"href":"https:\/\/ceoparts.com\/tr\/wp-json\/wp\/v2\/product_brand?post=18508"},{"taxonomy":"product_cat","embeddable":true,"href":"https:\/\/ceoparts.com\/tr\/wp-json\/wp\/v2\/product_cat?post=18508"},{"taxonomy":"product_tag","embeddable":true,"href":"https:\/\/ceoparts.com\/tr\/wp-json\/wp\/v2\/product_tag?post=18508"}],"curies":[{"name":"wp","href":"https:\/\/api.w.org\/{rel}","templated":true}]}}