{"id":18552,"date":"2025-10-01T10:50:32","date_gmt":"2025-10-01T07:50:32","guid":{"rendered":"https:\/\/ceoparts.com\/?post_type=product&#038;p=18552"},"modified":"2026-05-02T19:46:32","modified_gmt":"2026-05-02T16:46:32","slug":"linde-aku-soketi-ve-tutamagi-11523605118","status":"publish","type":"product","link":"https:\/\/ceoparts.com\/tr\/urun\/linde-aku-soketi-ve-tutamagi-11523605118\/","title":{"rendered":"Linde Ak\u00fc Soketi ve Tutama\u011f\u0131 &#8211; 11523605118"},"content":{"rendered":"<p>Linde Ak\u00fc Soketi ve Tutama\u011f\u0131 &#8211; 11523605118<\/p>","protected":false},"excerpt":{"rendered":"<p data-start=\"169\" data-end=\"544\"><strong data-start=\"169\" data-end=\"215\">Linde Ak\u00fc Soketi ve Tutama\u011f\u0131 \u2013 11523605118<\/strong>, Linde forkliftlerde ak\u00fc ba\u011flant\u0131s\u0131n\u0131 g\u00fcvenli ve pratik hale getirmek i\u00e7in tasarlanm\u0131\u015f dayan\u0131kl\u0131 bir ba\u011flant\u0131 eleman\u0131d\u0131r. Ergonomik tutama\u011f\u0131 sayesinde kullan\u0131c\u0131ya kolay kavrama ve h\u0131zl\u0131 ba\u011flant\u0131 imk\u00e2n\u0131 sunar. End\u00fcstriyel standartlara uygun olarak \u00fcretilmi\u015f olup, y\u00fcksek ak\u0131m ta\u015f\u0131ma kapasitesiyle uzun \u00f6m\u00fcrl\u00fc performans sa\u011flar.<\/p>\n<p data-start=\"546\" data-end=\"563\"><strong data-start=\"546\" data-end=\"561\">\u00d6zellikler:<\/strong><\/p>\n<ul data-start=\"564\" data-end=\"888\">\n<li data-start=\"564\" data-end=\"624\">\n<p data-start=\"566\" data-end=\"624\"><strong data-start=\"566\" data-end=\"579\">\u00dcr\u00fcn Ad\u0131:<\/strong> Linde Ak\u00fc Soketi ve Tutama\u011f\u0131 \u2013 11523605118<\/p>\n<\/li>\n<li data-start=\"625\" data-end=\"656\">\n<p data-start=\"627\" data-end=\"656\"><strong data-start=\"627\" data-end=\"642\">Par\u00e7a Kodu:<\/strong> 11523605118<\/p>\n<\/li>\n<li data-start=\"657\" data-end=\"730\">\n<p data-start=\"659\" data-end=\"730\"><strong data-start=\"659\" data-end=\"671\">Malzeme:<\/strong> Is\u0131ya dayan\u0131kl\u0131 plastik g\u00f6vde, iletken metal terminaller<\/p>\n<\/li>\n<li data-start=\"731\" data-end=\"804\">\n<p data-start=\"733\" data-end=\"804\"><strong data-start=\"733\" data-end=\"752\">Kullan\u0131m Alan\u0131:<\/strong> Linde elektrikli forklift ak\u00fc ba\u011flant\u0131 sistemleri<\/p>\n<\/li>\n<li data-start=\"805\" data-end=\"888\">\n<p data-start=\"807\" data-end=\"888\"><strong data-start=\"807\" data-end=\"819\">Avantaj:<\/strong> Ergonomik tasar\u0131m, g\u00fcvenli enerji iletimi, kolay montaj, uzun \u00f6m\u00fcr<\/p>\n<\/li>\n<\/ul>\n","protected":false},"featured_media":19283,"template":"","meta":[],"product_brand":[],"product_cat":[444,523,246,442],"product_tag":[],"class_list":{"0":"post-18552","1":"product","2":"type-product","3":"status-publish","4":"has-post-thumbnail","6":"product_cat-aku-fisi","7":"product_cat-yedek-parca-linde","8":"product_cat-linde","9":"product_cat-aku-yedek-parcalari","11":"first","12":"instock","13":"taxable","14":"shipping-taxable","15":"purchasable","16":"product-type-simple"},"_links":{"self":[{"href":"https:\/\/ceoparts.com\/tr\/wp-json\/wp\/v2\/product\/18552","targetHints":{"allow":["GET"]}}],"collection":[{"href":"https:\/\/ceoparts.com\/tr\/wp-json\/wp\/v2\/product"}],"about":[{"href":"https:\/\/ceoparts.com\/tr\/wp-json\/wp\/v2\/types\/product"}],"wp:featuredmedia":[{"embeddable":true,"href":"https:\/\/ceoparts.com\/tr\/wp-json\/wp\/v2\/media\/19283"}],"wp:attachment":[{"href":"https:\/\/ceoparts.com\/tr\/wp-json\/wp\/v2\/media?parent=18552"}],"wp:term":[{"taxonomy":"product_brand","embeddable":true,"href":"https:\/\/ceoparts.com\/tr\/wp-json\/wp\/v2\/product_brand?post=18552"},{"taxonomy":"product_cat","embeddable":true,"href":"https:\/\/ceoparts.com\/tr\/wp-json\/wp\/v2\/product_cat?post=18552"},{"taxonomy":"product_tag","embeddable":true,"href":"https:\/\/ceoparts.com\/tr\/wp-json\/wp\/v2\/product_tag?post=18552"}],"curies":[{"name":"wp","href":"https:\/\/api.w.org\/{rel}","templated":true}]}}