{"id":18561,"date":"2025-10-01T11:41:16","date_gmt":"2025-10-01T08:41:16","guid":{"rendered":"https:\/\/ceoparts.com\/?post_type=product&#038;p=18561"},"modified":"2026-05-03T01:08:33","modified_gmt":"2026-05-02T22:08:33","slug":"tcm-dayanma-kolu","status":"publish","type":"product","link":"https:\/\/ceoparts.com\/tr\/urun\/tcm-dayanma-kolu\/","title":{"rendered":"TCM Dayanma Kolu"},"content":{"rendered":"<p>TCM Dayanma Kolu<\/p>","protected":false},"excerpt":{"rendered":"<p data-start=\"158\" data-end=\"429\"><strong data-start=\"158\" data-end=\"178\">TCM Dayanma Kolu<\/strong>, forklift operat\u00f6rlerinin s\u00fcr\u00fc\u015f s\u0131ras\u0131nda g\u00fcvenli ve konforlu \u015fekilde tutunmalar\u0131n\u0131 sa\u011flamak i\u00e7in tasarlanm\u0131\u015f sa\u011flam bir destek eleman\u0131d\u0131r. Ergonomik yap\u0131s\u0131, titre\u015fimleri azaltan tasar\u0131m\u0131 ve dayan\u0131kl\u0131 malzeme kalitesiyle uzun \u00f6m\u00fcrl\u00fc kullan\u0131m sunar.<\/p>\n<p data-start=\"431\" data-end=\"448\"><strong data-start=\"431\" data-end=\"446\">\u00d6zellikler:<\/strong><\/p>\n<ul data-start=\"449\" data-end=\"787\">\n<li data-start=\"449\" data-end=\"483\">\n<p data-start=\"451\" data-end=\"483\"><strong data-start=\"451\" data-end=\"464\">\u00dcr\u00fcn Ad\u0131:<\/strong> TCM Dayanma Kolu<\/p>\n<\/li>\n<li data-start=\"578\" data-end=\"642\">\n<p data-start=\"580\" data-end=\"642\"><strong data-start=\"580\" data-end=\"592\">Malzeme:<\/strong> Y\u00fcksek dayan\u0131ml\u0131 \u00e7elik i\u00e7 g\u00f6vde, kau\u00e7uk kaplama<\/p>\n<\/li>\n<li data-start=\"643\" data-end=\"716\">\n<p data-start=\"645\" data-end=\"716\"><strong data-start=\"645\" data-end=\"664\">Kullan\u0131m Alan\u0131:<\/strong> TCM forklift kabin ve s\u00fcr\u00fcc\u00fc g\u00fcvenlik ekipmanlar\u0131<\/p>\n<\/li>\n<li data-start=\"717\" data-end=\"787\">\n<p data-start=\"719\" data-end=\"787\"><strong data-start=\"719\" data-end=\"731\">Avantaj:<\/strong> Ergonomik tutu\u015f, sa\u011flam yap\u0131, kolay montaj, uzun \u00f6m\u00fcr<\/p>\n<\/li>\n<\/ul>\n","protected":false},"featured_media":18564,"template":"","meta":[],"product_brand":[],"product_cat":[470],"product_tag":[],"class_list":{"0":"post-18561","1":"product","2":"type-product","3":"status-publish","4":"has-post-thumbnail","6":"product_cat-diger-yedek-parcalar","8":"first","9":"instock","10":"taxable","11":"shipping-taxable","12":"purchasable","13":"product-type-simple"},"_links":{"self":[{"href":"https:\/\/ceoparts.com\/tr\/wp-json\/wp\/v2\/product\/18561","targetHints":{"allow":["GET"]}}],"collection":[{"href":"https:\/\/ceoparts.com\/tr\/wp-json\/wp\/v2\/product"}],"about":[{"href":"https:\/\/ceoparts.com\/tr\/wp-json\/wp\/v2\/types\/product"}],"wp:featuredmedia":[{"embeddable":true,"href":"https:\/\/ceoparts.com\/tr\/wp-json\/wp\/v2\/media\/18564"}],"wp:attachment":[{"href":"https:\/\/ceoparts.com\/tr\/wp-json\/wp\/v2\/media?parent=18561"}],"wp:term":[{"taxonomy":"product_brand","embeddable":true,"href":"https:\/\/ceoparts.com\/tr\/wp-json\/wp\/v2\/product_brand?post=18561"},{"taxonomy":"product_cat","embeddable":true,"href":"https:\/\/ceoparts.com\/tr\/wp-json\/wp\/v2\/product_cat?post=18561"},{"taxonomy":"product_tag","embeddable":true,"href":"https:\/\/ceoparts.com\/tr\/wp-json\/wp\/v2\/product_tag?post=18561"}],"curies":[{"name":"wp","href":"https:\/\/api.w.org\/{rel}","templated":true}]}}