{"id":18588,"date":"2025-10-02T09:25:38","date_gmt":"2025-10-02T06:25:38","guid":{"rendered":"https:\/\/ceoparts.com\/?post_type=product&#038;p=18588"},"modified":"2026-05-03T03:32:04","modified_gmt":"2026-05-03T00:32:04","slug":"aku-mentesesi-ust-51294591","status":"publish","type":"product","link":"https:\/\/ceoparts.com\/tr\/urun\/aku-mentesesi-ust-51294591\/","title":{"rendered":"Ak\u00fc Mente\u015fesi \u00dcst &#8211; 51294591"},"content":{"rendered":"<p>Ak\u00fc Mente\u015fesi \u00dcst &#8211; 51294591<\/p>","protected":false},"excerpt":{"rendered":"<p data-start=\"195\" data-end=\"476\"><strong data-start=\"195\" data-end=\"227\">Ak\u00fc Mente\u015fesi \u00dcst \u2013 51294591<\/strong>, forkliftlerde ak\u00fc kapa\u011f\u0131n\u0131n g\u00fcvenli \u015fekilde a\u00e7\u0131l\u0131p kapanmas\u0131n\u0131 sa\u011flayan, y\u00fcksek mukavemetli metalden \u00fcretilmi\u015f bir mente\u015fe par\u00e7as\u0131d\u0131r. Korozyona dayan\u0131kl\u0131 yap\u0131s\u0131 sayesinde uzun s\u00fcreli kullan\u0131m sunar ve orijinal montaj \u00f6l\u00e7\u00fclerine tam uyum sa\u011flar.<\/p>\n<p data-start=\"478\" data-end=\"495\"><strong data-start=\"478\" data-end=\"493\">\u00d6zellikler:<\/strong><\/p>\n<ul data-start=\"496\" data-end=\"770\">\n<li data-start=\"496\" data-end=\"542\">\n<p data-start=\"498\" data-end=\"542\"><strong data-start=\"498\" data-end=\"511\">\u00dcr\u00fcn Ad\u0131:<\/strong> Ak\u00fc Mente\u015fesi \u00dcst \u2013 51294591<\/p>\n<\/li>\n<li data-start=\"543\" data-end=\"571\">\n<p data-start=\"545\" data-end=\"571\"><strong data-start=\"545\" data-end=\"560\">Par\u00e7a Kodu:<\/strong> 51294591<\/p>\n<\/li>\n<li data-start=\"572\" data-end=\"623\">\n<p data-start=\"574\" data-end=\"623\"><strong data-start=\"574\" data-end=\"586\">Malzeme:<\/strong> Galvaniz kaplamal\u0131 dayan\u0131kl\u0131 \u00e7elik<\/p>\n<\/li>\n<li data-start=\"624\" data-end=\"688\">\n<p data-start=\"626\" data-end=\"688\"><strong data-start=\"626\" data-end=\"645\">Kullan\u0131m Alan\u0131:<\/strong> Forklift ak\u00fc kapa\u011f\u0131 ba\u011flant\u0131 mekanizmas\u0131<\/p>\n<\/li>\n<li data-start=\"689\" data-end=\"770\">\n<p data-start=\"691\" data-end=\"770\"><strong data-start=\"691\" data-end=\"703\">Avantaj:<\/strong> Y\u00fcksek dayan\u0131kl\u0131l\u0131k, paslanmaz yap\u0131, kolay montaj, orijinal uyum<\/p>\n<\/li>\n<\/ul>\n","protected":false},"featured_media":18591,"template":"","meta":[],"product_brand":[],"product_cat":[443,442],"product_tag":[],"class_list":{"0":"post-18588","1":"product","2":"type-product","3":"status-publish","4":"has-post-thumbnail","6":"product_cat-aku-parcalari","7":"product_cat-aku-yedek-parcalari","9":"first","10":"instock","11":"taxable","12":"shipping-taxable","13":"purchasable","14":"product-type-simple"},"_links":{"self":[{"href":"https:\/\/ceoparts.com\/tr\/wp-json\/wp\/v2\/product\/18588","targetHints":{"allow":["GET"]}}],"collection":[{"href":"https:\/\/ceoparts.com\/tr\/wp-json\/wp\/v2\/product"}],"about":[{"href":"https:\/\/ceoparts.com\/tr\/wp-json\/wp\/v2\/types\/product"}],"wp:featuredmedia":[{"embeddable":true,"href":"https:\/\/ceoparts.com\/tr\/wp-json\/wp\/v2\/media\/18591"}],"wp:attachment":[{"href":"https:\/\/ceoparts.com\/tr\/wp-json\/wp\/v2\/media?parent=18588"}],"wp:term":[{"taxonomy":"product_brand","embeddable":true,"href":"https:\/\/ceoparts.com\/tr\/wp-json\/wp\/v2\/product_brand?post=18588"},{"taxonomy":"product_cat","embeddable":true,"href":"https:\/\/ceoparts.com\/tr\/wp-json\/wp\/v2\/product_cat?post=18588"},{"taxonomy":"product_tag","embeddable":true,"href":"https:\/\/ceoparts.com\/tr\/wp-json\/wp\/v2\/product_tag?post=18588"}],"curies":[{"name":"wp","href":"https:\/\/api.w.org\/{rel}","templated":true}]}}