{"id":18597,"date":"2025-10-02T11:19:28","date_gmt":"2025-10-02T08:19:28","guid":{"rendered":"https:\/\/ceoparts.com\/?post_type=product&#038;p=18597"},"modified":"2026-05-03T04:29:52","modified_gmt":"2026-05-03T01:29:52","slug":"linde-hortum-3961731805","status":"publish","type":"product","link":"https:\/\/ceoparts.com\/tr\/urun\/linde-hortum-3961731805\/","title":{"rendered":"Linde Hortum &#8211; 3961731805"},"content":{"rendered":"<p>Linde Hortum &#8211; 3961731805<\/p>","protected":false},"excerpt":{"rendered":"<p data-start=\"189\" data-end=\"485\"><strong data-start=\"189\" data-end=\"218\">Linde Hortum \u2013 3961731805<\/strong>, Linde forkliftlerde hidrolik sistemler, fren hatlar\u0131 veya ya\u011f d\u00f6n\u00fc\u015f devrelerinde kullan\u0131lan orijinal esnek ba\u011flant\u0131 hortumudur. Y\u00fcksek bas\u0131nca dayan\u0131kl\u0131 yap\u0131s\u0131, s\u0131zd\u0131rmaz ba\u011flant\u0131 u\u00e7lar\u0131 ve orijinal \u00f6l\u00e7\u00fc uyumu sayesinde uzun \u00f6m\u00fcrl\u00fc ve g\u00fcvenli bir kullan\u0131m sa\u011flar.<\/p>\n<p data-start=\"487\" data-end=\"504\"><strong data-start=\"487\" data-end=\"502\">\u00d6zellikler:<\/strong><\/p>\n<ul data-start=\"505\" data-end=\"812\">\n<li data-start=\"505\" data-end=\"548\">\n<p data-start=\"507\" data-end=\"548\"><strong data-start=\"507\" data-end=\"520\">\u00dcr\u00fcn Ad\u0131:<\/strong> Linde Hortum \u2013 3961731805<\/p>\n<\/li>\n<li data-start=\"549\" data-end=\"579\">\n<p data-start=\"551\" data-end=\"579\"><strong data-start=\"551\" data-end=\"566\">Par\u00e7a Kodu:<\/strong> 3961731805<\/p>\n<\/li>\n<li data-start=\"580\" data-end=\"658\">\n<p data-start=\"582\" data-end=\"658\"><strong data-start=\"582\" data-end=\"594\">Malzeme:<\/strong> Y\u00fcksek bas\u0131nca dayan\u0131kl\u0131 kau\u00e7uk hortum, metal ba\u011flant\u0131 u\u00e7lar\u0131<\/p>\n<\/li>\n<li data-start=\"659\" data-end=\"730\">\n<p data-start=\"661\" data-end=\"730\"><strong data-start=\"661\" data-end=\"680\">Kullan\u0131m Alan\u0131:<\/strong> Linde forklift hidrolik ve ya\u011f devre sistemleri<\/p>\n<\/li>\n<li data-start=\"731\" data-end=\"812\">\n<p data-start=\"733\" data-end=\"812\"><strong data-start=\"733\" data-end=\"745\">Avantaj:<\/strong> S\u0131zd\u0131rmaz yap\u0131, y\u00fcksek bas\u0131n\u00e7 dayan\u0131m\u0131, orijinal uyum, uzun \u00f6m\u00fcr<\/p>\n<\/li>\n<\/ul>\n","protected":false},"featured_media":18600,"template":"","meta":[],"product_brand":[],"product_cat":[470,523,246],"product_tag":[],"class_list":{"0":"post-18597","1":"product","2":"type-product","3":"status-publish","4":"has-post-thumbnail","6":"product_cat-diger-yedek-parcalar","7":"product_cat-yedek-parca-linde","8":"product_cat-linde","10":"first","11":"instock","12":"taxable","13":"shipping-taxable","14":"purchasable","15":"product-type-simple"},"_links":{"self":[{"href":"https:\/\/ceoparts.com\/tr\/wp-json\/wp\/v2\/product\/18597","targetHints":{"allow":["GET"]}}],"collection":[{"href":"https:\/\/ceoparts.com\/tr\/wp-json\/wp\/v2\/product"}],"about":[{"href":"https:\/\/ceoparts.com\/tr\/wp-json\/wp\/v2\/types\/product"}],"wp:featuredmedia":[{"embeddable":true,"href":"https:\/\/ceoparts.com\/tr\/wp-json\/wp\/v2\/media\/18600"}],"wp:attachment":[{"href":"https:\/\/ceoparts.com\/tr\/wp-json\/wp\/v2\/media?parent=18597"}],"wp:term":[{"taxonomy":"product_brand","embeddable":true,"href":"https:\/\/ceoparts.com\/tr\/wp-json\/wp\/v2\/product_brand?post=18597"},{"taxonomy":"product_cat","embeddable":true,"href":"https:\/\/ceoparts.com\/tr\/wp-json\/wp\/v2\/product_cat?post=18597"},{"taxonomy":"product_tag","embeddable":true,"href":"https:\/\/ceoparts.com\/tr\/wp-json\/wp\/v2\/product_tag?post=18597"}],"curies":[{"name":"wp","href":"https:\/\/api.w.org\/{rel}","templated":true}]}}