{"id":18610,"date":"2025-10-06T16:09:52","date_gmt":"2025-10-06T13:09:52","guid":{"rendered":"https:\/\/ceoparts.com\/?post_type=product&#038;p=18610"},"modified":"2026-05-03T05:33:29","modified_gmt":"2026-05-03T02:33:29","slug":"jungheinrich-kral-pimi-51417280","status":"publish","type":"product","link":"https:\/\/ceoparts.com\/tr\/urun\/jungheinrich-kral-pimi-51417280\/","title":{"rendered":"Jungheinrich Kral Pimi \u2013 51417280"},"content":{"rendered":"<p>Jungheinrich Kral Pimi \u2013 51417280<\/p>","protected":false},"excerpt":{"rendered":"<p data-start=\"207\" data-end=\"490\"><strong data-start=\"207\" data-end=\"244\">Jungheinrich Kral Pimi \u2013 51417280<\/strong>, forkliftlerin direksiyon, s\u00fcspansiyon veya ba\u011flant\u0131 noktalar\u0131nda d\u00f6ner hareketi sabitlemek ve a\u015f\u0131nmay\u0131 \u00f6nlemek i\u00e7in kullan\u0131lan orijinal ba\u011flant\u0131 eleman\u0131d\u0131r. Y\u00fcksek mukavemetli \u00e7elikten \u00fcretilmi\u015ftir ve uzun s\u00fcreli, g\u00fcvenilir performans sa\u011flar.<\/p>\n<p data-start=\"492\" data-end=\"509\"><strong data-start=\"492\" data-end=\"507\">\u00d6zellikler:<\/strong><\/p>\n<ul data-start=\"510\" data-end=\"815\">\n<li data-start=\"510\" data-end=\"561\">\n<p data-start=\"512\" data-end=\"561\"><strong data-start=\"512\" data-end=\"525\">\u00dcr\u00fcn Ad\u0131:<\/strong> Jungheinrich Kral Pimi \u2013 51417280<\/p>\n<\/li>\n<li data-start=\"562\" data-end=\"590\">\n<p data-start=\"564\" data-end=\"590\"><strong data-start=\"564\" data-end=\"579\">Par\u00e7a Kodu:<\/strong> 51417280<\/p>\n<\/li>\n<li data-start=\"591\" data-end=\"648\">\n<p data-start=\"593\" data-end=\"648\"><strong data-start=\"593\" data-end=\"605\">Malzeme:<\/strong> Is\u0131l i\u015flem g\u00f6rm\u00fc\u015f y\u00fcksek dayan\u0131ml\u0131 \u00e7elik<\/p>\n<\/li>\n<li data-start=\"649\" data-end=\"739\">\n<p data-start=\"651\" data-end=\"739\"><strong data-start=\"651\" data-end=\"670\">Kullan\u0131m Alan\u0131:<\/strong> Jungheinrich forklift \u00f6n aks, direksiyon ve s\u00fcspansiyon sistemleri<\/p>\n<\/li>\n<li data-start=\"740\" data-end=\"815\">\n<p data-start=\"742\" data-end=\"815\"><strong data-start=\"742\" data-end=\"754\">Avantaj:<\/strong> A\u015f\u0131nma direnci, y\u00fcksek mukavemet, orijinal uyum, uzun \u00f6m\u00fcr<\/p>\n<\/li>\n<\/ul>\n","protected":false},"featured_media":18618,"template":"","meta":[],"product_brand":[],"product_cat":[467,236,522],"product_tag":[],"class_list":{"0":"post-18610","1":"product","2":"type-product","3":"status-publish","4":"has-post-thumbnail","6":"product_cat-mil-grubu","7":"product_cat-jungheinrich","8":"product_cat-yedek-parca-jungheinrich","10":"first","11":"instock","12":"taxable","13":"shipping-taxable","14":"purchasable","15":"product-type-simple"},"_links":{"self":[{"href":"https:\/\/ceoparts.com\/tr\/wp-json\/wp\/v2\/product\/18610","targetHints":{"allow":["GET"]}}],"collection":[{"href":"https:\/\/ceoparts.com\/tr\/wp-json\/wp\/v2\/product"}],"about":[{"href":"https:\/\/ceoparts.com\/tr\/wp-json\/wp\/v2\/types\/product"}],"wp:featuredmedia":[{"embeddable":true,"href":"https:\/\/ceoparts.com\/tr\/wp-json\/wp\/v2\/media\/18618"}],"wp:attachment":[{"href":"https:\/\/ceoparts.com\/tr\/wp-json\/wp\/v2\/media?parent=18610"}],"wp:term":[{"taxonomy":"product_brand","embeddable":true,"href":"https:\/\/ceoparts.com\/tr\/wp-json\/wp\/v2\/product_brand?post=18610"},{"taxonomy":"product_cat","embeddable":true,"href":"https:\/\/ceoparts.com\/tr\/wp-json\/wp\/v2\/product_cat?post=18610"},{"taxonomy":"product_tag","embeddable":true,"href":"https:\/\/ceoparts.com\/tr\/wp-json\/wp\/v2\/product_tag?post=18610"}],"curies":[{"name":"wp","href":"https:\/\/api.w.org\/{rel}","templated":true}]}}