{"id":18627,"date":"2025-10-06T17:07:28","date_gmt":"2025-10-06T14:07:28","guid":{"rendered":"https:\/\/ceoparts.com\/?post_type=product&#038;p=18627"},"modified":"2026-05-03T07:16:34","modified_gmt":"2026-05-03T04:16:34","slug":"jungheinrich-kece-51258792","status":"publish","type":"product","link":"https:\/\/ceoparts.com\/tr\/urun\/jungheinrich-kece-51258792\/","title":{"rendered":"Jungheinrich Ke\u00e7e &#8211; 51258792"},"content":{"rendered":"<p>Jungheinrich Ke\u00e7e &#8211; 51258792<\/p>","protected":false},"excerpt":{"rendered":"<p data-start=\"235\" data-end=\"615\"><strong data-start=\"235\" data-end=\"267\">Jungheinrich Ke\u00e7e \u2013 51258792<\/strong>, Jungheinrich forkliftlerin hidrolik silindir, aks ve tahrik sistemlerinde ya\u011f s\u0131zd\u0131rmazl\u0131\u011f\u0131n\u0131 sa\u011flamak i\u00e7in kullan\u0131lan orijinal s\u0131zd\u0131rmazl\u0131k eleman\u0131d\u0131r. Y\u00fcksek bas\u0131nca, \u0131s\u0131ya ve s\u00fcrt\u00fcnmeye dayan\u0131kl\u0131 yap\u0131s\u0131 sayesinde uzun s\u00fcreli s\u0131zd\u0131rmazl\u0131k performans\u0131 sunar. Toz ve kir giri\u015fini engelleyerek sistemin \u00f6mr\u00fcn\u00fc uzat\u0131r ve bak\u0131m ihtiyac\u0131n\u0131 azalt\u0131r.<\/p>\n<p data-start=\"617\" data-end=\"634\"><strong data-start=\"617\" data-end=\"632\">\u00d6zellikler:<\/strong><\/p>\n<ul data-start=\"635\" data-end=\"989\">\n<li data-start=\"635\" data-end=\"681\">\n<p data-start=\"637\" data-end=\"681\"><strong data-start=\"637\" data-end=\"650\">\u00dcr\u00fcn Ad\u0131:<\/strong> Jungheinrich Ke\u00e7e \u2013 51258792<\/p>\n<\/li>\n<li data-start=\"682\" data-end=\"710\">\n<p data-start=\"684\" data-end=\"710\"><strong data-start=\"684\" data-end=\"699\">Par\u00e7a Kodu:<\/strong> 51258792<\/p>\n<\/li>\n<li data-start=\"711\" data-end=\"772\">\n<p data-start=\"713\" data-end=\"772\"><strong data-start=\"713\" data-end=\"725\">Malzeme:<\/strong> NBR \/ PU kar\u0131\u015f\u0131m\u0131 y\u00fcksek dayan\u0131ml\u0131 elastomer<\/p>\n<\/li>\n<li data-start=\"773\" data-end=\"815\">\n<p data-start=\"775\" data-end=\"815\"><strong data-start=\"775\" data-end=\"796\">S\u0131cakl\u0131k Aral\u0131\u011f\u0131:<\/strong> -30\u00b0C ila +110\u00b0C<\/p>\n<\/li>\n<li data-start=\"816\" data-end=\"911\">\n<p data-start=\"818\" data-end=\"911\"><strong data-start=\"818\" data-end=\"837\">Kullan\u0131m Alan\u0131:<\/strong> Jungheinrich forklift hidrolik silindirleri, tekerlek ve aks sistemleri<\/p>\n<\/li>\n<li data-start=\"912\" data-end=\"989\">\n<p data-start=\"914\" data-end=\"989\"><strong data-start=\"914\" data-end=\"926\">Avantaj:<\/strong> \u00dcst\u00fcn s\u0131zd\u0131rmazl\u0131k, uzun \u00f6m\u00fcr, a\u015f\u0131nma direnci, orijinal uyum<\/p>\n<\/li>\n<\/ul>\n","protected":false},"featured_media":18630,"template":"","meta":[],"product_brand":[],"product_cat":[470,236,246,522,523],"product_tag":[],"class_list":{"0":"post-18627","1":"product","2":"type-product","3":"status-publish","4":"has-post-thumbnail","6":"product_cat-diger-yedek-parcalar","7":"product_cat-jungheinrich","8":"product_cat-linde","9":"product_cat-yedek-parca-jungheinrich","10":"product_cat-yedek-parca-linde","12":"first","13":"instock","14":"taxable","15":"shipping-taxable","16":"purchasable","17":"product-type-simple"},"_links":{"self":[{"href":"https:\/\/ceoparts.com\/tr\/wp-json\/wp\/v2\/product\/18627","targetHints":{"allow":["GET"]}}],"collection":[{"href":"https:\/\/ceoparts.com\/tr\/wp-json\/wp\/v2\/product"}],"about":[{"href":"https:\/\/ceoparts.com\/tr\/wp-json\/wp\/v2\/types\/product"}],"wp:featuredmedia":[{"embeddable":true,"href":"https:\/\/ceoparts.com\/tr\/wp-json\/wp\/v2\/media\/18630"}],"wp:attachment":[{"href":"https:\/\/ceoparts.com\/tr\/wp-json\/wp\/v2\/media?parent=18627"}],"wp:term":[{"taxonomy":"product_brand","embeddable":true,"href":"https:\/\/ceoparts.com\/tr\/wp-json\/wp\/v2\/product_brand?post=18627"},{"taxonomy":"product_cat","embeddable":true,"href":"https:\/\/ceoparts.com\/tr\/wp-json\/wp\/v2\/product_cat?post=18627"},{"taxonomy":"product_tag","embeddable":true,"href":"https:\/\/ceoparts.com\/tr\/wp-json\/wp\/v2\/product_tag?post=18627"}],"curies":[{"name":"wp","href":"https:\/\/api.w.org\/{rel}","templated":true}]}}