{"id":18724,"date":"2025-10-16T13:24:41","date_gmt":"2025-10-16T10:24:41","guid":{"rendered":"https:\/\/ceoparts.com\/?post_type=product&#038;p=18724"},"modified":"2026-05-03T05:29:42","modified_gmt":"2026-05-03T02:29:42","slug":"bt-yay-261916","status":"publish","type":"product","link":"https:\/\/ceoparts.com\/tr\/urun\/bt-yay-261916\/","title":{"rendered":"BT Yay &#8211; 261916"},"content":{"rendered":"<p>BT Yay &#8211; 261916<\/p>\n<p>BT 261916<\/p>\n<p>SWE100<\/p>\n<p>SWE120<\/p>\n<p>SWE140<\/p>\n<p>SWE200<\/p>","protected":false},"excerpt":{"rendered":"<p data-start=\"206\" data-end=\"573\"><strong data-start=\"206\" data-end=\"225\">BT Yay \u2013 261916<\/strong>, BT marka forkliftlerin mekanik ve kontrol sistemlerinde kuvvet geri bildirimi, denge ve hareket kontrol\u00fc sa\u011flamak amac\u0131yla kullan\u0131lan orijinal yay bile\u015fenidir. Y\u00fcksek elastikiyet mod\u00fcl\u00fc ve uzun \u00f6m\u00fcrl\u00fc \u00e7elik malzemesi sayesinde tekrarlanan y\u00fcklerde bile formunu korur. Titre\u015fim s\u00f6n\u00fcmleme ve sistem stabilitesi a\u00e7\u0131s\u0131ndan optimum performans sunar.<\/p>\n<p data-start=\"575\" data-end=\"592\"><strong data-start=\"575\" data-end=\"590\">\u00d6zellikler:<\/strong><\/p>\n<ul data-start=\"593\" data-end=\"882\">\n<li data-start=\"593\" data-end=\"626\">\n<p data-start=\"595\" data-end=\"626\"><strong data-start=\"595\" data-end=\"608\">\u00dcr\u00fcn Ad\u0131:<\/strong> BT Yay \u2013 261916<\/p>\n<\/li>\n<li data-start=\"627\" data-end=\"653\">\n<p data-start=\"629\" data-end=\"653\"><strong data-start=\"629\" data-end=\"644\">Par\u00e7a Kodu:<\/strong> 261916<\/p>\n<\/li>\n<li data-start=\"654\" data-end=\"699\">\n<p data-start=\"656\" data-end=\"699\"><strong data-start=\"656\" data-end=\"668\">Malzeme:<\/strong> Is\u0131l i\u015flem g\u00f6rm\u00fc\u015f yay \u00e7eli\u011fi<\/p>\n<\/li>\n<li data-start=\"700\" data-end=\"796\">\n<p data-start=\"702\" data-end=\"796\"><strong data-start=\"702\" data-end=\"721\">Kullan\u0131m Alan\u0131:<\/strong> BT forklift mekanik sistemleri, direksiyon, pedal ve denge mekanizmalar\u0131<\/p>\n<\/li>\n<li data-start=\"797\" data-end=\"882\">\n<p data-start=\"799\" data-end=\"882\"><strong data-start=\"799\" data-end=\"811\">Avantaj:<\/strong> Y\u00fcksek dayan\u0131kl\u0131l\u0131k, uzun \u00f6m\u00fcr, hassas kuvvet dengesi, orijinal uyum<\/p>\n<\/li>\n<\/ul>\n","protected":false},"featured_media":18726,"template":"","meta":[],"product_brand":[],"product_cat":[470,251,518],"product_tag":[],"class_list":{"0":"post-18724","1":"product","2":"type-product","3":"status-publish","4":"has-post-thumbnail","6":"product_cat-diger-yedek-parcalar","7":"product_cat-bt","8":"product_cat-yedek-parca-bt","10":"first","11":"instock","12":"taxable","13":"shipping-taxable","14":"purchasable","15":"product-type-simple"},"_links":{"self":[{"href":"https:\/\/ceoparts.com\/tr\/wp-json\/wp\/v2\/product\/18724","targetHints":{"allow":["GET"]}}],"collection":[{"href":"https:\/\/ceoparts.com\/tr\/wp-json\/wp\/v2\/product"}],"about":[{"href":"https:\/\/ceoparts.com\/tr\/wp-json\/wp\/v2\/types\/product"}],"wp:featuredmedia":[{"embeddable":true,"href":"https:\/\/ceoparts.com\/tr\/wp-json\/wp\/v2\/media\/18726"}],"wp:attachment":[{"href":"https:\/\/ceoparts.com\/tr\/wp-json\/wp\/v2\/media?parent=18724"}],"wp:term":[{"taxonomy":"product_brand","embeddable":true,"href":"https:\/\/ceoparts.com\/tr\/wp-json\/wp\/v2\/product_brand?post=18724"},{"taxonomy":"product_cat","embeddable":true,"href":"https:\/\/ceoparts.com\/tr\/wp-json\/wp\/v2\/product_cat?post=18724"},{"taxonomy":"product_tag","embeddable":true,"href":"https:\/\/ceoparts.com\/tr\/wp-json\/wp\/v2\/product_tag?post=18724"}],"curies":[{"name":"wp","href":"https:\/\/api.w.org\/{rel}","templated":true}]}}