{"id":18867,"date":"2025-10-21T17:49:13","date_gmt":"2025-10-21T14:49:13","guid":{"rendered":"https:\/\/ceoparts.com\/?post_type=product&#038;p=18867"},"modified":"2026-05-16T14:24:50","modified_gmt":"2026-05-16T11:24:50","slug":"50-a-anl-sigorta","status":"publish","type":"product","link":"https:\/\/ceoparts.com\/tr\/urun\/50-a-anl-sigorta\/","title":{"rendered":"50 A ANL Sigorta"},"content":{"rendered":"<p>50 A ANL Sigorta<\/p>","protected":false},"excerpt":{"rendered":"<p data-start=\"207\" data-end=\"572\"><strong data-start=\"207\" data-end=\"226\">50A ANL Sigorta<\/strong>, forklift, ak\u00fc gruplar\u0131, inverter, marin ve g\u00fcne\u015f enerjisi sistemlerinde kullan\u0131lan y\u00fcksek performansl\u0131 bir devre koruma eleman\u0131d\u0131r. A\u015f\u0131r\u0131 ak\u0131m veya k\u0131sa devre durumlar\u0131nda devreyi h\u0131zl\u0131 \u015fekilde keserek ekipmanlar\u0131n g\u00fcvenli\u011fini sa\u011flar. Pirin\u00e7 terminalleri ve y\u00fcksek iletken bak\u0131r sigorta eleman\u0131 sayesinde d\u00fc\u015f\u00fck diren\u00e7li enerji aktar\u0131m\u0131 sunar.<\/p>\n<p data-start=\"574\" data-end=\"591\"><strong data-start=\"574\" data-end=\"589\">\u00d6zellikler:<\/strong><\/p>\n<ul data-start=\"592\" data-end=\"991\">\n<li data-start=\"592\" data-end=\"625\">\n<p data-start=\"594\" data-end=\"625\"><strong data-start=\"594\" data-end=\"607\">\u00dcr\u00fcn Ad\u0131:<\/strong> 50A ANL Sigorta<\/p>\n<\/li>\n<li data-start=\"626\" data-end=\"659\">\n<p data-start=\"628\" data-end=\"659\"><strong data-start=\"628\" data-end=\"648\">Ak\u0131m Kapasitesi:<\/strong> 50 Amper<\/p>\n<\/li>\n<li data-start=\"660\" data-end=\"727\">\n<p data-start=\"662\" data-end=\"727\"><strong data-start=\"662\" data-end=\"683\">Gerilim Dayan\u0131m\u0131:<\/strong> 32V DC \/ 80V DC (modele g\u00f6re de\u011fi\u015febilir)<\/p>\n<\/li>\n<li data-start=\"728\" data-end=\"806\">\n<p data-start=\"730\" data-end=\"806\"><strong data-start=\"730\" data-end=\"742\">Malzeme:<\/strong> Pirin\u00e7 terminaller, bak\u0131r sigorta eleman\u0131, polikarbonat g\u00f6vde<\/p>\n<\/li>\n<li data-start=\"807\" data-end=\"906\">\n<p data-start=\"809\" data-end=\"906\"><strong data-start=\"809\" data-end=\"828\">Kullan\u0131m Alan\u0131:<\/strong> Forklift, ak\u00fc ba\u011flant\u0131 sistemleri, inverter, solar ve denizcilik sistemleri<\/p>\n<\/li>\n<li data-start=\"907\" data-end=\"991\">\n<p data-start=\"909\" data-end=\"991\"><strong data-start=\"909\" data-end=\"921\">Avantaj:<\/strong> H\u0131zl\u0131 tepki s\u00fcresi, g\u00fcvenilir koruma, d\u00fc\u015f\u00fck voltaj kayb\u0131, uzun \u00f6m\u00fcr<\/p>\n<\/li>\n<\/ul>\n","protected":false},"featured_media":18868,"template":"","meta":[],"product_brand":[],"product_cat":[443],"product_tag":[],"class_list":{"0":"post-18867","1":"product","2":"type-product","3":"status-publish","4":"has-post-thumbnail","6":"product_cat-aku-parcalari","8":"first","9":"instock","10":"taxable","11":"shipping-taxable","12":"purchasable","13":"product-type-simple"},"_links":{"self":[{"href":"https:\/\/ceoparts.com\/tr\/wp-json\/wp\/v2\/product\/18867","targetHints":{"allow":["GET"]}}],"collection":[{"href":"https:\/\/ceoparts.com\/tr\/wp-json\/wp\/v2\/product"}],"about":[{"href":"https:\/\/ceoparts.com\/tr\/wp-json\/wp\/v2\/types\/product"}],"wp:featuredmedia":[{"embeddable":true,"href":"https:\/\/ceoparts.com\/tr\/wp-json\/wp\/v2\/media\/18868"}],"wp:attachment":[{"href":"https:\/\/ceoparts.com\/tr\/wp-json\/wp\/v2\/media?parent=18867"}],"wp:term":[{"taxonomy":"product_brand","embeddable":true,"href":"https:\/\/ceoparts.com\/tr\/wp-json\/wp\/v2\/product_brand?post=18867"},{"taxonomy":"product_cat","embeddable":true,"href":"https:\/\/ceoparts.com\/tr\/wp-json\/wp\/v2\/product_cat?post=18867"},{"taxonomy":"product_tag","embeddable":true,"href":"https:\/\/ceoparts.com\/tr\/wp-json\/wp\/v2\/product_tag?post=18867"}],"curies":[{"name":"wp","href":"https:\/\/api.w.org\/{rel}","templated":true}]}}