{"id":19050,"date":"2025-10-24T15:54:28","date_gmt":"2025-10-24T12:54:28","guid":{"rendered":"https:\/\/ceoparts.com\/?post_type=product&#038;p=19050"},"modified":"2026-05-02T18:56:55","modified_gmt":"2026-05-02T15:56:55","slug":"jungheinrich-denge-mekanizmasi-50019785","status":"publish","type":"product","link":"https:\/\/ceoparts.com\/tr\/urun\/jungheinrich-denge-mekanizmasi-50019785\/","title":{"rendered":"Jungheinrich Denge Mekanizmas\u0131 &#8211; 50019785"},"content":{"rendered":"<p>Jungheinrich Denge Mekanizmas\u0131 &#8211; 50019785<\/p>\n<p>Jungheinrich 51100613, 50019785<\/p>\n<p>&nbsp;<\/p>\n<table dir=\"ltr\" border=\"0\" width=\"268\" cellspacing=\"0\" cellpadding=\"2\">\n<tbody>\n<tr>\n<td width=\"62%\" height=\"19\">\n<p align=\"left\"><span style=\"font-family: Calibri; font-size: medium;\">EJD 20-3<\/span><\/p>\n<\/td>\n<td width=\"38%\" height=\"19\">\n<p align=\"left\"><span style=\"font-family: Calibri; font-size: medium;\">6.98 &#8211; 7.05<\/span><\/p>\n<\/td>\n<\/tr>\n<tr>\n<td width=\"62%\" height=\"19\">\n<p align=\"left\"><span style=\"font-family: Calibri; font-size: medium;\">EJD 20-3 XL<\/span><\/p>\n<\/td>\n<td width=\"38%\" height=\"19\">\n<p align=\"left\"><span style=\"font-family: Calibri; font-size: medium;\">5.05 &#8211;<\/span><\/p>\n<\/td>\n<\/tr>\n<tr>\n<td width=\"62%\" height=\"19\">\n<p align=\"left\"><span style=\"font-family: Calibri; font-size: medium;\">EJD 220<\/span><\/p>\n<\/td>\n<td width=\"38%\" height=\"19\">\n<p align=\"left\"><span style=\"font-family: Calibri; font-size: medium;\">6.05 &#8211; 3.10<\/span><\/p>\n<\/td>\n<\/tr>\n<tr>\n<td width=\"62%\" height=\"19\">\n<p align=\"left\"><span style=\"font-family: Calibri; font-size: medium;\">WP 20 D (MIC)<\/span><\/p>\n<\/td>\n<td width=\"38%\" height=\"19\">\n<p align=\"left\"><span style=\"font-family: Calibri; font-size: medium;\">8.02 &#8211; 4.08<\/span><\/p>\n<\/td>\n<\/tr>\n<tr>\n<td width=\"62%\" height=\"19\">\n<p align=\"left\"><span style=\"font-family: Calibri; font-size: medium;\">WP 20 D (MIC)<\/span><\/p>\n<\/td>\n<td width=\"38%\" height=\"19\">\n<p align=\"left\"><span style=\"font-family: Calibri; font-size: medium;\">11.00 &#8211; 7.0<\/span><\/p>\n<\/td>\n<\/tr>\n<\/tbody>\n<\/table>","protected":false},"excerpt":{"rendered":"<p data-start=\"247\" data-end=\"663\"><strong data-start=\"247\" data-end=\"292\">Jungheinrich Denge Mekanizmas\u0131 \u2013 50019785<\/strong>, Jungheinrich forkliftlerin \u00e7atal kald\u0131rma ve y\u00f6nlendirme sistemlerinde denge ve y\u00fck da\u011f\u0131l\u0131m\u0131n\u0131 optimize eden orijinal mekanik ba\u011flant\u0131 bile\u015fenidir. Bu mekanizma, forkliftin \u00e7al\u0131\u015fma s\u0131ras\u0131nda titre\u015fimleri ve dengesiz y\u00fck da\u011f\u0131l\u0131mlar\u0131n\u0131 minimize eder. Y\u00fcksek mukavemetli \u00e7elik g\u00f6vdesi ve hassas i\u015flenmi\u015f ba\u011flant\u0131 noktalar\u0131 sayesinde uzun \u00f6m\u00fcrl\u00fc ve sessiz \u00e7al\u0131\u015fma sa\u011flar.<\/p>\n<p data-start=\"665\" data-end=\"682\"><strong data-start=\"665\" data-end=\"680\">\u00d6zellikler:<\/strong><\/p>\n<ul data-start=\"683\" data-end=\"1027\">\n<li data-start=\"683\" data-end=\"731\">\n<p data-start=\"685\" data-end=\"731\"><strong data-start=\"685\" data-end=\"698\">\u00dcr\u00fcn Ad\u0131:<\/strong> Jungheinrich Denge Mekanizmas\u0131<\/p>\n<\/li>\n<li data-start=\"732\" data-end=\"760\">\n<p data-start=\"734\" data-end=\"760\"><strong data-start=\"734\" data-end=\"749\">Par\u00e7a Kodu:<\/strong> 50019785<\/p>\n<\/li>\n<li data-start=\"761\" data-end=\"806\">\n<p data-start=\"763\" data-end=\"806\"><strong data-start=\"763\" data-end=\"775\">Malzeme:<\/strong> Y\u00fcksek dayan\u0131ml\u0131 d\u00f6vme \u00e7elik<\/p>\n<\/li>\n<li data-start=\"807\" data-end=\"881\">\n<p data-start=\"809\" data-end=\"881\"><strong data-start=\"809\" data-end=\"828\">Kullan\u0131m Alan\u0131:<\/strong> Jungheinrich forklift \u00e7atal ve kald\u0131rma sistemleri<\/p>\n<\/li>\n<li data-start=\"882\" data-end=\"946\">\n<p data-start=\"884\" data-end=\"946\"><strong data-start=\"884\" data-end=\"898\">Fonksiyon:<\/strong> Dengeleme, y\u00fck aktar\u0131m\u0131 ve titre\u015fim s\u00f6n\u00fcmleme<\/p>\n<\/li>\n<li data-start=\"947\" data-end=\"1027\">\n<p data-start=\"949\" data-end=\"1027\"><strong data-start=\"949\" data-end=\"961\">Avantaj:<\/strong> Uzun \u00f6m\u00fcr, y\u00fcksek dayan\u0131kl\u0131l\u0131k, orijinal kalite, sessiz \u00e7al\u0131\u015fma<\/p>\n<\/li>\n<\/ul>\n<p>&nbsp;<\/p>\n","protected":false},"featured_media":19059,"template":"","meta":[],"product_brand":[],"product_cat":[420,422],"product_tag":[],"class_list":{"0":"post-19050","1":"product","2":"type-product","3":"status-publish","4":"has-post-thumbnail","6":"product_cat-denge-mekanizmalar","7":"product_cat-jungheinrich-denge-mekanizma","9":"first","10":"instock","11":"taxable","12":"shipping-taxable","13":"purchasable","14":"product-type-simple"},"_links":{"self":[{"href":"https:\/\/ceoparts.com\/tr\/wp-json\/wp\/v2\/product\/19050","targetHints":{"allow":["GET"]}}],"collection":[{"href":"https:\/\/ceoparts.com\/tr\/wp-json\/wp\/v2\/product"}],"about":[{"href":"https:\/\/ceoparts.com\/tr\/wp-json\/wp\/v2\/types\/product"}],"wp:featuredmedia":[{"embeddable":true,"href":"https:\/\/ceoparts.com\/tr\/wp-json\/wp\/v2\/media\/19059"}],"wp:attachment":[{"href":"https:\/\/ceoparts.com\/tr\/wp-json\/wp\/v2\/media?parent=19050"}],"wp:term":[{"taxonomy":"product_brand","embeddable":true,"href":"https:\/\/ceoparts.com\/tr\/wp-json\/wp\/v2\/product_brand?post=19050"},{"taxonomy":"product_cat","embeddable":true,"href":"https:\/\/ceoparts.com\/tr\/wp-json\/wp\/v2\/product_cat?post=19050"},{"taxonomy":"product_tag","embeddable":true,"href":"https:\/\/ceoparts.com\/tr\/wp-json\/wp\/v2\/product_tag?post=19050"}],"curies":[{"name":"wp","href":"https:\/\/api.w.org\/{rel}","templated":true}]}}