{"id":19277,"date":"2025-10-30T08:56:44","date_gmt":"2025-10-30T05:56:44","guid":{"rendered":"https:\/\/ceoparts.com\/?post_type=product&#038;p=19277"},"modified":"2026-05-16T12:10:26","modified_gmt":"2026-05-16T09:10:26","slug":"jungheinrich-kontrol-kafasi-51730050","status":"publish","type":"product","link":"https:\/\/ceoparts.com\/tr\/urun\/jungheinrich-kontrol-kafasi-51730050\/","title":{"rendered":"Jungheinrich Kontrol Kafas\u0131 &#8211; 51730050"},"content":{"rendered":"<p>Jungheinrich Kontrol Kafas\u0131 &#8211; 51730050<\/p>\n<p><span dir=\"auto\">Jungheinrich 51730050<\/span><\/p>\n<p><span dir=\"auto\">ERE 225 KP 7.08 &#8211;<\/span><br \/>\n<span dir=\"auto\">ERE 120n 9.09 &#8211; 1.18<\/span><br \/>\n<span dir=\"auto\">ECE 118 4.10 &#8211; 2.13<\/span><br \/>\n<span dir=\"auto\">ERE 120 5.12 &#8211;<\/span><br \/>\n<span dir=\"auto\">ERE 120n (NICHIYU) 1.11 &#8211; 2.20<\/span><br \/>\n<span dir=\"auto\">ECE 118 4.13 &#8211;<\/span><br \/>\n<span dir=\"auto\">ERE 120 \/ 125 \/ 225 10.16 &#8211;<\/span><br \/>\n<span dir=\"auto\">ERE 120 \/ 125 \/ 225 (ABD) 10.16 &#8211;<\/span><br \/>\n<span dir=\"auto\">ERE 120n 1.18 &#8211; 4.23<\/span><br \/>\n<span dir=\"auto\">EZS MB 230 7.20 &#8211; 4.23<\/span><br \/>\n<span dir=\"auto\">ERE MB 220\/225 2.23 &#8211;<\/span><br \/>\n<span dir=\"auto\">EZS MB 230 2.23 &#8211;<\/span><\/p>","protected":false},"excerpt":{"rendered":"<p data-start=\"228\" data-end=\"566\"><strong data-start=\"228\" data-end=\"270\">Jungheinrich Kontrol Kafas\u0131 \u2013 51730050<\/strong>, Jungheinrich marka elektrikli forkliftlerde ve transpaletlerde direksiyon kolu \u00fczerinden t\u00fcm s\u00fcr\u00fc\u015f, kald\u0131rma ve g\u00fcvenlik komutlar\u0131n\u0131 y\u00f6neten orijinal kontrol mod\u00fcl\u00fcd\u00fcr. Ergonomik tasar\u0131m\u0131 ve sa\u011flam elektronik devre yap\u0131s\u0131 ile hassas kontrol, g\u00fcvenli kullan\u0131m ve uzun \u00f6m\u00fcrl\u00fc performans sa\u011flar.<\/p>\n<p data-start=\"568\" data-end=\"585\"><strong data-start=\"568\" data-end=\"583\">\u00d6zellikler:<\/strong><\/p>\n<ul data-start=\"586\" data-end=\"917\">\n<li data-start=\"586\" data-end=\"642\">\n<p data-start=\"588\" data-end=\"642\"><strong data-start=\"588\" data-end=\"601\">\u00dcr\u00fcn Ad\u0131:<\/strong> Jungheinrich Kontrol Kafas\u0131 \u2013 51730050<\/p>\n<\/li>\n<li data-start=\"643\" data-end=\"671\">\n<p data-start=\"645\" data-end=\"671\"><strong data-start=\"645\" data-end=\"660\">Par\u00e7a Kodu:<\/strong> 51730050<\/p>\n<\/li>\n<li data-start=\"672\" data-end=\"753\">\n<p data-start=\"674\" data-end=\"753\"><strong data-start=\"674\" data-end=\"686\">Malzeme:<\/strong> End\u00fcstriyel elektronik devre, y\u00fcksek yo\u011funluklu plastik muhafaza<\/p>\n<\/li>\n<li data-start=\"754\" data-end=\"843\">\n<p data-start=\"756\" data-end=\"843\"><strong data-start=\"756\" data-end=\"775\">Kullan\u0131m Alan\u0131:<\/strong> Jungheinrich elektrikli transpalet ve forklift direksiyon sistemi<\/p>\n<\/li>\n<li data-start=\"844\" data-end=\"917\">\n<p data-start=\"846\" data-end=\"917\"><strong data-start=\"846\" data-end=\"858\">Avantaj:<\/strong> Hassas kontrol, dayan\u0131kl\u0131 yap\u0131, orijinal uyum, uzun \u00f6m\u00fcr<\/p>\n<\/li>\n<\/ul>\n","protected":false},"featured_media":19441,"template":"","meta":[],"product_brand":[],"product_cat":[450,236,522],"product_tag":[],"class_list":{"0":"post-19277","1":"product","2":"type-product","3":"status-publish","4":"has-post-thumbnail","6":"product_cat-direksiyon-sistemleri","7":"product_cat-jungheinrich","8":"product_cat-yedek-parca-jungheinrich","10":"first","11":"instock","12":"taxable","13":"shipping-taxable","14":"purchasable","15":"product-type-simple"},"_links":{"self":[{"href":"https:\/\/ceoparts.com\/tr\/wp-json\/wp\/v2\/product\/19277","targetHints":{"allow":["GET"]}}],"collection":[{"href":"https:\/\/ceoparts.com\/tr\/wp-json\/wp\/v2\/product"}],"about":[{"href":"https:\/\/ceoparts.com\/tr\/wp-json\/wp\/v2\/types\/product"}],"wp:featuredmedia":[{"embeddable":true,"href":"https:\/\/ceoparts.com\/tr\/wp-json\/wp\/v2\/media\/19441"}],"wp:attachment":[{"href":"https:\/\/ceoparts.com\/tr\/wp-json\/wp\/v2\/media?parent=19277"}],"wp:term":[{"taxonomy":"product_brand","embeddable":true,"href":"https:\/\/ceoparts.com\/tr\/wp-json\/wp\/v2\/product_brand?post=19277"},{"taxonomy":"product_cat","embeddable":true,"href":"https:\/\/ceoparts.com\/tr\/wp-json\/wp\/v2\/product_cat?post=19277"},{"taxonomy":"product_tag","embeddable":true,"href":"https:\/\/ceoparts.com\/tr\/wp-json\/wp\/v2\/product_tag?post=19277"}],"curies":[{"name":"wp","href":"https:\/\/api.w.org\/{rel}","templated":true}]}}